{"id":6735,"date":"2021-11-16T14:19:28","date_gmt":"2021-11-16T13:19:28","guid":{"rendered":"https:\/\/rush-hour-berlin.de\/vip-packages\/"},"modified":"2024-02-28T10:41:07","modified_gmt":"2024-02-28T09:41:07","slug":"vip-paketler","status":"publish","type":"page","link":"https:\/\/rush-hour-berlin.de\/tr\/vip-paketler\/","title":{"rendered":"VIP-Paketler"},"content":{"rendered":"<style type=\"text\/css\"> \n#cmsmasters_row_69e0c376390c32_32307764 { \n\tbackground-image: url(https:\/\/rush-hour-berlin.de\/wp-content\/uploads\/2024\/01\/rush-pattern-2.png); \n\tbackground-position: top center; \n\tbackground-repeat: repeat; \n\tbackground-attachment: scroll; \n\tbackground-size: auto; \n} \n\n#cmsmasters_row_69e0c376390c32_32307764 .cmsmasters_row_outer_parent { \n\tpadding-top: 0px; \n} \n\n#cmsmasters_row_69e0c376390c32_32307764 .cmsmasters_row_outer_parent { \n\tpadding-bottom: 50px; \n} \n\n \n#cmsmasters_divider_69e0c3763752c3_00131463 { \n\tborder-bottom-width:0px; \n\tborder-bottom-style:solid; \n\tpadding-top:50px; \n\tmargin-bottom:0px; \n} \n \n#cmsmasters_heading_69e0c376378197_97936883 { \n\ttext-align:center; \n\tmargin-top:0px; \n\tmargin-bottom:20px; \n} \n\n#cmsmasters_heading_69e0c376378197_97936883 .cmsmasters_heading { \n\ttext-align:center; \n} \n\n#cmsmasters_heading_69e0c376378197_97936883 .cmsmasters_heading, #cmsmasters_heading_69e0c376378197_97936883 .cmsmasters_heading a { \n\tfont-weight:bold; \n\tfont-style:normal; \n} \n\n#cmsmasters_heading_69e0c376378197_97936883 .cmsmasters_heading_divider { \n} \n\n \n#cmsmasters_heading_69e0c3763832c1_46640710 { \n\ttext-align:center; \n\tmargin-top:0px; \n\tmargin-bottom:20px; \n} \n\n#cmsmasters_heading_69e0c3763832c1_46640710 .cmsmasters_heading { \n\ttext-align:center; \n} \n\n#cmsmasters_heading_69e0c3763832c1_46640710 .cmsmasters_heading, #cmsmasters_heading_69e0c3763832c1_46640710 .cmsmasters_heading a { \n\tfont-weight:bold; \n\tfont-style:normal; \n} \n\n#cmsmasters_heading_69e0c3763832c1_46640710 .cmsmasters_heading_divider { \n} \n\n \n#cmsmasters_divider_69e0c3763862e0_08588193 { \n\tborder-bottom-width:0px; \n\tborder-bottom-style:solid; \n\tpadding-top:50px; \n\tmargin-bottom:0px; \n} \n \n#cmsmasters_heading_69e0c376387152_21771018 { \n\ttext-align:center; \n\tmargin-top:0px; \n\tmargin-bottom:20px; \n} \n\n#cmsmasters_heading_69e0c376387152_21771018 .cmsmasters_heading { \n\ttext-align:center; \n} \n\n#cmsmasters_heading_69e0c376387152_21771018 .cmsmasters_heading, #cmsmasters_heading_69e0c376387152_21771018 .cmsmasters_heading a { \n\tfont-weight:bold; \n\tfont-style:normal; \n} \n\n#cmsmasters_heading_69e0c376387152_21771018 .cmsmasters_heading_divider { \n} \n\n \n#cmsmasters_heading_69e0c37638cd65_22404970 { \n\ttext-align:center; \n\tmargin-top:0px; \n\tmargin-bottom:20px; \n} \n\n#cmsmasters_heading_69e0c37638cd65_22404970 .cmsmasters_heading { \n\ttext-align:center; \n} \n\n#cmsmasters_heading_69e0c37638cd65_22404970 .cmsmasters_heading, #cmsmasters_heading_69e0c37638cd65_22404970 .cmsmasters_heading a { \n\tfont-weight:bold; \n\tfont-style:normal; \n} \n\n#cmsmasters_heading_69e0c37638cd65_22404970 .cmsmasters_heading_divider { \n} \n\n \n#cmsmasters_divider_69e0c3763908f6_96390375 { \n\tborder-bottom-width:0px; \n\tborder-bottom-style:solid; \n\tpadding-top:50px; \n\tmargin-bottom:0px; \n} \n \n#cmsmasters_heading_69e0c3763932c3_68960423 { \n\ttext-align:center; \n\tmargin-top:0px; \n\tmargin-bottom:20px; \n} \n\n#cmsmasters_heading_69e0c3763932c3_68960423 .cmsmasters_heading { \n\ttext-align:center; \n} \n\n#cmsmasters_heading_69e0c3763932c3_68960423 .cmsmasters_heading, #cmsmasters_heading_69e0c3763932c3_68960423 .cmsmasters_heading a { \n\tfont-weight:bold; \n\tfont-style:normal; \n} \n\n#cmsmasters_heading_69e0c3763932c3_68960423 .cmsmasters_heading_divider { \n} \n\n<\/style><div id=\"cmsmasters_row_69e0c376390c32_32307764\" class=\"cmsmasters_row cmsmasters_color_scheme_default cmsmasters_row_top_default cmsmasters_row_bot_default cmsmasters_row_boxed\">\n<div class=\"cmsmasters_row_outer_parent\">\n<div class=\"cmsmasters_row_outer\">\n<div class=\"cmsmasters_row_inner\">\n<div class=\"cmsmasters_row_margin\">\n<div class=\"cmsmasters_column one_first\">\n\n<div id=\"cmsmasters_divider_69e0c3763752c3_00131463\" class=\"cl\"><\/div>\n<\/div>\n<\/div>\n<\/div>\n<div class=\"cmsmasters_row_inner\">\n<div class=\"cmsmasters_row_margin\">\n<div class=\"cmsmasters_column one_half\">\n\n<div id=\"cmsmasters_heading_69e0c376378197_97936883\" class=\"cmsmasters_heading_wrap cmsmasters_heading_align_center\">\n\t<h2 class=\"cmsmasters_heading\">S\u0131cak \u00c7ift Paketi. Paket De\u011feri \u20ac436,- \u015eimdi \u20ac296,-<\/h2>\n<\/div><div class=\"aligncenter\">\n<div class=\"cmsmasters_img  cmsmasters_image_c\" data-animation=\"fadeIn\" data-delay=\"0\">\n<a href=\"https:\/\/form.jotform.com\/213352076863356?pack=1000\"><img decoding=\"async\" src=\"https:\/\/rush-hour-berlin.de\/wp-content\/uploads\/2022\/01\/pack-hot-couple.jpg\" alt=\"RUSH HOUR VIP PAKET 1\" \/><\/a>\n<\/div>\n<\/div>\n<div class=\"cmsmasters_text\">\n<p>&nbsp;<\/p>\n<p class=\"p1\" style=\"text-align: center;\">VIP Giri\u015fi 2 Ki\u015fiye Kadar, 2 Uzun \u0130\u00e7ecek, 1 \u015ei\u015fe Mo\u00ebt &amp; Chandon Brut \u015eampanya 0.75 L, Danslar \u0130\u00e7in 40 $&#8217;l\u0131k \u015eerit Dolar\u0131<br \/>\n.<\/p>\n<\/div>\n<div class=\"aligncenter\">\n<div class=\"cmsmasters_img  cmsmasters_image_c\">\n<a href=\"https:\/\/form.jotform.com\/213352076863356?pack%5B%5D%5Bid%5D=1000\" target=\"_blank\"><img decoding=\"async\" src=\"https:\/\/rush-hour-berlin.de\/wp-content\/uploads\/2024\/02\/Satin-Al.png\" alt=\"Sat\u0131n Al\" \/><\/a>\n<\/div>\n<\/div>\n<\/div>\n<div class=\"cmsmasters_column one_half\">\n\n<div id=\"cmsmasters_heading_69e0c3763832c1_46640710\" class=\"cmsmasters_heading_wrap cmsmasters_heading_align_center\">\n\t<h2 class=\"cmsmasters_heading\">Beyler Paketi. Paket De\u011feri \u20ac800,- \u015eimdi \u20ac540,-<\/h2>\n<\/div><div class=\"aligncenter\">\n<div class=\"cmsmasters_img  cmsmasters_image_c\" data-animation=\"fadeIn\" data-delay=\"0\">\n<a href=\"https:\/\/form.jotform.com\/213352076863356?pack=1001\"><img decoding=\"async\" src=\"https:\/\/rush-hour-berlin.de\/wp-content\/uploads\/2022\/01\/pack-gentlemen.jpg\" alt=\"RUSH HOUR VIP PAKET 2\" \/><\/a>\n<\/div>\n<\/div>\n<div class=\"cmsmasters_text\">\n<p>&nbsp;<\/p>\n<p class=\"p1\" style=\"text-align: center;\">4 Konu\u011fa Kadar VIP Giri\u015fi, 1 Premium \u0130\u00e7ki \u015ei\u015fesi 0,7 L + Kar\u0131\u015ft\u0131r\u0131c\u0131, 1 Mo\u00ebt &amp; Chandon Ros\u00e9 \u015eampanya \u015ei\u015fesi 0,75 L, Danslar i\u00e7in 70 Dolar Strip Paras\u0131, VIP Masa.<\/p>\n<\/div>\n<div class=\"aligncenter\">\n<div class=\"cmsmasters_img  cmsmasters_image_c\">\n<a href=\"https:\/\/form.jotform.com\/213352076863356?pack%5B%5D%5Bid%5D=1001\" target=\"_blank\"><img decoding=\"async\" src=\"https:\/\/rush-hour-berlin.de\/wp-content\/uploads\/2024\/02\/Satin-Al.png\" alt=\"Sat\u0131n Al\" \/><\/a>\n<\/div>\n<\/div>\n<\/div>\n<\/div>\n<\/div>\n<div class=\"cmsmasters_row_inner\">\n<div class=\"cmsmasters_row_margin\">\n<div class=\"cmsmasters_column one_first\">\n\n<div id=\"cmsmasters_divider_69e0c3763862e0_08588193\" class=\"cl\"><\/div>\n<\/div>\n<\/div>\n<\/div>\n<div class=\"cmsmasters_row_inner\">\n<div class=\"cmsmasters_row_margin\">\n<div class=\"cmsmasters_column one_half\">\n\n<div id=\"cmsmasters_heading_69e0c376387152_21771018\" class=\"cmsmasters_heading_wrap cmsmasters_heading_align_center\">\n\t<h2 class=\"cmsmasters_heading\">Parti &amp; Zevk. Paket De\u011feri \u20ac890,- \u015eimdi \u20ac610,-<\/h2>\n<\/div><div class=\"aligncenter\">\n<div class=\"cmsmasters_img  cmsmasters_image_c\" data-animation=\"fadeIn\" data-delay=\"0\">\n<img decoding=\"async\" src=\"https:\/\/rush-hour-berlin.de\/wp-content\/uploads\/2023\/05\/pack-pleasure-2.jpg\" alt=\"Party &amp; pleasure\" \/>\n<\/div>\n<\/div>\n<div class=\"cmsmasters_text\">\n<p>&nbsp;<\/p>\n<p class=\"p1\" style=\"text-align: center;\">4 Misafire Kadar VIP Giri\u015f, 1 Premium Alkol 0.7 L + Alkols\u00fcz \u0130\u00e7ecekler, 1 Mo\u00ebt &amp; Chandon Ice \u015eampanya \u015ei\u015fesi 0.75 L, Danslar \u0130\u00e7in 80 Dolarl\u0131k Strip Dolar\u0131, VIP Masa.<\/p>\n<\/div>\n<div class=\"aligncenter\">\n<div class=\"cmsmasters_img  cmsmasters_image_c\">\n<a href=\"https:\/\/form.jotform.com\/213352076863356?pack%5B%5D%5Bid%5D=1002\" target=\"_blank\"><img decoding=\"async\" src=\"https:\/\/rush-hour-berlin.de\/wp-content\/uploads\/2024\/02\/Satin-Al.png\" alt=\"Sat\u0131n Al\" \/><\/a>\n<\/div>\n<\/div>\n<\/div>\n<div class=\"cmsmasters_column one_half\">\n\n<div id=\"cmsmasters_heading_69e0c37638cd65_22404970\" class=\"cmsmasters_heading_wrap cmsmasters_heading_align_center\">\n\t<h2 class=\"cmsmasters_heading\">Ak\u015famdan Kalma Paketi. Paket De\u011feri \u20ac1290,- \u015eimdi \u20ac910,-<\/h2>\n<\/div><div class=\"aligncenter\">\n<div class=\"cmsmasters_img  cmsmasters_image_c\" data-animation=\"fadeIn\" data-delay=\"0\">\n<a href=\"https:\/\/form.jotform.com\/213352076863356?pack=1003\"><img decoding=\"async\" src=\"https:\/\/rush-hour-berlin.de\/wp-content\/uploads\/2022\/01\/pack-hangover.jpg\" alt=\"RUSH HOUR VIP PAKET 4\" \/><\/a>\n<\/div>\n<\/div>\n<div class=\"cmsmasters_text\">\n<p>&nbsp;<\/p>\n<p class=\"p1\" style=\"text-align: center;\">6 Misafire Kadar VIP Giri\u015fi, 2 Premium \u0130\u00e7ki \u015ei\u015fesi 0.7 L + Yumu\u015fak \u0130\u00e7ecekler, 1 Mo\u00ebt &amp; Chandon Brut \u015eampanya \u015ei\u015fesi 0.75 L, G\u00f6n\u00fcll\u00fc ile Sahne \u015eovu, 100 Dolarl\u0131k Striptiz Dolar\u0131.<\/p>\n<\/div>\n<div class=\"aligncenter\">\n<div class=\"cmsmasters_img  cmsmasters_image_c\">\n<a href=\"https:\/\/form.jotform.com\/213352076863356?pack%5B%5D%5Bid%5D=1003\" target=\"_blank\"><img decoding=\"async\" src=\"https:\/\/rush-hour-berlin.de\/wp-content\/uploads\/2024\/02\/Satin-Al.png\" alt=\"Sat\u0131n Al\" \/><\/a>\n<\/div>\n<\/div>\n<\/div>\n<\/div>\n<\/div>\n<div class=\"cmsmasters_row_inner\">\n<div class=\"cmsmasters_row_margin\">\n<div class=\"cmsmasters_column one_first\">\n\n<div id=\"cmsmasters_divider_69e0c3763908f6_96390375\" class=\"cl\"><\/div>\n<\/div>\n<\/div>\n<\/div>\n<div class=\"cmsmasters_row_inner\">\n<div class=\"cmsmasters_row_margin\">\n<div class=\"cmsmasters_column one_half\">\n\n<div id=\"cmsmasters_heading_69e0c3763932c3_68960423\" class=\"cmsmasters_heading_wrap cmsmasters_heading_align_center\">\n\t<h2 class=\"cmsmasters_heading\">High Roller VIP Paketi. Paket De\u011feri \u20ac1750,- \u015eimdi \u20ac1220,-<\/h2>\n<\/div><div class=\"aligncenter\">\n<div class=\"cmsmasters_img  cmsmasters_image_c\" data-animation=\"fadeIn\" data-delay=\"0\">\n<img decoding=\"async\" src=\"https:\/\/rush-hour-berlin.de\/wp-content\/uploads\/2022\/01\/pack-high-roller.jpg\" alt=\"RUSH HOUR VIP PAKET 5\" \/>\n<\/div>\n<\/div>\n<div class=\"cmsmasters_text\">\n<p>&nbsp;<\/p>\n<p class=\"p1\" style=\"text-align: center;\">6 Konuk i\u00e7in VIP Giri\u015fi, 2 Premium \u0130\u00e7ki \u015ei\u015fesi 0,7 L + Alkols\u00fcz \u0130\u00e7ecekler, 2 Mo\u00ebt &amp; Chandon Ice \u015eampanya \u015ei\u015fesi 0.75 L, 1 Ki\u015fi i\u00e7in 1 \u00d6zel Dans, 100 Dolarl\u0131k Strip Dolar\u0131. EN \u0130Y\u0130 MASA!<\/p>\n<\/div>\n<div class=\"aligncenter\">\n<div class=\"cmsmasters_img  cmsmasters_image_c\">\n<a href=\"https:\/\/form.jotform.com\/213352076863356?pack%5B%5D%5Bid%5D=1004\" target=\"_blank\"><img decoding=\"async\" src=\"https:\/\/rush-hour-berlin.de\/wp-content\/uploads\/2024\/02\/Satin-Al.png\" alt=\"Sat\u0131n Al\" \/><\/a>\n<\/div>\n<\/div>\n<\/div>\n<div class=\"cmsmasters_column one_half\">\n<\/div>\n<\/div>\n<\/div>\n<\/div>\n<\/div>\n<\/div>\n\n","protected":false},"excerpt":{"rendered":"","protected":false},"author":1,"featured_media":9383,"parent":0,"menu_order":0,"comment_status":"closed","ping_status":"closed","template":"","meta":{"_monsterinsights_skip_tracking":false,"_monsterinsights_sitenote_active":false,"_monsterinsights_sitenote_note":"","_monsterinsights_sitenote_category":0,"footnotes":""},"class_list":["post-6735","page","type-page","status-publish","has-post-thumbnail","hentry"],"yoast_head":"<!-- This site is optimized with the Yoast SEO plugin v27.3 - https:\/\/yoast.com\/product\/yoast-seo-wordpress\/ -->\n<title>VIP-Paketler - Rush Hour striptiz k\u00fcl\u00fcb\u00fc Berlin<\/title>\n<meta name=\"robots\" content=\"index, follow, max-snippet:-1, max-image-preview:large, max-video-preview:-1\" \/>\n<link rel=\"canonical\" href=\"https:\/\/rush-hour-berlin.de\/tr\/vip-paketler\/\" \/>\n<meta property=\"og:locale\" content=\"tr_TR\" \/>\n<meta property=\"og:type\" content=\"article\" \/>\n<meta property=\"og:title\" content=\"VIP-Paketler - Rush Hour striptiz k\u00fcl\u00fcb\u00fc Berlin\" \/>\n<meta property=\"og:url\" content=\"https:\/\/rush-hour-berlin.de\/tr\/vip-paketler\/\" \/>\n<meta property=\"og:site_name\" content=\"Rush Hour striptiz k\u00fcl\u00fcb\u00fc Berlin\" \/>\n<meta property=\"article:publisher\" content=\"https:\/\/www.facebook.com\/rushhourberlin\/\" \/>\n<meta property=\"article:modified_time\" content=\"2024-02-28T09:41:07+00:00\" \/>\n<meta property=\"og:image\" content=\"https:\/\/rush-hour-berlin.de\/wp-content\/uploads\/2022\/10\/vip.jpg\" \/>\n\t<meta property=\"og:image:width\" content=\"2000\" \/>\n\t<meta property=\"og:image:height\" content=\"1000\" \/>\n\t<meta property=\"og:image:type\" content=\"image\/jpeg\" \/>\n<meta name=\"twitter:card\" content=\"summary_large_image\" \/>\n<meta name=\"twitter:label1\" content=\"Tahmini okuma s\u00fcresi\" \/>\n\t<meta name=\"twitter:data1\" content=\"2 dakika\" \/>\n<script type=\"application\/ld+json\" class=\"yoast-schema-graph\">{\"@context\":\"https:\\\/\\\/schema.org\",\"@graph\":[{\"@type\":\"WebPage\",\"@id\":\"https:\\\/\\\/rush-hour-berlin.de\\\/tr\\\/vip-paketler\\\/\",\"url\":\"https:\\\/\\\/rush-hour-berlin.de\\\/tr\\\/vip-paketler\\\/\",\"name\":\"VIP-Paketler - Rush Hour striptiz k\u00fcl\u00fcb\u00fc Berlin\",\"isPartOf\":{\"@id\":\"https:\\\/\\\/rush-hour-berlin.de\\\/tr\\\/#website\"},\"primaryImageOfPage\":{\"@id\":\"https:\\\/\\\/rush-hour-berlin.de\\\/tr\\\/vip-paketler\\\/#primaryimage\"},\"image\":{\"@id\":\"https:\\\/\\\/rush-hour-berlin.de\\\/tr\\\/vip-paketler\\\/#primaryimage\"},\"thumbnailUrl\":\"https:\\\/\\\/rush-hour-berlin.de\\\/wp-content\\\/uploads\\\/2022\\\/10\\\/vip.jpg\",\"datePublished\":\"2021-11-16T13:19:28+00:00\",\"dateModified\":\"2024-02-28T09:41:07+00:00\",\"breadcrumb\":{\"@id\":\"https:\\\/\\\/rush-hour-berlin.de\\\/tr\\\/vip-paketler\\\/#breadcrumb\"},\"inLanguage\":\"tr\",\"potentialAction\":[{\"@type\":\"ReadAction\",\"target\":[\"https:\\\/\\\/rush-hour-berlin.de\\\/tr\\\/vip-paketler\\\/\"]}]},{\"@type\":\"ImageObject\",\"inLanguage\":\"tr\",\"@id\":\"https:\\\/\\\/rush-hour-berlin.de\\\/tr\\\/vip-paketler\\\/#primaryimage\",\"url\":\"https:\\\/\\\/rush-hour-berlin.de\\\/wp-content\\\/uploads\\\/2022\\\/10\\\/vip.jpg\",\"contentUrl\":\"https:\\\/\\\/rush-hour-berlin.de\\\/wp-content\\\/uploads\\\/2022\\\/10\\\/vip.jpg\",\"width\":2000,\"height\":1000,\"caption\":\"VIP Tisch\"},{\"@type\":\"BreadcrumbList\",\"@id\":\"https:\\\/\\\/rush-hour-berlin.de\\\/tr\\\/vip-paketler\\\/#breadcrumb\",\"itemListElement\":[{\"@type\":\"ListItem\",\"position\":1,\"name\":\"Startseite\",\"item\":\"https:\\\/\\\/rush-hour-berlin.de\\\/tr\\\/\"},{\"@type\":\"ListItem\",\"position\":2,\"name\":\"VIP-Paketler\"}]},{\"@type\":\"WebSite\",\"@id\":\"https:\\\/\\\/rush-hour-berlin.de\\\/tr\\\/#website\",\"url\":\"https:\\\/\\\/rush-hour-berlin.de\\\/tr\\\/\",\"name\":\"Rush Hour Tabledance Berlin\",\"description\":\"Gece kul\u00fcb\u00fc Berlin\",\"publisher\":{\"@id\":\"https:\\\/\\\/rush-hour-berlin.de\\\/tr\\\/#organization\"},\"potentialAction\":[{\"@type\":\"SearchAction\",\"target\":{\"@type\":\"EntryPoint\",\"urlTemplate\":\"https:\\\/\\\/rush-hour-berlin.de\\\/tr\\\/?s={search_term_string}\"},\"query-input\":{\"@type\":\"PropertyValueSpecification\",\"valueRequired\":true,\"valueName\":\"search_term_string\"}}],\"inLanguage\":\"tr\"},{\"@type\":\"Organization\",\"@id\":\"https:\\\/\\\/rush-hour-berlin.de\\\/tr\\\/#organization\",\"name\":\"Rush Hour\",\"url\":\"https:\\\/\\\/rush-hour-berlin.de\\\/tr\\\/\",\"logo\":{\"@type\":\"ImageObject\",\"inLanguage\":\"tr\",\"@id\":\"https:\\\/\\\/rush-hour-berlin.de\\\/tr\\\/#\\\/schema\\\/logo\\\/image\\\/\",\"url\":\"https:\\\/\\\/rush-hour-berlin.de\\\/wp-content\\\/uploads\\\/2024\\\/02\\\/logo-retina.png\",\"contentUrl\":\"https:\\\/\\\/rush-hour-berlin.de\\\/wp-content\\\/uploads\\\/2024\\\/02\\\/logo-retina.png\",\"width\":514,\"height\":127,\"caption\":\"Rush Hour\"},\"image\":{\"@id\":\"https:\\\/\\\/rush-hour-berlin.de\\\/tr\\\/#\\\/schema\\\/logo\\\/image\\\/\"},\"sameAs\":[\"https:\\\/\\\/www.facebook.com\\\/rushhourberlin\\\/\"]}]}<\/script>\n<!-- \/ Yoast SEO plugin. -->","yoast_head_json":{"title":"VIP-Paketler - Rush Hour striptiz k\u00fcl\u00fcb\u00fc Berlin","robots":{"index":"index","follow":"follow","max-snippet":"max-snippet:-1","max-image-preview":"max-image-preview:large","max-video-preview":"max-video-preview:-1"},"canonical":"https:\/\/rush-hour-berlin.de\/tr\/vip-paketler\/","og_locale":"tr_TR","og_type":"article","og_title":"VIP-Paketler - Rush Hour striptiz k\u00fcl\u00fcb\u00fc Berlin","og_url":"https:\/\/rush-hour-berlin.de\/tr\/vip-paketler\/","og_site_name":"Rush Hour striptiz k\u00fcl\u00fcb\u00fc Berlin","article_publisher":"https:\/\/www.facebook.com\/rushhourberlin\/","article_modified_time":"2024-02-28T09:41:07+00:00","og_image":[{"width":2000,"height":1000,"url":"https:\/\/rush-hour-berlin.de\/wp-content\/uploads\/2022\/10\/vip.jpg","type":"image\/jpeg"}],"twitter_card":"summary_large_image","twitter_misc":{"Tahmini okuma s\u00fcresi":"2 dakika"},"schema":{"@context":"https:\/\/schema.org","@graph":[{"@type":"WebPage","@id":"https:\/\/rush-hour-berlin.de\/tr\/vip-paketler\/","url":"https:\/\/rush-hour-berlin.de\/tr\/vip-paketler\/","name":"VIP-Paketler - Rush Hour striptiz k\u00fcl\u00fcb\u00fc Berlin","isPartOf":{"@id":"https:\/\/rush-hour-berlin.de\/tr\/#website"},"primaryImageOfPage":{"@id":"https:\/\/rush-hour-berlin.de\/tr\/vip-paketler\/#primaryimage"},"image":{"@id":"https:\/\/rush-hour-berlin.de\/tr\/vip-paketler\/#primaryimage"},"thumbnailUrl":"https:\/\/rush-hour-berlin.de\/wp-content\/uploads\/2022\/10\/vip.jpg","datePublished":"2021-11-16T13:19:28+00:00","dateModified":"2024-02-28T09:41:07+00:00","breadcrumb":{"@id":"https:\/\/rush-hour-berlin.de\/tr\/vip-paketler\/#breadcrumb"},"inLanguage":"tr","potentialAction":[{"@type":"ReadAction","target":["https:\/\/rush-hour-berlin.de\/tr\/vip-paketler\/"]}]},{"@type":"ImageObject","inLanguage":"tr","@id":"https:\/\/rush-hour-berlin.de\/tr\/vip-paketler\/#primaryimage","url":"https:\/\/rush-hour-berlin.de\/wp-content\/uploads\/2022\/10\/vip.jpg","contentUrl":"https:\/\/rush-hour-berlin.de\/wp-content\/uploads\/2022\/10\/vip.jpg","width":2000,"height":1000,"caption":"VIP Tisch"},{"@type":"BreadcrumbList","@id":"https:\/\/rush-hour-berlin.de\/tr\/vip-paketler\/#breadcrumb","itemListElement":[{"@type":"ListItem","position":1,"name":"Startseite","item":"https:\/\/rush-hour-berlin.de\/tr\/"},{"@type":"ListItem","position":2,"name":"VIP-Paketler"}]},{"@type":"WebSite","@id":"https:\/\/rush-hour-berlin.de\/tr\/#website","url":"https:\/\/rush-hour-berlin.de\/tr\/","name":"Rush Hour Tabledance Berlin","description":"Gece kul\u00fcb\u00fc Berlin","publisher":{"@id":"https:\/\/rush-hour-berlin.de\/tr\/#organization"},"potentialAction":[{"@type":"SearchAction","target":{"@type":"EntryPoint","urlTemplate":"https:\/\/rush-hour-berlin.de\/tr\/?s={search_term_string}"},"query-input":{"@type":"PropertyValueSpecification","valueRequired":true,"valueName":"search_term_string"}}],"inLanguage":"tr"},{"@type":"Organization","@id":"https:\/\/rush-hour-berlin.de\/tr\/#organization","name":"Rush Hour","url":"https:\/\/rush-hour-berlin.de\/tr\/","logo":{"@type":"ImageObject","inLanguage":"tr","@id":"https:\/\/rush-hour-berlin.de\/tr\/#\/schema\/logo\/image\/","url":"https:\/\/rush-hour-berlin.de\/wp-content\/uploads\/2024\/02\/logo-retina.png","contentUrl":"https:\/\/rush-hour-berlin.de\/wp-content\/uploads\/2024\/02\/logo-retina.png","width":514,"height":127,"caption":"Rush Hour"},"image":{"@id":"https:\/\/rush-hour-berlin.de\/tr\/#\/schema\/logo\/image\/"},"sameAs":["https:\/\/www.facebook.com\/rushhourberlin\/"]}]}},"_links":{"self":[{"href":"https:\/\/rush-hour-berlin.de\/tr\/wp-json\/wp\/v2\/pages\/6735","targetHints":{"allow":["GET"]}}],"collection":[{"href":"https:\/\/rush-hour-berlin.de\/tr\/wp-json\/wp\/v2\/pages"}],"about":[{"href":"https:\/\/rush-hour-berlin.de\/tr\/wp-json\/wp\/v2\/types\/page"}],"author":[{"embeddable":true,"href":"https:\/\/rush-hour-berlin.de\/tr\/wp-json\/wp\/v2\/users\/1"}],"replies":[{"embeddable":true,"href":"https:\/\/rush-hour-berlin.de\/tr\/wp-json\/wp\/v2\/comments?post=6735"}],"version-history":[{"count":13,"href":"https:\/\/rush-hour-berlin.de\/tr\/wp-json\/wp\/v2\/pages\/6735\/revisions"}],"predecessor-version":[{"id":13993,"href":"https:\/\/rush-hour-berlin.de\/tr\/wp-json\/wp\/v2\/pages\/6735\/revisions\/13993"}],"wp:featuredmedia":[{"embeddable":true,"href":"https:\/\/rush-hour-berlin.de\/tr\/wp-json\/wp\/v2\/media\/9383"}],"wp:attachment":[{"href":"https:\/\/rush-hour-berlin.de\/tr\/wp-json\/wp\/v2\/media?parent=6735"}],"curies":[{"name":"wp","href":"https:\/\/api.w.org\/{rel}","templated":true}]}}