{"id":3068,"date":"2020-04-21T13:02:16","date_gmt":"2020-04-21T11:02:16","guid":{"rendered":"https:\/\/rush-hour-berlin.de\/impressum\/"},"modified":"2024-02-28T09:09:33","modified_gmt":"2024-02-28T08:09:33","slug":"damga","status":"publish","type":"page","link":"https:\/\/rush-hour-berlin.de\/tr\/damga\/","title":{"rendered":"Damga"},"content":{"rendered":"<style type=\"text\/css\"> \n#cmsmasters_row_69e7d9291ee953_68712741 .cmsmasters_row_outer_parent { \n\tpadding-top: 0px; \n} \n\n#cmsmasters_row_69e7d9291ee953_68712741 .cmsmasters_row_outer_parent { \n\tpadding-bottom: 50px; \n} \n\n<\/style><div id=\"cmsmasters_row_69e7d9291ee953_68712741\" class=\"cmsmasters_row cmsmasters_color_scheme_default cmsmasters_row_top_default cmsmasters_row_bot_default cmsmasters_row_boxed\">\n<div class=\"cmsmasters_row_outer_parent\">\n<div class=\"cmsmasters_row_outer\">\n<div class=\"cmsmasters_row_inner\">\n<div class=\"cmsmasters_row_margin\">\n<div class=\"cmsmasters_column one_first\">\n<div class=\"cmsmasters_text\">\n<div class=\"art-postcontent clearfix\">\n<div class=\"art-article\">\n<div>\n<div>\n<div class=\"art-postcontent clearfix\">\n<div class=\"art-article\">\n<div class=\"itemHeader\">\n<h2 class=\"itemTitle\">Rush-Hour kul\u00fcp Belin<\/h2>\n<\/div>\n<div class=\"itemToolbar\">\u0130\u015fletme M\u00fcd\u00fcr\u00fc: Sarah-Fleur Karaca<br \/>\nTrautenaustra\u00dfe 23<br \/>\n10717 Berlin<\/div>\n<div class=\"itemBody\">\n<div class=\"itemFullText\">\n<p>Telefon: +49 (0) 178 \/ 7861694<br \/>\nE-posta adresi: <span id=\"cloaka52465808aa6ac06e40841e69e3a9642\"><a href=\"mailto:info@rush-hour-berlin.de\">info@rush-hour-berlin.de<\/a><\/span><\/p>\n<p>Gelir vergisi kanunu \u00a7 27 a &#8216;ya g\u00f6re gelir vergisi numaras\u0131: 24\/374\/63865<br \/>\n\u0130\u00e7erik sorumlusu (\u00a7 6 MDStV Kanununa g\u00f6re): Sarah-Fleur-Karaca<\/p>\n<p>DSGVO <a href=\"https:\/\/rush-hour-berlin.de\/tr\/veri-koruma\/\">Veri koruma<\/a><\/p>\n<hr \/>\n<h3>Yasal uyar\u0131<\/h3>\n<p>Rush Hour Berlin, web sitesinde ilgili bilgi ve verileri sa\u011flamaya \u00e7al\u0131\u015f\u0131r. Sunulan bilgi ve verilerin g\u00fcncelli\u011fi, do\u011frulu\u011fu ve b\u00fct\u00fcnl\u00fc\u011f\u00fc i\u00e7in bir sorumluluk veya garanti hari\u00e7 tutulmu\u015ftur. Bu ayn\u0131 zamanda, bir k\u00f6pr\u00fc arac\u0131l\u0131\u011f\u0131yla referans yap\u0131lan do\u011frudan veya dolayl\u0131 olarak listelenen di\u011fer t\u00fcm web siteleri i\u00e7in de ge\u00e7erlidir. Rush Hour Berlin, bu ba\u011flant\u0131larla eri\u015filebilen bu t\u00fcr web sitelerinin i\u00e7eri\u011finden de\u011fil, yaln\u0131zca www.rush-hour-berlin.de alan ad\u0131ndaki HTML belgelerinin ve resimlerin i\u00e7eri\u011finden sorumludur.<\/p>\n<p>Buna ek olarak, Rush Hour Berlin, bu web sitesinde bulunan bilgilerin veya verilerin kullan\u0131m\u0131ndan kaynaklanan k\u00e2r kayb\u0131 dahil do\u011frudan veya dolayl\u0131 hasarlardan sorumlu de\u011fildir.<br \/>\nRush Hour Berlin ile bu web sitesinin kullan\u0131c\u0131s\u0131 veya \u00fc\u00e7\u00fcnc\u00fc \u015fah\u0131slar aras\u0131ndaki hak ve y\u00fck\u00fcml\u00fcl\u00fckler de hari\u00e7 tutulmu\u015ftur. Rush Hour Berlin, sa\u011flanan bilgi veya veriler \u00fczerinde \u00f6nceden haber vermeksizin de\u011fi\u015fiklik yapma veya ekleme hakk\u0131n\u0131 sakl\u0131 tutar.<\/p>\n<p><strong>ek:<\/strong><br \/>\nGereksiz yasal ihtilaflar\u0131 ve bunlarla ilgili maliyetleri \u00f6nlemek i\u00e7in, burada mevcut olan halkla ileti\u015fim se\u00e7eneklerini kullanarak rekabet hukuku ile ilgili sorunlar olmas\u0131 durumunda l\u00fctfen \u00f6nceden bizimle ileti\u015fime ge\u00e7in. Bu \u00f6nlemle, kanuna uygun olarak zarar\u0131 azaltma y\u00fck\u00fcml\u00fcl\u00fc\u011f\u00fcn\u00fcze uyuyorsunuz. Burada bulunan ileti\u015fim se\u00e7eneklerini kullanarak \u00f6nceden \u201cRush Hour Berlin\u201d ile ileti\u015fim kurmazsan\u0131z, yasal uyar\u0131lar\u0131n maliyeti, zarar\u0131 azaltma y\u00fck\u00fcml\u00fcl\u00fc\u011f\u00fc anlam\u0131nda as\u0131ls\u0131z olarak reddedilecektir. Bu ba\u011flamda, hem ceza hukuku hem de medeni hukuk kapsam\u0131nda k\u00fcf\u00fcrl\u00fc uyar\u0131lar ve maliyet notlar\u0131 uygulayaca\u011f\u0131z.<\/p>\n<\/div>\n<\/div>\n<\/div>\n<\/div>\n<\/div>\n<\/div>\n<\/div>\n<\/div>\n<\/div>\n<\/div>\n<\/div>\n<\/div>\n<\/div>\n<\/div>\n<\/div>\n\n","protected":false},"excerpt":{"rendered":"","protected":false},"author":1,"featured_media":0,"parent":0,"menu_order":0,"comment_status":"closed","ping_status":"closed","template":"","meta":{"_monsterinsights_skip_tracking":false,"_monsterinsights_sitenote_active":false,"_monsterinsights_sitenote_note":"","_monsterinsights_sitenote_category":0,"footnotes":""},"class_list":["post-3068","page","type-page","status-publish","hentry"],"yoast_head":"<!-- This site is optimized with the Yoast SEO plugin v27.3 - https:\/\/yoast.com\/product\/yoast-seo-wordpress\/ -->\n<title>Damga - Rush Hour striptiz k\u00fcl\u00fcb\u00fc Berlin<\/title>\n<meta name=\"robots\" content=\"index, follow, max-snippet:-1, max-image-preview:large, max-video-preview:-1\" \/>\n<link rel=\"canonical\" href=\"https:\/\/rush-hour-berlin.de\/tr\/damga\/\" \/>\n<meta property=\"og:locale\" content=\"tr_TR\" \/>\n<meta property=\"og:type\" content=\"article\" \/>\n<meta property=\"og:title\" content=\"Damga - Rush Hour striptiz k\u00fcl\u00fcb\u00fc Berlin\" \/>\n<meta property=\"og:url\" content=\"https:\/\/rush-hour-berlin.de\/tr\/damga\/\" \/>\n<meta property=\"og:site_name\" content=\"Rush Hour striptiz k\u00fcl\u00fcb\u00fc Berlin\" \/>\n<meta property=\"article:publisher\" content=\"https:\/\/www.facebook.com\/rushhourberlin\/\" \/>\n<meta property=\"article:modified_time\" content=\"2024-02-28T08:09:33+00:00\" \/>\n<meta name=\"twitter:card\" content=\"summary_large_image\" \/>\n<meta name=\"twitter:label1\" content=\"Tahmini okuma s\u00fcresi\" \/>\n\t<meta name=\"twitter:data1\" content=\"2 dakika\" \/>\n<script type=\"application\/ld+json\" class=\"yoast-schema-graph\">{\"@context\":\"https:\\\/\\\/schema.org\",\"@graph\":[{\"@type\":\"WebPage\",\"@id\":\"https:\\\/\\\/rush-hour-berlin.de\\\/tr\\\/damga\\\/\",\"url\":\"https:\\\/\\\/rush-hour-berlin.de\\\/tr\\\/damga\\\/\",\"name\":\"Damga - Rush Hour striptiz k\u00fcl\u00fcb\u00fc Berlin\",\"isPartOf\":{\"@id\":\"https:\\\/\\\/rush-hour-berlin.de\\\/tr\\\/#website\"},\"datePublished\":\"2020-04-21T11:02:16+00:00\",\"dateModified\":\"2024-02-28T08:09:33+00:00\",\"breadcrumb\":{\"@id\":\"https:\\\/\\\/rush-hour-berlin.de\\\/tr\\\/damga\\\/#breadcrumb\"},\"inLanguage\":\"tr\",\"potentialAction\":[{\"@type\":\"ReadAction\",\"target\":[\"https:\\\/\\\/rush-hour-berlin.de\\\/tr\\\/damga\\\/\"]}]},{\"@type\":\"BreadcrumbList\",\"@id\":\"https:\\\/\\\/rush-hour-berlin.de\\\/tr\\\/damga\\\/#breadcrumb\",\"itemListElement\":[{\"@type\":\"ListItem\",\"position\":1,\"name\":\"Startseite\",\"item\":\"https:\\\/\\\/rush-hour-berlin.de\\\/tr\\\/\"},{\"@type\":\"ListItem\",\"position\":2,\"name\":\"Damga\"}]},{\"@type\":\"WebSite\",\"@id\":\"https:\\\/\\\/rush-hour-berlin.de\\\/tr\\\/#website\",\"url\":\"https:\\\/\\\/rush-hour-berlin.de\\\/tr\\\/\",\"name\":\"Rush Hour Tabledance Berlin\",\"description\":\"Gece kul\u00fcb\u00fc Berlin\",\"publisher\":{\"@id\":\"https:\\\/\\\/rush-hour-berlin.de\\\/tr\\\/#organization\"},\"potentialAction\":[{\"@type\":\"SearchAction\",\"target\":{\"@type\":\"EntryPoint\",\"urlTemplate\":\"https:\\\/\\\/rush-hour-berlin.de\\\/tr\\\/?s={search_term_string}\"},\"query-input\":{\"@type\":\"PropertyValueSpecification\",\"valueRequired\":true,\"valueName\":\"search_term_string\"}}],\"inLanguage\":\"tr\"},{\"@type\":\"Organization\",\"@id\":\"https:\\\/\\\/rush-hour-berlin.de\\\/tr\\\/#organization\",\"name\":\"Rush Hour\",\"url\":\"https:\\\/\\\/rush-hour-berlin.de\\\/tr\\\/\",\"logo\":{\"@type\":\"ImageObject\",\"inLanguage\":\"tr\",\"@id\":\"https:\\\/\\\/rush-hour-berlin.de\\\/tr\\\/#\\\/schema\\\/logo\\\/image\\\/\",\"url\":\"https:\\\/\\\/rush-hour-berlin.de\\\/wp-content\\\/uploads\\\/2024\\\/02\\\/logo-retina.png\",\"contentUrl\":\"https:\\\/\\\/rush-hour-berlin.de\\\/wp-content\\\/uploads\\\/2024\\\/02\\\/logo-retina.png\",\"width\":514,\"height\":127,\"caption\":\"Rush Hour\"},\"image\":{\"@id\":\"https:\\\/\\\/rush-hour-berlin.de\\\/tr\\\/#\\\/schema\\\/logo\\\/image\\\/\"},\"sameAs\":[\"https:\\\/\\\/www.facebook.com\\\/rushhourberlin\\\/\"]}]}<\/script>\n<!-- \/ Yoast SEO plugin. -->","yoast_head_json":{"title":"Damga - Rush Hour striptiz k\u00fcl\u00fcb\u00fc Berlin","robots":{"index":"index","follow":"follow","max-snippet":"max-snippet:-1","max-image-preview":"max-image-preview:large","max-video-preview":"max-video-preview:-1"},"canonical":"https:\/\/rush-hour-berlin.de\/tr\/damga\/","og_locale":"tr_TR","og_type":"article","og_title":"Damga - Rush Hour striptiz k\u00fcl\u00fcb\u00fc Berlin","og_url":"https:\/\/rush-hour-berlin.de\/tr\/damga\/","og_site_name":"Rush Hour striptiz k\u00fcl\u00fcb\u00fc Berlin","article_publisher":"https:\/\/www.facebook.com\/rushhourberlin\/","article_modified_time":"2024-02-28T08:09:33+00:00","twitter_card":"summary_large_image","twitter_misc":{"Tahmini okuma s\u00fcresi":"2 dakika"},"schema":{"@context":"https:\/\/schema.org","@graph":[{"@type":"WebPage","@id":"https:\/\/rush-hour-berlin.de\/tr\/damga\/","url":"https:\/\/rush-hour-berlin.de\/tr\/damga\/","name":"Damga - Rush Hour striptiz k\u00fcl\u00fcb\u00fc Berlin","isPartOf":{"@id":"https:\/\/rush-hour-berlin.de\/tr\/#website"},"datePublished":"2020-04-21T11:02:16+00:00","dateModified":"2024-02-28T08:09:33+00:00","breadcrumb":{"@id":"https:\/\/rush-hour-berlin.de\/tr\/damga\/#breadcrumb"},"inLanguage":"tr","potentialAction":[{"@type":"ReadAction","target":["https:\/\/rush-hour-berlin.de\/tr\/damga\/"]}]},{"@type":"BreadcrumbList","@id":"https:\/\/rush-hour-berlin.de\/tr\/damga\/#breadcrumb","itemListElement":[{"@type":"ListItem","position":1,"name":"Startseite","item":"https:\/\/rush-hour-berlin.de\/tr\/"},{"@type":"ListItem","position":2,"name":"Damga"}]},{"@type":"WebSite","@id":"https:\/\/rush-hour-berlin.de\/tr\/#website","url":"https:\/\/rush-hour-berlin.de\/tr\/","name":"Rush Hour Tabledance Berlin","description":"Gece kul\u00fcb\u00fc Berlin","publisher":{"@id":"https:\/\/rush-hour-berlin.de\/tr\/#organization"},"potentialAction":[{"@type":"SearchAction","target":{"@type":"EntryPoint","urlTemplate":"https:\/\/rush-hour-berlin.de\/tr\/?s={search_term_string}"},"query-input":{"@type":"PropertyValueSpecification","valueRequired":true,"valueName":"search_term_string"}}],"inLanguage":"tr"},{"@type":"Organization","@id":"https:\/\/rush-hour-berlin.de\/tr\/#organization","name":"Rush Hour","url":"https:\/\/rush-hour-berlin.de\/tr\/","logo":{"@type":"ImageObject","inLanguage":"tr","@id":"https:\/\/rush-hour-berlin.de\/tr\/#\/schema\/logo\/image\/","url":"https:\/\/rush-hour-berlin.de\/wp-content\/uploads\/2024\/02\/logo-retina.png","contentUrl":"https:\/\/rush-hour-berlin.de\/wp-content\/uploads\/2024\/02\/logo-retina.png","width":514,"height":127,"caption":"Rush Hour"},"image":{"@id":"https:\/\/rush-hour-berlin.de\/tr\/#\/schema\/logo\/image\/"},"sameAs":["https:\/\/www.facebook.com\/rushhourberlin\/"]}]}},"_links":{"self":[{"href":"https:\/\/rush-hour-berlin.de\/tr\/wp-json\/wp\/v2\/pages\/3068","targetHints":{"allow":["GET"]}}],"collection":[{"href":"https:\/\/rush-hour-berlin.de\/tr\/wp-json\/wp\/v2\/pages"}],"about":[{"href":"https:\/\/rush-hour-berlin.de\/tr\/wp-json\/wp\/v2\/types\/page"}],"author":[{"embeddable":true,"href":"https:\/\/rush-hour-berlin.de\/tr\/wp-json\/wp\/v2\/users\/1"}],"replies":[{"embeddable":true,"href":"https:\/\/rush-hour-berlin.de\/tr\/wp-json\/wp\/v2\/comments?post=3068"}],"version-history":[{"count":2,"href":"https:\/\/rush-hour-berlin.de\/tr\/wp-json\/wp\/v2\/pages\/3068\/revisions"}],"predecessor-version":[{"id":3070,"href":"https:\/\/rush-hour-berlin.de\/tr\/wp-json\/wp\/v2\/pages\/3068\/revisions\/3070"}],"wp:attachment":[{"href":"https:\/\/rush-hour-berlin.de\/tr\/wp-json\/wp\/v2\/media?parent=3068"}],"curies":[{"name":"wp","href":"https:\/\/api.w.org\/{rel}","templated":true}]}}