{"id":3065,"date":"2020-04-21T12:56:13","date_gmt":"2020-04-21T10:56:13","guid":{"rendered":"https:\/\/rush-hour-berlin.de\/datenschutz\/"},"modified":"2024-02-28T09:12:43","modified_gmt":"2024-02-28T08:12:43","slug":"veri-koruma","status":"publish","type":"page","link":"https:\/\/rush-hour-berlin.de\/tr\/veri-koruma\/","title":{"rendered":"Veri koruma"},"content":{"rendered":"<style type=\"text\/css\"> \n#cmsmasters_row_69ef53babcacb5_38402080 .cmsmasters_row_outer_parent { \n\tpadding-top: 0px; \n} \n\n#cmsmasters_row_69ef53babcacb5_38402080 .cmsmasters_row_outer_parent { \n\tpadding-bottom: 50px; \n} \n\n<\/style><div id=\"cmsmasters_row_69ef53babcacb5_38402080\" class=\"cmsmasters_row cmsmasters_color_scheme_default cmsmasters_row_top_default cmsmasters_row_bot_default cmsmasters_row_boxed\">\n<div class=\"cmsmasters_row_outer_parent\">\n<div class=\"cmsmasters_row_outer\">\n<div class=\"cmsmasters_row_inner\">\n<div class=\"cmsmasters_row_margin\">\n<div class=\"cmsmasters_column one_first\">\n<div class=\"cmsmasters_text\">\n<div class=\"art-postcontent clearfix\">\n<div class=\"art-article\">\n<div>\n<div>\n<p class=\"\"><strong class=\"\">Genel veri koruma beyan\u0131<\/strong><\/p>\n<p class=\"\">Web sitemizi kullanarak, a\u015fa\u011f\u0131da a\u00e7\u0131kland\u0131\u011f\u0131 gibi verilerin toplanmas\u0131n\u0131, i\u015flenmesini ve kullan\u0131lmas\u0131n\u0131 kabul etmi\u015f olursunuz. Web sitemiz genellikle kay\u0131t olmadan ziyaret edilebilir. G\u00f6r\u00fcnt\u00fclenen sayfalar veya eri\u015filen dosyan\u0131n ad\u0131, tarih ve saat gibi veriler, bu veriler do\u011frudan sizinle ilgili olmadan istatistiksel ama\u00e7lar i\u00e7in sunucuda saklan\u0131r. Ki\u015fisel veriler, \u00f6zellikle ad, adres veya e-posta adresi, m\u00fcmk\u00fcn oldu\u011funca g\u00f6n\u00fcll\u00fc olarak toplan\u0131r. Onay\u0131n\u0131z olmadan veriler \u00fc\u00e7\u00fcnc\u00fc taraflara aktar\u0131lmaz.<\/p>\n<p class=\"\"><strong class=\"\">\u00c7erezler i\u00e7in gizlilik politikas\u0131<\/strong><\/p>\n<p class=\"\">Web sitemiz \u00e7erezleri kullanmaktad\u0131r. Bunlar, web sitesini kullan\u0131rken kullan\u0131c\u0131n\u0131n cihaz\u0131nda belirli, kullan\u0131c\u0131yla ilgili bilgilerin depolanmas\u0131n\u0131 m\u00fcmk\u00fcn k\u0131lan k\u00fc\u00e7\u00fck metin dosyalar\u0131d\u0131r. \u00c7erezler \u00f6zellikle sayfalar\u0131n kullan\u0131m s\u0131kl\u0131\u011f\u0131n\u0131 ve kullan\u0131c\u0131 say\u0131s\u0131n\u0131 belirlemeyi, sayfa kullan\u0131m\u0131n\u0131n davran\u0131\u015f\u0131n\u0131 analiz etmeyi, ayr\u0131ca teklifimizi daha m\u00fc\u015fteri dostu hale getirmeyi m\u00fcmk\u00fcn k\u0131lar. \u00c7erezler taray\u0131c\u0131 oturumunun sonunda saklan\u0131r ve siteyi tekrar ziyaret etti\u011finizde tekrar \u00e7a\u011fr\u0131labilir. Bunu istemiyorsan\u0131z, internet taray\u0131c\u0131n\u0131z\u0131 \u00e7erezleri kabul etmeyecek \u015fekilde ayarlaman\u0131z gerekir.<\/p>\n<p class=\"\"><strong class=\"\">Google Analytics i\u00e7in veri koruma beyan\u0131<\/strong><\/p>\n<p class=\"\">Web sitemiz, Google Inc., 1600 Amphitheatre Parkway, Mountain View, CA 94043, ABD taraf\u0131ndan sa\u011flanan bir web analiz hizmeti olan Google Analytics&#8217;i kullanmaktad\u0131r. Google Analytics&#8217;i devre d\u0131\u015f\u0131 b\u0131rakmak i\u00e7in Google, http:\/\/tools.google.com\/dlpage\/gaoptout?hl=tr adresinde bir taray\u0131c\u0131 eklentisi sa\u011flar. Google Analytics \u00e7erezler kullan\u0131r. Bunlar, kullan\u0131c\u0131n\u0131n cihaz\u0131nda kullan\u0131c\u0131yla ilgili belirli bilgileri depolamay\u0131 m\u00fcmk\u00fcn k\u0131lan k\u00fc\u00e7\u00fck metin dosyalar\u0131d\u0131r. Bunlar, web sitemizin Google taraf\u0131ndan kullan\u0131m\u0131n\u0131n analiz edilmesini sa\u011flar. \u00c7erez taraf\u0131ndan web sitemizin kullan\u0131m\u0131 hakk\u0131nda toplanan bilgiler (IP adresiniz dahil) genellikle ABD&#8217;deki bir Google sunucusuna aktar\u0131l\u0131r ve orada saklan\u0131r. IP adreslerinin (IP maskeleme ad\u0131 verilen) anonim olarak toplanmas\u0131n\u0131 garanti etmek i\u00e7in bu web sitesinde Google Analytics&#8217;e &#8220;gat._anonymizeIp ();&#8221; kodunun eklendi\u011fini belirtmek isteriz. Anonimle\u015ftirme etkinse Google, Avrupa Birli\u011fi&#8217;ne \u00fcye \u00fclkelerdeki veya Avrupa Ekonomik Alan\u0131 Anla\u015fmas\u0131n\u0131n di\u011fer s\u00f6zle\u015fme yapan devletlerindeki IP adreslerini k\u0131salt\u0131r, bu nedenle kimli\u011finiz hakk\u0131nda hi\u00e7bir sonu\u00e7 \u00e7\u0131kar\u0131lamaz. Tam IP adresi yaln\u0131zca ABD&#8217;deki bir Google sunucusuna aktar\u0131l\u0131r ve istisnai durumlarda burada k\u0131salt\u0131l\u0131r. Google, &#8220;Gizlilik Kalkan\u0131&#8221; s\u00f6zle\u015fmesinin veri koruma h\u00fck\u00fcmlerine uygundur ve ABD Ticaret Bakanl\u0131\u011f\u0131&#8217;n\u0131n &#8220;Gizlilik Kalkan\u0131&#8221; program\u0131na kay\u0131tl\u0131d\u0131r ve toplanan bilgileri web sitelerimizin kullan\u0131m\u0131n\u0131 de\u011ferlendirmek, bu konuda bize rapor yazmak ve bize ilgili di\u011fer hizmetleri kullanmak i\u00e7in kullan\u0131r sa\u011flamak. Daha fazla bilgiyi http:\/\/www.google.com\/intl\/tr\/analytics\/privacyoverview.html adresinde bulabilirsiniz.<\/p>\n<p class=\"\"><strong class=\"\">Facebook i\u00e7in veri koruma beyan\u0131<\/strong><\/p>\n<p class=\"\">Web sitemiz Facebook Inc., 1601 S. California Ave, Palo Alto, CA 94304, ABD&#8217;den fonksiyonlar\u0131 kullanmaktad\u0131r. Sayfalar\u0131m\u0131za Facebook eklentileriyle eri\u015fti\u011finizde, taray\u0131c\u0131n\u0131z ve Facebook sunucular\u0131 aras\u0131nda bir ba\u011flant\u0131 kurulur. Veriler zaten Facebook&#8217;a aktar\u0131l\u0131yor. Bir Facebook hesab\u0131n\u0131z varsa, bu veriler hesaba ba\u011flanabilir. Bu verilerin Facebook hesab\u0131n\u0131za atanmas\u0131n\u0131 istemiyorsan\u0131z, sitemizi ziyaret etmeden \u00f6nce l\u00fctfen Facebook&#8217;tan \u00e7\u0131k\u0131\u015f yap\u0131n. Etkile\u015fimler, \u00f6zellikle bir yorum i\u015flevinin kullan\u0131m\u0131 veya &#8220;Be\u011fen&#8221; veya &#8220;Payla\u015f&#8221; d\u00fc\u011fmesinin t\u0131klanmas\u0131 da Facebook&#8217;a aktar\u0131l\u0131r. Https:\/\/tr-tr.facebook.com\/about\/privacy adresinden daha fazla bilgi edinin.<\/p>\n<p class=\"\"><strong class=\"\">Twitter i\u00e7in veri koruma beyan\u0131<\/strong><\/p>\n<p class=\"\">Web sitemiz Twitter, Inc., 1355 Market St, Suite 900, San Francisco, CA 94103, ABD&#8217;deki \u00f6zellikleri kullanmaktad\u0131r. Sayfalar\u0131m\u0131za Twitter eklentileriyle eri\u015fti\u011finizde, taray\u0131c\u0131n\u0131z ve Twitter sunucular\u0131 aras\u0131nda bir ba\u011flant\u0131 kurulur. Veriler zaten Twitter&#8217;a aktar\u0131l\u0131yor. Bir Twitter hesab\u0131n\u0131z varsa, bu veriler hesaba ba\u011flanabilir. Bu verilerin Twitter hesab\u0131n\u0131za atanmas\u0131n\u0131 istemiyorsan\u0131z, l\u00fctfen sitemizi ziyaret etmeden \u00f6nce Twitter oturumunu kapat\u0131n. Etkile\u015fimler, \u00f6zellikle de \u201cyeniden tweet\u201d d\u00fc\u011fmesine t\u0131klamak da Twitter&#8217;a aktar\u0131l\u0131yor. Https:\/\/twitter.com\/privacy adresinden daha fazla bilgi edinin.<\/p>\n<p class=\"\">kaynak: <a class=\"\" href=\"https:\/\/www.anwalt.de\/vorlage\/muster-datenschutzerklaerung.php\">Muster-Datenschutzerkl\u00e4rung von anwalt.de<\/a><\/p>\n<\/div>\n<\/div>\n<\/div>\n<\/div>\n<\/div>\n<\/div>\n<\/div>\n<\/div>\n<\/div>\n<\/div>\n<\/div>\n\n","protected":false},"excerpt":{"rendered":"","protected":false},"author":1,"featured_media":0,"parent":0,"menu_order":0,"comment_status":"closed","ping_status":"closed","template":"","meta":{"_monsterinsights_skip_tracking":false,"_monsterinsights_sitenote_active":false,"_monsterinsights_sitenote_note":"","_monsterinsights_sitenote_category":0,"footnotes":""},"class_list":["post-3065","page","type-page","status-publish","hentry"],"yoast_head":"<!-- This site is optimized with the Yoast SEO plugin v27.4 - https:\/\/yoast.com\/product\/yoast-seo-wordpress\/ -->\n<title>Veri koruma - Rush Hour striptiz k\u00fcl\u00fcb\u00fc Berlin<\/title>\n<meta name=\"robots\" content=\"index, follow, max-snippet:-1, max-image-preview:large, max-video-preview:-1\" \/>\n<link rel=\"canonical\" href=\"https:\/\/rush-hour-berlin.de\/tr\/veri-koruma\/\" \/>\n<meta property=\"og:locale\" content=\"tr_TR\" \/>\n<meta property=\"og:type\" content=\"article\" \/>\n<meta property=\"og:title\" content=\"Veri koruma - Rush Hour striptiz k\u00fcl\u00fcb\u00fc Berlin\" \/>\n<meta property=\"og:url\" content=\"https:\/\/rush-hour-berlin.de\/tr\/veri-koruma\/\" \/>\n<meta property=\"og:site_name\" content=\"Rush Hour striptiz k\u00fcl\u00fcb\u00fc Berlin\" \/>\n<meta property=\"article:publisher\" content=\"https:\/\/www.facebook.com\/rushhourberlin\/\" \/>\n<meta property=\"article:modified_time\" content=\"2024-02-28T08:12:43+00:00\" \/>\n<meta name=\"twitter:card\" content=\"summary_large_image\" \/>\n<meta name=\"twitter:label1\" content=\"Tahmini okuma s\u00fcresi\" \/>\n\t<meta name=\"twitter:data1\" content=\"4 dakika\" \/>\n<script type=\"application\/ld+json\" class=\"yoast-schema-graph\">{\"@context\":\"https:\\\/\\\/schema.org\",\"@graph\":[{\"@type\":\"WebPage\",\"@id\":\"https:\\\/\\\/rush-hour-berlin.de\\\/tr\\\/veri-koruma\\\/\",\"url\":\"https:\\\/\\\/rush-hour-berlin.de\\\/tr\\\/veri-koruma\\\/\",\"name\":\"Veri koruma - Rush Hour striptiz k\u00fcl\u00fcb\u00fc Berlin\",\"isPartOf\":{\"@id\":\"https:\\\/\\\/rush-hour-berlin.de\\\/tr\\\/#website\"},\"datePublished\":\"2020-04-21T10:56:13+00:00\",\"dateModified\":\"2024-02-28T08:12:43+00:00\",\"breadcrumb\":{\"@id\":\"https:\\\/\\\/rush-hour-berlin.de\\\/tr\\\/veri-koruma\\\/#breadcrumb\"},\"inLanguage\":\"tr\",\"potentialAction\":[{\"@type\":\"ReadAction\",\"target\":[\"https:\\\/\\\/rush-hour-berlin.de\\\/tr\\\/veri-koruma\\\/\"]}]},{\"@type\":\"BreadcrumbList\",\"@id\":\"https:\\\/\\\/rush-hour-berlin.de\\\/tr\\\/veri-koruma\\\/#breadcrumb\",\"itemListElement\":[{\"@type\":\"ListItem\",\"position\":1,\"name\":\"Startseite\",\"item\":\"https:\\\/\\\/rush-hour-berlin.de\\\/tr\\\/\"},{\"@type\":\"ListItem\",\"position\":2,\"name\":\"Veri koruma\"}]},{\"@type\":\"WebSite\",\"@id\":\"https:\\\/\\\/rush-hour-berlin.de\\\/tr\\\/#website\",\"url\":\"https:\\\/\\\/rush-hour-berlin.de\\\/tr\\\/\",\"name\":\"Rush Hour Tabledance Berlin\",\"description\":\"Gece kul\u00fcb\u00fc Berlin\",\"publisher\":{\"@id\":\"https:\\\/\\\/rush-hour-berlin.de\\\/tr\\\/#organization\"},\"potentialAction\":[{\"@type\":\"SearchAction\",\"target\":{\"@type\":\"EntryPoint\",\"urlTemplate\":\"https:\\\/\\\/rush-hour-berlin.de\\\/tr\\\/?s={search_term_string}\"},\"query-input\":{\"@type\":\"PropertyValueSpecification\",\"valueRequired\":true,\"valueName\":\"search_term_string\"}}],\"inLanguage\":\"tr\"},{\"@type\":\"Organization\",\"@id\":\"https:\\\/\\\/rush-hour-berlin.de\\\/tr\\\/#organization\",\"name\":\"Rush Hour\",\"url\":\"https:\\\/\\\/rush-hour-berlin.de\\\/tr\\\/\",\"logo\":{\"@type\":\"ImageObject\",\"inLanguage\":\"tr\",\"@id\":\"https:\\\/\\\/rush-hour-berlin.de\\\/tr\\\/#\\\/schema\\\/logo\\\/image\\\/\",\"url\":\"https:\\\/\\\/rush-hour-berlin.de\\\/wp-content\\\/uploads\\\/2024\\\/02\\\/logo-retina.png\",\"contentUrl\":\"https:\\\/\\\/rush-hour-berlin.de\\\/wp-content\\\/uploads\\\/2024\\\/02\\\/logo-retina.png\",\"width\":514,\"height\":127,\"caption\":\"Rush Hour\"},\"image\":{\"@id\":\"https:\\\/\\\/rush-hour-berlin.de\\\/tr\\\/#\\\/schema\\\/logo\\\/image\\\/\"},\"sameAs\":[\"https:\\\/\\\/www.facebook.com\\\/rushhourberlin\\\/\"]}]}<\/script>\n<!-- \/ Yoast SEO plugin. -->","yoast_head_json":{"title":"Veri koruma - Rush Hour striptiz k\u00fcl\u00fcb\u00fc Berlin","robots":{"index":"index","follow":"follow","max-snippet":"max-snippet:-1","max-image-preview":"max-image-preview:large","max-video-preview":"max-video-preview:-1"},"canonical":"https:\/\/rush-hour-berlin.de\/tr\/veri-koruma\/","og_locale":"tr_TR","og_type":"article","og_title":"Veri koruma - Rush Hour striptiz k\u00fcl\u00fcb\u00fc Berlin","og_url":"https:\/\/rush-hour-berlin.de\/tr\/veri-koruma\/","og_site_name":"Rush Hour striptiz k\u00fcl\u00fcb\u00fc Berlin","article_publisher":"https:\/\/www.facebook.com\/rushhourberlin\/","article_modified_time":"2024-02-28T08:12:43+00:00","twitter_card":"summary_large_image","twitter_misc":{"Tahmini okuma s\u00fcresi":"4 dakika"},"schema":{"@context":"https:\/\/schema.org","@graph":[{"@type":"WebPage","@id":"https:\/\/rush-hour-berlin.de\/tr\/veri-koruma\/","url":"https:\/\/rush-hour-berlin.de\/tr\/veri-koruma\/","name":"Veri koruma - Rush Hour striptiz k\u00fcl\u00fcb\u00fc Berlin","isPartOf":{"@id":"https:\/\/rush-hour-berlin.de\/tr\/#website"},"datePublished":"2020-04-21T10:56:13+00:00","dateModified":"2024-02-28T08:12:43+00:00","breadcrumb":{"@id":"https:\/\/rush-hour-berlin.de\/tr\/veri-koruma\/#breadcrumb"},"inLanguage":"tr","potentialAction":[{"@type":"ReadAction","target":["https:\/\/rush-hour-berlin.de\/tr\/veri-koruma\/"]}]},{"@type":"BreadcrumbList","@id":"https:\/\/rush-hour-berlin.de\/tr\/veri-koruma\/#breadcrumb","itemListElement":[{"@type":"ListItem","position":1,"name":"Startseite","item":"https:\/\/rush-hour-berlin.de\/tr\/"},{"@type":"ListItem","position":2,"name":"Veri koruma"}]},{"@type":"WebSite","@id":"https:\/\/rush-hour-berlin.de\/tr\/#website","url":"https:\/\/rush-hour-berlin.de\/tr\/","name":"Rush Hour Tabledance Berlin","description":"Gece kul\u00fcb\u00fc Berlin","publisher":{"@id":"https:\/\/rush-hour-berlin.de\/tr\/#organization"},"potentialAction":[{"@type":"SearchAction","target":{"@type":"EntryPoint","urlTemplate":"https:\/\/rush-hour-berlin.de\/tr\/?s={search_term_string}"},"query-input":{"@type":"PropertyValueSpecification","valueRequired":true,"valueName":"search_term_string"}}],"inLanguage":"tr"},{"@type":"Organization","@id":"https:\/\/rush-hour-berlin.de\/tr\/#organization","name":"Rush Hour","url":"https:\/\/rush-hour-berlin.de\/tr\/","logo":{"@type":"ImageObject","inLanguage":"tr","@id":"https:\/\/rush-hour-berlin.de\/tr\/#\/schema\/logo\/image\/","url":"https:\/\/rush-hour-berlin.de\/wp-content\/uploads\/2024\/02\/logo-retina.png","contentUrl":"https:\/\/rush-hour-berlin.de\/wp-content\/uploads\/2024\/02\/logo-retina.png","width":514,"height":127,"caption":"Rush Hour"},"image":{"@id":"https:\/\/rush-hour-berlin.de\/tr\/#\/schema\/logo\/image\/"},"sameAs":["https:\/\/www.facebook.com\/rushhourberlin\/"]}]}},"_links":{"self":[{"href":"https:\/\/rush-hour-berlin.de\/tr\/wp-json\/wp\/v2\/pages\/3065","targetHints":{"allow":["GET"]}}],"collection":[{"href":"https:\/\/rush-hour-berlin.de\/tr\/wp-json\/wp\/v2\/pages"}],"about":[{"href":"https:\/\/rush-hour-berlin.de\/tr\/wp-json\/wp\/v2\/types\/page"}],"author":[{"embeddable":true,"href":"https:\/\/rush-hour-berlin.de\/tr\/wp-json\/wp\/v2\/users\/1"}],"replies":[{"embeddable":true,"href":"https:\/\/rush-hour-berlin.de\/tr\/wp-json\/wp\/v2\/comments?post=3065"}],"version-history":[{"count":2,"href":"https:\/\/rush-hour-berlin.de\/tr\/wp-json\/wp\/v2\/pages\/3065\/revisions"}],"predecessor-version":[{"id":3067,"href":"https:\/\/rush-hour-berlin.de\/tr\/wp-json\/wp\/v2\/pages\/3065\/revisions\/3067"}],"wp:attachment":[{"href":"https:\/\/rush-hour-berlin.de\/tr\/wp-json\/wp\/v2\/media?parent=3065"}],"curies":[{"name":"wp","href":"https:\/\/api.w.org\/{rel}","templated":true}]}}