{"id":3035,"date":"2020-04-09T11:29:01","date_gmt":"2020-04-09T09:29:01","guid":{"rendered":"https:\/\/rush-hour-berlin.de\/jobs\/"},"modified":"2024-09-28T13:31:12","modified_gmt":"2024-09-28T11:31:12","slug":"is-ilanlari","status":"publish","type":"page","link":"https:\/\/rush-hour-berlin.de\/tr\/is-ilanlari\/","title":{"rendered":"\u0130\u015f ilanlar\u0131 \u2013 BAYAN DANS\u00c7ILAR ARIYORUZ"},"content":{"rendered":"<style type=\"text\/css\"> \n#cmsmasters_row_69f3f636aa5f08_14419177 { \n\tbackground-color:#000000;\n\tbackground-image: url(https:\/\/rush-hour-berlin.de\/wp-content\/uploads\/2024\/02\/goldbar.webp); \n\tbackground-position: top center; \n\tbackground-repeat: no-repeat; \n\tbackground-attachment: scroll; \n\tbackground-size: cover; \n} \n\n#cmsmasters_row_69f3f636aa5f08_14419177 .cmsmasters_row_outer_parent { \n\tpadding-top: 50px; \n} \n\n#cmsmasters_row_69f3f636aa5f08_14419177 .cmsmasters_row_outer_parent { \n\tpadding-bottom: 50px; \n} \n\n \n#cmsmasters_divider_69f3f636aafc94_17432396 { \n\tborder-bottom-width:0px; \n\tborder-bottom-style:solid; \n\tpadding-top:40px; \n\tmargin-bottom:40px; \n} \n \n#cmsmasters_heading_69f3f636ab0389_68634994 { \n\ttext-align:center; \n\tmargin-top:0px; \n\tmargin-bottom:20px; \n} \n\n#cmsmasters_heading_69f3f636ab0389_68634994 .cmsmasters_heading { \n\ttext-align:center; \n} \n\n#cmsmasters_heading_69f3f636ab0389_68634994 .cmsmasters_heading, #cmsmasters_heading_69f3f636ab0389_68634994 .cmsmasters_heading a { \n\tfont-weight:normal; \n\tfont-style:normal; \n} \n\n#cmsmasters_heading_69f3f636ab0389_68634994 .cmsmasters_heading_divider { \n} \n\n@media (max-width: 1024px) {\n\n#cmsmasters_heading_69f3f636ab0389_68634994 .cmsmasters_heading, #cmsmasters_heading_69f3f636ab0389_68634994 .cmsmasters_heading a { \n} \n\n} \n\n \n#cmsmasters_divider_69f3f636ab1a83_24898673 { \n\tborder-bottom-width:0px; \n\tborder-bottom-style:solid; \n\tpadding-top:0px; \n\tmargin-bottom:40px; \n} \n<\/style><div id=\"cmsmasters_row_69f3f636aa5f08_14419177\" class=\"cmsmasters_row cmsmasters_color_scheme_default cmsmasters_row_top_default cmsmasters_row_bot_default cmsmasters_row_boxed\">\n<div class=\"cmsmasters_row_outer_parent\">\n<div class=\"cmsmasters_row_outer\">\n<div class=\"cmsmasters_row_inner\">\n<div class=\"cmsmasters_row_margin\">\n<div class=\"cmsmasters_column one_first\">\n\n<div id=\"cmsmasters_divider_69f3f636aafc94_17432396\" class=\"cl\"><\/div>\n\n<div id=\"cmsmasters_heading_69f3f636ab0389_68634994\" class=\"cmsmasters_heading_wrap cmsmasters_heading_align_center\">\n\t<h1 class=\"cmsmasters_heading\">EK\u0130B\u0130M\u0130Z\u0130N bir par\u00e7as\u0131 olun!<\/h1>\n<\/div><div class=\"cmsmasters_text\">\n<p align=\"center\">Rush Hour Berlin&#8217;in s\u00fcrekli yeni dans\u00e7\u0131lara ihtiyac\u0131 var.<br \/>\nBizimle samimi bir ekip ile birlikte keyifli \u00e7al\u0131\u015fma ko\u015fullar\u0131 ve iyi bir \u00fccret bulacaks\u0131n\u0131z.<\/p>\n<p align=\"center\">Profesyonel dans\u00e7\u0131lar\u0131m\u0131z, deneyimi olmayan mankenlere birka\u00e7 g\u00fcn i\u00e7erisinde \u00fccretsiz bir giri\u015f kursu sunmaktad\u0131r.<\/p>\n<p align=\"center\">Avrupa&#8217;n\u0131n her yerinden bayanlar ekibimize kat\u0131labilir.<br \/>\n\u00c7al\u0131\u015fma belgelerinizi haz\u0131rlaman\u0131za yard\u0131mc\u0131 olaca\u011f\u0131z ve emrinizde birka\u00e7 yatak odas\u0131 bulunan geni\u015f bir dairemiz var.<\/p>\n<p align=\"center\">Sizinle biz ilgileniyoruz!<\/p>\n<p align=\"center\">Berlin&#8217;in en iyi gece ve masa dans\u0131 kul\u00fcb\u00fcnde dans\u00e7\u0131 olarak \u00e7al\u0131\u015fmak istiyorsan\u0131z, a\u015fa\u011f\u0131daki ba\u015fvuru formu arac\u0131l\u0131\u011f\u0131yla foto\u011fraflar da dahil olmak \u00fczere ba\u015fvurunuzu bize g\u00f6nderin.<\/p>\n<p align=\"center\">Her ba\u015fvuru bizim i\u00e7in \u00f6nemlidir!<\/p>\n<\/div>\n\n<div id=\"cmsmasters_divider_69f3f636ab1a83_24898673\" class=\"cl\"><\/div>\n<div class=\"aligncenter\">\n<div class=\"cmsmasters_img  cmsmasters_image_c\">\n<a href=\"https:\/\/form.jotform.com\/242712210810037\"><img decoding=\"async\" src=\"https:\/\/rush-hour-berlin.de\/wp-content\/uploads\/2024\/09\/Apply-now-tur.webp\" alt=\"\u015eimdi ba\u015fvurun\" \/><\/a>\n<\/div>\n<\/div>\n<\/div>\n<div class=\"cmsmasters_column one_first\">\n<\/div>\n<\/div>\n<\/div>\n<\/div>\n<\/div>\n<\/div>\n\n","protected":false},"excerpt":{"rendered":"","protected":false},"author":1,"featured_media":3036,"parent":0,"menu_order":0,"comment_status":"closed","ping_status":"open","template":"","meta":{"_monsterinsights_skip_tracking":false,"_monsterinsights_sitenote_active":false,"_monsterinsights_sitenote_note":"","_monsterinsights_sitenote_category":0,"footnotes":""},"class_list":["post-3035","page","type-page","status-publish","has-post-thumbnail","hentry"],"yoast_head":"<!-- This site is optimized with the Yoast SEO plugin v27.4 - https:\/\/yoast.com\/product\/yoast-seo-wordpress\/ -->\n<title>\u0130\u015f ilanlar\u0131 \u2013 BAYAN DANS\u00c7ILAR ARIYORUZ - Rush Hour striptiz k\u00fcl\u00fcb\u00fc Berlin<\/title>\n<meta name=\"description\" content=\"EK\u0130B\u0130M\u0130Z\u0130N bir par\u00e7as\u0131 olun! Bizimle samimi bir ekip ile birlikte keyifli \u00e7al\u0131\u015fma ko\u015fullar\u0131 ve iyi bir \u00fccret bulacaks\u0131n\u0131z.\" \/>\n<meta name=\"robots\" content=\"index, follow, max-snippet:-1, max-image-preview:large, max-video-preview:-1\" \/>\n<link rel=\"canonical\" href=\"https:\/\/rush-hour-berlin.de\/tr\/is-ilanlari\/\" \/>\n<meta property=\"og:locale\" content=\"tr_TR\" \/>\n<meta property=\"og:type\" content=\"article\" \/>\n<meta property=\"og:title\" content=\"\u0130\u015f ilanlar\u0131 \u2013 BAYAN DANS\u00c7ILAR ARIYORUZ - Rush Hour striptiz k\u00fcl\u00fcb\u00fc Berlin\" \/>\n<meta property=\"og:description\" content=\"EK\u0130B\u0130M\u0130Z\u0130N bir par\u00e7as\u0131 olun! Bizimle samimi bir ekip ile birlikte keyifli \u00e7al\u0131\u015fma ko\u015fullar\u0131 ve iyi bir \u00fccret bulacaks\u0131n\u0131z.\" \/>\n<meta property=\"og:url\" content=\"https:\/\/rush-hour-berlin.de\/tr\/is-ilanlari\/\" \/>\n<meta property=\"og:site_name\" content=\"Rush Hour striptiz k\u00fcl\u00fcb\u00fc Berlin\" \/>\n<meta property=\"article:publisher\" content=\"https:\/\/www.facebook.com\/rushhourberlin\/\" \/>\n<meta property=\"article:modified_time\" content=\"2024-09-28T11:31:12+00:00\" \/>\n<meta property=\"og:image\" content=\"https:\/\/rush-hour-berlin.de\/wp-content\/uploads\/2020\/04\/teanzer-gesucht.jpg\" \/>\n\t<meta property=\"og:image:width\" content=\"1920\" \/>\n\t<meta property=\"og:image:height\" content=\"1080\" \/>\n\t<meta property=\"og:image:type\" content=\"image\/jpeg\" \/>\n<meta name=\"twitter:card\" content=\"summary_large_image\" \/>\n<meta name=\"twitter:label1\" content=\"Tahmini okuma s\u00fcresi\" \/>\n\t<meta name=\"twitter:data1\" content=\"2 dakika\" \/>\n<script type=\"application\/ld+json\" class=\"yoast-schema-graph\">{\"@context\":\"https:\\\/\\\/schema.org\",\"@graph\":[{\"@type\":\"WebPage\",\"@id\":\"https:\\\/\\\/rush-hour-berlin.de\\\/tr\\\/is-ilanlari\\\/\",\"url\":\"https:\\\/\\\/rush-hour-berlin.de\\\/tr\\\/is-ilanlari\\\/\",\"name\":\"\u0130\u015f ilanlar\u0131 \u2013 BAYAN DANS\u00c7ILAR ARIYORUZ - Rush Hour striptiz k\u00fcl\u00fcb\u00fc Berlin\",\"isPartOf\":{\"@id\":\"https:\\\/\\\/rush-hour-berlin.de\\\/tr\\\/#website\"},\"primaryImageOfPage\":{\"@id\":\"https:\\\/\\\/rush-hour-berlin.de\\\/tr\\\/is-ilanlari\\\/#primaryimage\"},\"image\":{\"@id\":\"https:\\\/\\\/rush-hour-berlin.de\\\/tr\\\/is-ilanlari\\\/#primaryimage\"},\"thumbnailUrl\":\"https:\\\/\\\/rush-hour-berlin.de\\\/wp-content\\\/uploads\\\/2020\\\/04\\\/teanzer-gesucht.jpg\",\"datePublished\":\"2020-04-09T09:29:01+00:00\",\"dateModified\":\"2024-09-28T11:31:12+00:00\",\"description\":\"EK\u0130B\u0130M\u0130Z\u0130N bir par\u00e7as\u0131 olun! Bizimle samimi bir ekip ile birlikte keyifli \u00e7al\u0131\u015fma ko\u015fullar\u0131 ve iyi bir \u00fccret bulacaks\u0131n\u0131z.\",\"breadcrumb\":{\"@id\":\"https:\\\/\\\/rush-hour-berlin.de\\\/tr\\\/is-ilanlari\\\/#breadcrumb\"},\"inLanguage\":\"tr\",\"potentialAction\":[{\"@type\":\"ReadAction\",\"target\":[\"https:\\\/\\\/rush-hour-berlin.de\\\/tr\\\/is-ilanlari\\\/\"]}]},{\"@type\":\"ImageObject\",\"inLanguage\":\"tr\",\"@id\":\"https:\\\/\\\/rush-hour-berlin.de\\\/tr\\\/is-ilanlari\\\/#primaryimage\",\"url\":\"https:\\\/\\\/rush-hour-berlin.de\\\/wp-content\\\/uploads\\\/2020\\\/04\\\/teanzer-gesucht.jpg\",\"contentUrl\":\"https:\\\/\\\/rush-hour-berlin.de\\\/wp-content\\\/uploads\\\/2020\\\/04\\\/teanzer-gesucht.jpg\",\"width\":1920,\"height\":1080,\"caption\":\"Bizimle samimi bir ekip ile birlikte keyifli \u00e7al\u0131\u015fma ko\u015fullar\u0131 ve iyi bir \u00fccret bulacaks\u0131n\u0131z.\"},{\"@type\":\"BreadcrumbList\",\"@id\":\"https:\\\/\\\/rush-hour-berlin.de\\\/tr\\\/is-ilanlari\\\/#breadcrumb\",\"itemListElement\":[{\"@type\":\"ListItem\",\"position\":1,\"name\":\"Startseite\",\"item\":\"https:\\\/\\\/rush-hour-berlin.de\\\/tr\\\/\"},{\"@type\":\"ListItem\",\"position\":2,\"name\":\"\u0130\u015f ilanlar\u0131 \u2013 BAYAN DANS\u00c7ILAR ARIYORUZ\"}]},{\"@type\":\"WebSite\",\"@id\":\"https:\\\/\\\/rush-hour-berlin.de\\\/tr\\\/#website\",\"url\":\"https:\\\/\\\/rush-hour-berlin.de\\\/tr\\\/\",\"name\":\"Rush Hour Tabledance Berlin\",\"description\":\"Gece kul\u00fcb\u00fc Berlin\",\"publisher\":{\"@id\":\"https:\\\/\\\/rush-hour-berlin.de\\\/tr\\\/#organization\"},\"potentialAction\":[{\"@type\":\"SearchAction\",\"target\":{\"@type\":\"EntryPoint\",\"urlTemplate\":\"https:\\\/\\\/rush-hour-berlin.de\\\/tr\\\/?s={search_term_string}\"},\"query-input\":{\"@type\":\"PropertyValueSpecification\",\"valueRequired\":true,\"valueName\":\"search_term_string\"}}],\"inLanguage\":\"tr\"},{\"@type\":\"Organization\",\"@id\":\"https:\\\/\\\/rush-hour-berlin.de\\\/tr\\\/#organization\",\"name\":\"Rush Hour\",\"url\":\"https:\\\/\\\/rush-hour-berlin.de\\\/tr\\\/\",\"logo\":{\"@type\":\"ImageObject\",\"inLanguage\":\"tr\",\"@id\":\"https:\\\/\\\/rush-hour-berlin.de\\\/tr\\\/#\\\/schema\\\/logo\\\/image\\\/\",\"url\":\"https:\\\/\\\/rush-hour-berlin.de\\\/wp-content\\\/uploads\\\/2024\\\/02\\\/logo-retina.png\",\"contentUrl\":\"https:\\\/\\\/rush-hour-berlin.de\\\/wp-content\\\/uploads\\\/2024\\\/02\\\/logo-retina.png\",\"width\":514,\"height\":127,\"caption\":\"Rush Hour\"},\"image\":{\"@id\":\"https:\\\/\\\/rush-hour-berlin.de\\\/tr\\\/#\\\/schema\\\/logo\\\/image\\\/\"},\"sameAs\":[\"https:\\\/\\\/www.facebook.com\\\/rushhourberlin\\\/\"]}]}<\/script>\n<!-- \/ Yoast SEO plugin. -->","yoast_head_json":{"title":"\u0130\u015f ilanlar\u0131 \u2013 BAYAN DANS\u00c7ILAR ARIYORUZ - Rush Hour striptiz k\u00fcl\u00fcb\u00fc Berlin","description":"EK\u0130B\u0130M\u0130Z\u0130N bir par\u00e7as\u0131 olun! Bizimle samimi bir ekip ile birlikte keyifli \u00e7al\u0131\u015fma ko\u015fullar\u0131 ve iyi bir \u00fccret bulacaks\u0131n\u0131z.","robots":{"index":"index","follow":"follow","max-snippet":"max-snippet:-1","max-image-preview":"max-image-preview:large","max-video-preview":"max-video-preview:-1"},"canonical":"https:\/\/rush-hour-berlin.de\/tr\/is-ilanlari\/","og_locale":"tr_TR","og_type":"article","og_title":"\u0130\u015f ilanlar\u0131 \u2013 BAYAN DANS\u00c7ILAR ARIYORUZ - Rush Hour striptiz k\u00fcl\u00fcb\u00fc Berlin","og_description":"EK\u0130B\u0130M\u0130Z\u0130N bir par\u00e7as\u0131 olun! Bizimle samimi bir ekip ile birlikte keyifli \u00e7al\u0131\u015fma ko\u015fullar\u0131 ve iyi bir \u00fccret bulacaks\u0131n\u0131z.","og_url":"https:\/\/rush-hour-berlin.de\/tr\/is-ilanlari\/","og_site_name":"Rush Hour striptiz k\u00fcl\u00fcb\u00fc Berlin","article_publisher":"https:\/\/www.facebook.com\/rushhourberlin\/","article_modified_time":"2024-09-28T11:31:12+00:00","og_image":[{"width":1920,"height":1080,"url":"https:\/\/rush-hour-berlin.de\/wp-content\/uploads\/2020\/04\/teanzer-gesucht.jpg","type":"image\/jpeg"}],"twitter_card":"summary_large_image","twitter_misc":{"Tahmini okuma s\u00fcresi":"2 dakika"},"schema":{"@context":"https:\/\/schema.org","@graph":[{"@type":"WebPage","@id":"https:\/\/rush-hour-berlin.de\/tr\/is-ilanlari\/","url":"https:\/\/rush-hour-berlin.de\/tr\/is-ilanlari\/","name":"\u0130\u015f ilanlar\u0131 \u2013 BAYAN DANS\u00c7ILAR ARIYORUZ - Rush Hour striptiz k\u00fcl\u00fcb\u00fc Berlin","isPartOf":{"@id":"https:\/\/rush-hour-berlin.de\/tr\/#website"},"primaryImageOfPage":{"@id":"https:\/\/rush-hour-berlin.de\/tr\/is-ilanlari\/#primaryimage"},"image":{"@id":"https:\/\/rush-hour-berlin.de\/tr\/is-ilanlari\/#primaryimage"},"thumbnailUrl":"https:\/\/rush-hour-berlin.de\/wp-content\/uploads\/2020\/04\/teanzer-gesucht.jpg","datePublished":"2020-04-09T09:29:01+00:00","dateModified":"2024-09-28T11:31:12+00:00","description":"EK\u0130B\u0130M\u0130Z\u0130N bir par\u00e7as\u0131 olun! Bizimle samimi bir ekip ile birlikte keyifli \u00e7al\u0131\u015fma ko\u015fullar\u0131 ve iyi bir \u00fccret bulacaks\u0131n\u0131z.","breadcrumb":{"@id":"https:\/\/rush-hour-berlin.de\/tr\/is-ilanlari\/#breadcrumb"},"inLanguage":"tr","potentialAction":[{"@type":"ReadAction","target":["https:\/\/rush-hour-berlin.de\/tr\/is-ilanlari\/"]}]},{"@type":"ImageObject","inLanguage":"tr","@id":"https:\/\/rush-hour-berlin.de\/tr\/is-ilanlari\/#primaryimage","url":"https:\/\/rush-hour-berlin.de\/wp-content\/uploads\/2020\/04\/teanzer-gesucht.jpg","contentUrl":"https:\/\/rush-hour-berlin.de\/wp-content\/uploads\/2020\/04\/teanzer-gesucht.jpg","width":1920,"height":1080,"caption":"Bizimle samimi bir ekip ile birlikte keyifli \u00e7al\u0131\u015fma ko\u015fullar\u0131 ve iyi bir \u00fccret bulacaks\u0131n\u0131z."},{"@type":"BreadcrumbList","@id":"https:\/\/rush-hour-berlin.de\/tr\/is-ilanlari\/#breadcrumb","itemListElement":[{"@type":"ListItem","position":1,"name":"Startseite","item":"https:\/\/rush-hour-berlin.de\/tr\/"},{"@type":"ListItem","position":2,"name":"\u0130\u015f ilanlar\u0131 \u2013 BAYAN DANS\u00c7ILAR ARIYORUZ"}]},{"@type":"WebSite","@id":"https:\/\/rush-hour-berlin.de\/tr\/#website","url":"https:\/\/rush-hour-berlin.de\/tr\/","name":"Rush Hour Tabledance Berlin","description":"Gece kul\u00fcb\u00fc Berlin","publisher":{"@id":"https:\/\/rush-hour-berlin.de\/tr\/#organization"},"potentialAction":[{"@type":"SearchAction","target":{"@type":"EntryPoint","urlTemplate":"https:\/\/rush-hour-berlin.de\/tr\/?s={search_term_string}"},"query-input":{"@type":"PropertyValueSpecification","valueRequired":true,"valueName":"search_term_string"}}],"inLanguage":"tr"},{"@type":"Organization","@id":"https:\/\/rush-hour-berlin.de\/tr\/#organization","name":"Rush Hour","url":"https:\/\/rush-hour-berlin.de\/tr\/","logo":{"@type":"ImageObject","inLanguage":"tr","@id":"https:\/\/rush-hour-berlin.de\/tr\/#\/schema\/logo\/image\/","url":"https:\/\/rush-hour-berlin.de\/wp-content\/uploads\/2024\/02\/logo-retina.png","contentUrl":"https:\/\/rush-hour-berlin.de\/wp-content\/uploads\/2024\/02\/logo-retina.png","width":514,"height":127,"caption":"Rush Hour"},"image":{"@id":"https:\/\/rush-hour-berlin.de\/tr\/#\/schema\/logo\/image\/"},"sameAs":["https:\/\/www.facebook.com\/rushhourberlin\/"]}]}},"_links":{"self":[{"href":"https:\/\/rush-hour-berlin.de\/tr\/wp-json\/wp\/v2\/pages\/3035","targetHints":{"allow":["GET"]}}],"collection":[{"href":"https:\/\/rush-hour-berlin.de\/tr\/wp-json\/wp\/v2\/pages"}],"about":[{"href":"https:\/\/rush-hour-berlin.de\/tr\/wp-json\/wp\/v2\/types\/page"}],"author":[{"embeddable":true,"href":"https:\/\/rush-hour-berlin.de\/tr\/wp-json\/wp\/v2\/users\/1"}],"replies":[{"embeddable":true,"href":"https:\/\/rush-hour-berlin.de\/tr\/wp-json\/wp\/v2\/comments?post=3035"}],"version-history":[{"count":8,"href":"https:\/\/rush-hour-berlin.de\/tr\/wp-json\/wp\/v2\/pages\/3035\/revisions"}],"predecessor-version":[{"id":14439,"href":"https:\/\/rush-hour-berlin.de\/tr\/wp-json\/wp\/v2\/pages\/3035\/revisions\/14439"}],"wp:featuredmedia":[{"embeddable":true,"href":"https:\/\/rush-hour-berlin.de\/tr\/wp-json\/wp\/v2\/media\/3036"}],"wp:attachment":[{"href":"https:\/\/rush-hour-berlin.de\/tr\/wp-json\/wp\/v2\/media?parent=3035"}],"curies":[{"name":"wp","href":"https:\/\/api.w.org\/{rel}","templated":true}]}}