{"id":2463,"date":"2020-04-27T19:14:59","date_gmt":"2020-04-27T17:14:59","guid":{"rendered":"https:\/\/rush-hour-berlin.de\/?page_id=2463"},"modified":"2024-02-28T06:53:34","modified_gmt":"2024-02-28T05:53:34","slug":"protezione-dei-dati","status":"publish","type":"page","link":"https:\/\/rush-hour-berlin.de\/it\/protezione-dei-dati\/","title":{"rendered":"Protezione dei dati"},"content":{"rendered":"<style type=\"text\/css\"> \n#cmsmasters_row_69e74831af7840_89311149 { \n\tbackground-image: url(https:\/\/rush-hour-berlin.de\/wp-content\/uploads\/2024\/01\/rush-pattern-2.png); \n\tbackground-position: top center; \n\tbackground-repeat: repeat; \n\tbackground-attachment: scroll; \n\tbackground-size: auto; \n} \n\n#cmsmasters_row_69e74831af7840_89311149 .cmsmasters_row_outer_parent { \n\tpadding-top: 0px; \n} \n\n#cmsmasters_row_69e74831af7840_89311149 .cmsmasters_row_outer_parent { \n\tpadding-bottom: 50px; \n} \n\n \n#cmsmasters_divider_69e74831afb088_93075193 { \n\tborder-bottom-width:1px; \n\tborder-bottom-style:solid; \n\tpadding-top:50px; \n\tmargin-bottom:50px; \n} \n \n#cmsmasters_divider_69e74831afccf8_86716312 { \n\tborder-bottom-width:1px; \n\tborder-bottom-style:solid; \n\tpadding-top:50px; \n\tmargin-bottom:50px; \n} \n<\/style><div id=\"cmsmasters_row_69e74831af7840_89311149\" class=\"cmsmasters_row cmsmasters_color_scheme_default cmsmasters_row_top_default cmsmasters_row_bot_default cmsmasters_row_boxed\">\n<div class=\"cmsmasters_row_outer_parent\">\n<div class=\"cmsmasters_row_outer\">\n<div class=\"cmsmasters_row_inner\">\n<div class=\"cmsmasters_row_margin\">\n<div class=\"cmsmasters_column one_first\">\n\n<div id=\"cmsmasters_divider_69e74831afb088_93075193\" class=\"cmsmasters_divider cmsmasters_divider_width_long cmsmasters_divider_pos_center\"><\/div><div class=\"cmsmasters_text\">\n<div class=\"art-postcontent clearfix\">\n<div class=\"art-article\">\n<div>\n<div>\n<p class=\"\"><strong class=\"\">Dichiarazione generale sulla protezione dei dati<\/strong><\/p>\n<p class=\"\">Utilizzando il nostro sito Web, l&#8217;utente accetta la raccolta, l&#8217;elaborazione e l&#8217;uso dei dati come descritto di seguito. Il nostro sito Web pu\u00f2 generalmente essere visitato senza registrazione. Dati come pagine visualizzate o nome del file a cui si accede, data e ora sono memorizzati sul server a fini statistici senza che questi dati siano direttamente correlati all&#8217;utente. I dati personali, in particolare nome, indirizzo o indirizzo e-mail, sono raccolti su base volontaria per quanto possibile. Senza il tuo consenso, i dati non saranno trasmessi a terzi.<\/p>\n<p class=\"\"><strong class=\"\">Informativa sulla privacy per i cookie<\/strong><\/p>\n<p class=\"\">Il nostro sito Web utilizza i cookie. Si tratta di piccoli file di testo che consentono di archiviare informazioni specifiche relative all&#8217;utente sul dispositivo dell&#8217;utente durante l&#8217;utilizzo del sito Web. I cookie consentono, in particolare, di determinare la frequenza di utilizzo e il numero di utenti delle pagine, di analizzare il comportamento dell&#8217;utilizzo della pagina, ma anche di rendere la nostra offerta pi\u00f9 user-friendly. I cookie rimangono memorizzati al termine di una sessione del browser e possono essere richiamati nuovamente quando si visita nuovamente il sito. Se non lo si desidera, \u00e8 necessario impostare il browser Internet in modo che rifiuti di accettare i cookie.<\/p>\n<p class=\"\"><strong class=\"\">Datenschutzerkl\u00e4rung f\u00fcr Google Analytics<\/strong><\/p>\n<p class=\"\">Il nostro sito Web utilizza Google Analytics, un servizio di analisi web fornito da Google Inc., 1600 Amphitheatre Parkway, Mountain View, CA 94043, USA. Per disattivare Google Analytics, Google fornisce un plug-in del browser all&#8217;indirizzo <a href=\"https:\/\/www.facebook.com\/privacy\/explanation\">https:\/\/www.facebook.com\/privacy\/explanation<\/a>. Google Analytics utilizza i cookie. Si tratta di piccoli file di testo che consentono di archiviare informazioni specifiche relative all&#8217;utente sul dispositivo dell&#8217;utente. Questi consentono un&#8217;analisi dell&#8217;utilizzo del nostro sito Web da parte di Google. Le informazioni raccolte dal cookie sull&#8217;uso del nostro sito Web (incluso il tuo indirizzo IP) vengono generalmente trasmesse a un server di Google negli Stati Uniti e ivi memorizzate. Desideriamo sottolineare che il codice &#8220;gat._anonymizeIp ();&#8221; \u00e8 stato aggiunto a Google Analytics su questo sito Web al fine di garantire la raccolta anonima di indirizzi IP (il cosiddetto mascheramento IP). Se l&#8217;anonimizzazione \u00e8 attiva, Google accorcia gli indirizzi IP all&#8217;interno degli Stati membri dell&#8217;Unione Europea o in altri stati contraenti dell&#8217;Accordo sullo Spazio economico europeo, motivo per cui non \u00e8 possibile trarre conclusioni sulla tua identit\u00e0. L&#8217;indirizzo IP completo viene trasferito su un server di Google negli Stati Uniti e l\u00ec abbreviato in casi eccezionali. Google si attiene alle disposizioni sulla protezione dei dati dell&#8217;accordo &#8220;Privacy Shield&#8221; ed \u00e8 registrato con il programma &#8220;Privacy Shield&#8221; del Dipartimento del Commercio degli Stati Uniti e utilizza le informazioni raccolte per valutare l&#8217;uso dei nostri siti Web, per scrivere rapporti per noi al riguardo e altri servizi correlati a noi per fornire. Puoi saperne di pi\u00f9 su <a href=\"https:\/\/marketingplatform.google.com\/about\/analytics\/terms\/it\/\">http:\/\/www.google.com\/intl\/it\/analytics\/privacyoverview.html<\/a>.<\/p>\n<p class=\"\"><strong class=\"\">Dichiarazione sulla protezione dei dati per Google AdSense<\/strong><\/p>\n<p class=\"\">Il nostro sito Web utilizza Google AdSense, un servizio per l&#8217;integrazione di annunci pubblicitari di Google Inc., 1600 Amphitheatre Parkway, Mountain View, CA 94043, USA. GoogleAdSense utilizza i cosiddetti &#8220;cookie&#8221;, file di testo che vengono memorizzati sul tuo computer e che consentono un&#8217;analisi dell&#8217;uso del sito Web. Google AdSense utilizza anche i cosiddetti web beacon (grafica invisibile). Questi web beacon possono essere utilizzati per valutare informazioni come il traffico dei visitatori su queste pagine. Le informazioni generate da cookie e web beacon sull&#8217;utilizzo di questo sito Web (incluso il tuo indirizzo IP) e la consegna di formati pubblicitari vengono trasmesse a un server di Google negli Stati Uniti e ivi archiviate. Queste informazioni possono essere trasmesse da Google ai partner contrattuali di Google. Tuttavia, Google non unir\u00e0 il tuo indirizzo IP con altri dati che hai archiviato. \u00c8 possibile impedire l&#8217;installazione di cookie impostando di conseguenza il software del browser; tuttavia, tieni presente che in tal caso potresti non essere in grado di utilizzare tutte le funzionalit\u00e0 di questo sito Web. Utilizzando questo sito Web, acconsenti al trattamento dei dati su di te da parte di Google secondo le modalit\u00e0 e per le finalit\u00e0 sopra indicate.<\/p>\n<p class=\"\"><strong class=\"\">Dichiarazione sulla protezione dei dati per Facebook<\/strong><\/p>\n<p class=\"\">Il nostro sito Web utilizza le funzioni di Facebook Inc., 1601 S. California Ave, Palo Alto, CA 94304, USA. Quando accedi alle nostre pagine con i plug-in di Facebook, viene stabilita una connessione tra il tuo browser e i server di Facebook. I dati sono gi\u00e0 stati trasferiti su Facebook. Se hai un account Facebook, questi dati possono essere collegati ad esso. Se non si desidera che questi dati vengano assegnati al proprio account Facebook, disconnettersi da Facebook prima di visitare il nostro sito. Anche le interazioni, in particolare l&#8217;uso di una funzione di commento o il clic di un pulsante &#8220;Mi piace&#8221; o &#8220;Condividi&#8221;, vengono trasmessi a Facebook. Scopri di pi\u00f9 su: <a href=\"https:\/\/www.facebook.com\/privacy\/explanation\">https:\/\/www.facebook.com\/privacy\/explanation<\/a><\/p>\n<p class=\"\"><strong class=\"\">Dichiarazione sulla protezione dei dati per Twitter<\/strong><\/p>\n<p class=\"\">Il nostro sito Web utilizza funzionalit\u00e0 di Twitter, Inc., 1355 Market St, Suite 900, San Francisco, CA 94103, USA. Quando accedi alle nostre pagine con i plug-in di Twitter, viene stabilita una connessione tra il tuo browser e i server di Twitter. I dati sono gi\u00e0 stati trasferiti su Twitter. Se hai un account Twitter, questi dati possono essere collegati ad esso. Se non si desidera che questi dati vengano assegnati al proprio account Twitter, disconnettersi da Twitter prima di visitare il nostro sito. Le interazioni, in particolare facendo clic su un pulsante &#8220;ri-tweet&#8221;, vengono anche trasmesse a Twitter. Scopri di pi\u00f9 su: <a class=\"\" href=\"https:\/\/twitter.com\/privacy\">https:\/\/twitter.com\/privacy<\/a>.<\/p>\n<p class=\"\">Fonte: <a class=\"\" href=\"https:\/\/www.anwalt.de\/vorlage\/muster-datenschutzerklaerung.php\">Muster-Datenschutzerkl\u00e4rung von anwalt.de<\/a><\/p>\n<\/div>\n<\/div>\n<\/div>\n<\/div>\n<\/div>\n\n<div id=\"cmsmasters_divider_69e74831afccf8_86716312\" class=\"cmsmasters_divider cmsmasters_divider_width_long cmsmasters_divider_pos_center\"><\/div>\n<\/div>\n<div class=\"cmsmasters_column one_first\">\n<\/div>\n<\/div>\n<\/div>\n<\/div>\n<\/div>\n<\/div>\n\n","protected":false},"excerpt":{"rendered":"","protected":false},"author":1,"featured_media":0,"parent":0,"menu_order":0,"comment_status":"closed","ping_status":"closed","template":"","meta":{"_monsterinsights_skip_tracking":false,"_monsterinsights_sitenote_active":false,"_monsterinsights_sitenote_note":"","_monsterinsights_sitenote_category":0,"footnotes":""},"class_list":["post-2463","page","type-page","status-publish","hentry"],"yoast_head":"<!-- This site is optimized with the Yoast SEO plugin v27.3 - https:\/\/yoast.com\/product\/yoast-seo-wordpress\/ -->\n<title>Protezione dei dati - Rush Hour Strip club di Berlino<\/title>\n<meta name=\"robots\" content=\"index, follow, max-snippet:-1, max-image-preview:large, max-video-preview:-1\" \/>\n<link rel=\"canonical\" href=\"https:\/\/rush-hour-berlin.de\/it\/protezione-dei-dati\/\" \/>\n<meta property=\"og:locale\" content=\"it_IT\" \/>\n<meta property=\"og:type\" content=\"article\" \/>\n<meta property=\"og:title\" content=\"Protezione dei dati - Rush Hour Strip club di Berlino\" \/>\n<meta property=\"og:url\" content=\"https:\/\/rush-hour-berlin.de\/it\/protezione-dei-dati\/\" \/>\n<meta property=\"og:site_name\" content=\"Rush Hour Strip club di Berlino\" \/>\n<meta property=\"article:publisher\" content=\"https:\/\/www.facebook.com\/rushhourberlin\/\" \/>\n<meta property=\"article:modified_time\" content=\"2024-02-28T05:53:34+00:00\" \/>\n<meta name=\"twitter:card\" content=\"summary_large_image\" \/>\n<meta name=\"twitter:label1\" content=\"Tempo di lettura stimato\" \/>\n\t<meta name=\"twitter:data1\" content=\"5 minuti\" \/>\n<script type=\"application\/ld+json\" class=\"yoast-schema-graph\">{\"@context\":\"https:\\\/\\\/schema.org\",\"@graph\":[{\"@type\":\"WebPage\",\"@id\":\"https:\\\/\\\/rush-hour-berlin.de\\\/it\\\/protezione-dei-dati\\\/\",\"url\":\"https:\\\/\\\/rush-hour-berlin.de\\\/it\\\/protezione-dei-dati\\\/\",\"name\":\"Protezione dei dati - Rush Hour Strip club di Berlino\",\"isPartOf\":{\"@id\":\"https:\\\/\\\/rush-hour-berlin.de\\\/it\\\/#website\"},\"datePublished\":\"2020-04-27T17:14:59+00:00\",\"dateModified\":\"2024-02-28T05:53:34+00:00\",\"breadcrumb\":{\"@id\":\"https:\\\/\\\/rush-hour-berlin.de\\\/it\\\/protezione-dei-dati\\\/#breadcrumb\"},\"inLanguage\":\"it-IT\",\"potentialAction\":[{\"@type\":\"ReadAction\",\"target\":[\"https:\\\/\\\/rush-hour-berlin.de\\\/it\\\/protezione-dei-dati\\\/\"]}]},{\"@type\":\"BreadcrumbList\",\"@id\":\"https:\\\/\\\/rush-hour-berlin.de\\\/it\\\/protezione-dei-dati\\\/#breadcrumb\",\"itemListElement\":[{\"@type\":\"ListItem\",\"position\":1,\"name\":\"Startseite\",\"item\":\"https:\\\/\\\/rush-hour-berlin.de\\\/it\\\/\"},{\"@type\":\"ListItem\",\"position\":2,\"name\":\"Protezione dei dati\"}]},{\"@type\":\"WebSite\",\"@id\":\"https:\\\/\\\/rush-hour-berlin.de\\\/it\\\/#website\",\"url\":\"https:\\\/\\\/rush-hour-berlin.de\\\/it\\\/\",\"name\":\"Rush Hour Tabledance Berlin\",\"description\":\"Nightclub &amp; Tabledance Club\",\"publisher\":{\"@id\":\"https:\\\/\\\/rush-hour-berlin.de\\\/it\\\/#organization\"},\"potentialAction\":[{\"@type\":\"SearchAction\",\"target\":{\"@type\":\"EntryPoint\",\"urlTemplate\":\"https:\\\/\\\/rush-hour-berlin.de\\\/it\\\/?s={search_term_string}\"},\"query-input\":{\"@type\":\"PropertyValueSpecification\",\"valueRequired\":true,\"valueName\":\"search_term_string\"}}],\"inLanguage\":\"it-IT\"},{\"@type\":\"Organization\",\"@id\":\"https:\\\/\\\/rush-hour-berlin.de\\\/it\\\/#organization\",\"name\":\"Rush Hour\",\"url\":\"https:\\\/\\\/rush-hour-berlin.de\\\/it\\\/\",\"logo\":{\"@type\":\"ImageObject\",\"inLanguage\":\"it-IT\",\"@id\":\"https:\\\/\\\/rush-hour-berlin.de\\\/it\\\/#\\\/schema\\\/logo\\\/image\\\/\",\"url\":\"https:\\\/\\\/rush-hour-berlin.de\\\/wp-content\\\/uploads\\\/2024\\\/02\\\/logo-retina.png\",\"contentUrl\":\"https:\\\/\\\/rush-hour-berlin.de\\\/wp-content\\\/uploads\\\/2024\\\/02\\\/logo-retina.png\",\"width\":514,\"height\":127,\"caption\":\"Rush Hour\"},\"image\":{\"@id\":\"https:\\\/\\\/rush-hour-berlin.de\\\/it\\\/#\\\/schema\\\/logo\\\/image\\\/\"},\"sameAs\":[\"https:\\\/\\\/www.facebook.com\\\/rushhourberlin\\\/\"]}]}<\/script>\n<!-- \/ Yoast SEO plugin. -->","yoast_head_json":{"title":"Protezione dei dati - Rush Hour Strip club di Berlino","robots":{"index":"index","follow":"follow","max-snippet":"max-snippet:-1","max-image-preview":"max-image-preview:large","max-video-preview":"max-video-preview:-1"},"canonical":"https:\/\/rush-hour-berlin.de\/it\/protezione-dei-dati\/","og_locale":"it_IT","og_type":"article","og_title":"Protezione dei dati - Rush Hour Strip club di Berlino","og_url":"https:\/\/rush-hour-berlin.de\/it\/protezione-dei-dati\/","og_site_name":"Rush Hour Strip club di Berlino","article_publisher":"https:\/\/www.facebook.com\/rushhourberlin\/","article_modified_time":"2024-02-28T05:53:34+00:00","twitter_card":"summary_large_image","twitter_misc":{"Tempo di lettura stimato":"5 minuti"},"schema":{"@context":"https:\/\/schema.org","@graph":[{"@type":"WebPage","@id":"https:\/\/rush-hour-berlin.de\/it\/protezione-dei-dati\/","url":"https:\/\/rush-hour-berlin.de\/it\/protezione-dei-dati\/","name":"Protezione dei dati - Rush Hour Strip club di Berlino","isPartOf":{"@id":"https:\/\/rush-hour-berlin.de\/it\/#website"},"datePublished":"2020-04-27T17:14:59+00:00","dateModified":"2024-02-28T05:53:34+00:00","breadcrumb":{"@id":"https:\/\/rush-hour-berlin.de\/it\/protezione-dei-dati\/#breadcrumb"},"inLanguage":"it-IT","potentialAction":[{"@type":"ReadAction","target":["https:\/\/rush-hour-berlin.de\/it\/protezione-dei-dati\/"]}]},{"@type":"BreadcrumbList","@id":"https:\/\/rush-hour-berlin.de\/it\/protezione-dei-dati\/#breadcrumb","itemListElement":[{"@type":"ListItem","position":1,"name":"Startseite","item":"https:\/\/rush-hour-berlin.de\/it\/"},{"@type":"ListItem","position":2,"name":"Protezione dei dati"}]},{"@type":"WebSite","@id":"https:\/\/rush-hour-berlin.de\/it\/#website","url":"https:\/\/rush-hour-berlin.de\/it\/","name":"Rush Hour Tabledance Berlin","description":"Nightclub &amp; Tabledance Club","publisher":{"@id":"https:\/\/rush-hour-berlin.de\/it\/#organization"},"potentialAction":[{"@type":"SearchAction","target":{"@type":"EntryPoint","urlTemplate":"https:\/\/rush-hour-berlin.de\/it\/?s={search_term_string}"},"query-input":{"@type":"PropertyValueSpecification","valueRequired":true,"valueName":"search_term_string"}}],"inLanguage":"it-IT"},{"@type":"Organization","@id":"https:\/\/rush-hour-berlin.de\/it\/#organization","name":"Rush Hour","url":"https:\/\/rush-hour-berlin.de\/it\/","logo":{"@type":"ImageObject","inLanguage":"it-IT","@id":"https:\/\/rush-hour-berlin.de\/it\/#\/schema\/logo\/image\/","url":"https:\/\/rush-hour-berlin.de\/wp-content\/uploads\/2024\/02\/logo-retina.png","contentUrl":"https:\/\/rush-hour-berlin.de\/wp-content\/uploads\/2024\/02\/logo-retina.png","width":514,"height":127,"caption":"Rush Hour"},"image":{"@id":"https:\/\/rush-hour-berlin.de\/it\/#\/schema\/logo\/image\/"},"sameAs":["https:\/\/www.facebook.com\/rushhourberlin\/"]}]}},"_links":{"self":[{"href":"https:\/\/rush-hour-berlin.de\/it\/wp-json\/wp\/v2\/pages\/2463","targetHints":{"allow":["GET"]}}],"collection":[{"href":"https:\/\/rush-hour-berlin.de\/it\/wp-json\/wp\/v2\/pages"}],"about":[{"href":"https:\/\/rush-hour-berlin.de\/it\/wp-json\/wp\/v2\/types\/page"}],"author":[{"embeddable":true,"href":"https:\/\/rush-hour-berlin.de\/it\/wp-json\/wp\/v2\/users\/1"}],"replies":[{"embeddable":true,"href":"https:\/\/rush-hour-berlin.de\/it\/wp-json\/wp\/v2\/comments?post=2463"}],"version-history":[{"count":4,"href":"https:\/\/rush-hour-berlin.de\/it\/wp-json\/wp\/v2\/pages\/2463\/revisions"}],"predecessor-version":[{"id":13809,"href":"https:\/\/rush-hour-berlin.de\/it\/wp-json\/wp\/v2\/pages\/2463\/revisions\/13809"}],"wp:attachment":[{"href":"https:\/\/rush-hour-berlin.de\/it\/wp-json\/wp\/v2\/media?parent=2463"}],"curies":[{"name":"wp","href":"https:\/\/api.w.org\/{rel}","templated":true}]}}