{"id":2459,"date":"2020-04-27T19:01:57","date_gmt":"2020-04-27T17:01:57","guid":{"rendered":"https:\/\/rush-hour-berlin.de\/?page_id=2459"},"modified":"2024-02-28T06:42:53","modified_gmt":"2024-02-28T05:42:53","slug":"impronta","status":"publish","type":"page","link":"https:\/\/rush-hour-berlin.de\/it\/impronta\/","title":{"rendered":"Impronta"},"content":{"rendered":"<style type=\"text\/css\"> \n#cmsmasters_row_69ec92150dfcc9_43295120 { \n\tbackground-image: url(https:\/\/rush-hour-berlin.de\/wp-content\/uploads\/2024\/01\/rush-pattern-2.png); \n\tbackground-position: top center; \n\tbackground-repeat: repeat; \n\tbackground-attachment: scroll; \n\tbackground-size: auto; \n} \n\n#cmsmasters_row_69ec92150dfcc9_43295120 .cmsmasters_row_outer_parent { \n\tpadding-top: 0px; \n} \n\n#cmsmasters_row_69ec92150dfcc9_43295120 .cmsmasters_row_outer_parent { \n\tpadding-bottom: 50px; \n} \n\n \n#cmsmasters_divider_69ec92150e2d78_85135817 { \n\tborder-bottom-width:0px; \n\tborder-bottom-style:solid; \n\tpadding-top:50px; \n\tmargin-bottom:0px; \n} \n<\/style><div id=\"cmsmasters_row_69ec92150dfcc9_43295120\" class=\"cmsmasters_row cmsmasters_color_scheme_default cmsmasters_row_top_default cmsmasters_row_bot_default cmsmasters_row_boxed\">\n<div class=\"cmsmasters_row_outer_parent\">\n<div class=\"cmsmasters_row_outer\">\n<div class=\"cmsmasters_row_inner\">\n<div class=\"cmsmasters_row_margin\">\n<div class=\"cmsmasters_column one_first\">\n\n<div id=\"cmsmasters_divider_69ec92150e2d78_85135817\" class=\"cl\"><\/div><div class=\"cmsmasters_text\">\n<div class=\"art-postcontent clearfix\">\n<div class=\"art-article\">\n<div>\n<div>\n<div class=\"art-postcontent clearfix\">\n<div class=\"art-article\">\n<div class=\"itemHeader\">\n<h2 class=\"itemTitle\">Rush-Hour Night Club<\/h2>\n<\/div>\n<div class=\"itemToolbar\">Manager: Sarah-Fleur Karaca<br \/>\nTrautenaustra\u00dfe 23<br \/>\n10717 Berlino<\/div>\n<div class=\"itemBody\">\n<p>Telefono: +49 178 \/ 7861694<br \/>\nE-Mail: <span id=\"cloaka52465808aa6ac06e40841e69e3a9642\"><a href=\"mailto:info@rush-hour-berlin.de\">info@rush-hour-berlin.de<\/a><\/span><\/p>\n<p>Numero di identificazione dell&#8217;imposta sulle vendite ai sensi dell&#8217;articolo 27 della legge sull&#8217;imposta sulle vendite: 24\/374\/63865<br \/>\nContenuto Responsabile secondo il \u00a7 6 MDStV: Sarah-Fleur-Karaca<\/p>\n<p>DSGVO <a href=\"\/?page_id=2362\">Politica sulla privacy<\/a><\/p>\n<hr \/>\n<h3>Avviso legale<\/h3>\n<p>Rush Hour Berlin si impegna a fornire informazioni e dati pertinenti sul proprio sito Web. \u00c8 esclusa una responsabilit\u00e0 o garanzia per l&#8217;attualit\u00e0, la correttezza e la completezza delle informazioni e dei dati forniti. Ci\u00f2 vale anche per tutti gli altri siti Web elencati direttamente o indirettamente a cui viene fatto riferimento tramite un collegamento ipertestuale. Rush Hour Berlin non \u00e8 responsabile per il contenuto di tali siti Web che possono essere raggiunti con questi collegamenti, ma solo per il contenuto di documenti e immagini HTML nel dominio www.rush-hour-berlin.de.<\/p>\n<p>Inoltre, Rush Hour Berlin non \u00e8 responsabile per danni diretti o indiretti, compresi i profitti persi, derivanti dall&#8217;uso delle informazioni o dei dati presenti su questo sito Web.<br \/>\nSono esclusi anche i diritti e gli obblighi tra Rush Hour Berlin e l&#8217;utente di questo sito Web o di terzi. Rush Hour Berlin si riserva il diritto di apportare modifiche o aggiunte alle informazioni o ai dati forniti in qualsiasi momento senza preavviso.<\/p>\n<p><strong>Supplementari:<\/strong><\/p>\n<div class=\"itemFullText\"><span class=\"tlid-translation translation\" lang=\"it\"><span class=\"\" title=\"\">Al fine di evitare inutili controversie legali e i relativi costi, vi preghiamo di contattarci in anticipo in caso di problemi con il diritto della concorrenza utilizzando le opzioni di comunicazione pubblica disponibili qui.<\/span> <span class=\"\" title=\"\">Con questa misura, rispetti l&#8217;obbligo di mitigare i danni in conformit\u00e0 con la legge.<\/span> <span class=\"\" title=\"\">Se non si contatta in anticipo &#8220;Rush Hour Berlin&#8221; tramite le opzioni di comunicazione disponibili qui, il costo delle avvertenze legali sar\u00e0 gi\u00e0 respinto in quanto infondato nel senso dell&#8217;obbligo di mitigare il danno.<\/span> <span class=\"\" title=\"\">A questo proposito, perseguiremo vigorosamente avvertimenti e costi abusivi sia in diritto penale che civile.<\/span><\/span><\/div>\n<\/div>\n<\/div>\n<\/div>\n<\/div>\n<\/div>\n<\/div>\n<\/div>\n<\/div>\n<\/div>\n<\/div>\n<\/div>\n<\/div>\n<\/div>\n<\/div>\n\n","protected":false},"excerpt":{"rendered":"","protected":false},"author":1,"featured_media":0,"parent":0,"menu_order":0,"comment_status":"closed","ping_status":"closed","template":"","meta":{"_monsterinsights_skip_tracking":false,"_monsterinsights_sitenote_active":false,"_monsterinsights_sitenote_note":"","_monsterinsights_sitenote_category":0,"footnotes":""},"class_list":["post-2459","page","type-page","status-publish","hentry"],"yoast_head":"<!-- This site is optimized with the Yoast SEO plugin v27.4 - https:\/\/yoast.com\/product\/yoast-seo-wordpress\/ -->\n<title>Impronta - Rush Hour Strip club di Berlino<\/title>\n<meta name=\"robots\" content=\"index, follow, max-snippet:-1, max-image-preview:large, max-video-preview:-1\" \/>\n<link rel=\"canonical\" href=\"https:\/\/rush-hour-berlin.de\/it\/impronta\/\" \/>\n<meta property=\"og:locale\" content=\"it_IT\" \/>\n<meta property=\"og:type\" content=\"article\" \/>\n<meta property=\"og:title\" content=\"Impronta - Rush Hour Strip club di Berlino\" \/>\n<meta property=\"og:url\" content=\"https:\/\/rush-hour-berlin.de\/it\/impronta\/\" \/>\n<meta property=\"og:site_name\" content=\"Rush Hour Strip club di Berlino\" \/>\n<meta property=\"article:publisher\" content=\"https:\/\/www.facebook.com\/rushhourberlin\/\" \/>\n<meta property=\"article:modified_time\" content=\"2024-02-28T05:42:53+00:00\" \/>\n<meta name=\"twitter:card\" content=\"summary_large_image\" \/>\n<meta name=\"twitter:label1\" content=\"Tempo di lettura stimato\" \/>\n\t<meta name=\"twitter:data1\" content=\"2 minuti\" \/>\n<script type=\"application\/ld+json\" class=\"yoast-schema-graph\">{\"@context\":\"https:\\\/\\\/schema.org\",\"@graph\":[{\"@type\":\"WebPage\",\"@id\":\"https:\\\/\\\/rush-hour-berlin.de\\\/it\\\/impronta\\\/\",\"url\":\"https:\\\/\\\/rush-hour-berlin.de\\\/it\\\/impronta\\\/\",\"name\":\"Impronta - Rush Hour Strip club di Berlino\",\"isPartOf\":{\"@id\":\"https:\\\/\\\/rush-hour-berlin.de\\\/it\\\/#website\"},\"datePublished\":\"2020-04-27T17:01:57+00:00\",\"dateModified\":\"2024-02-28T05:42:53+00:00\",\"breadcrumb\":{\"@id\":\"https:\\\/\\\/rush-hour-berlin.de\\\/it\\\/impronta\\\/#breadcrumb\"},\"inLanguage\":\"it-IT\",\"potentialAction\":[{\"@type\":\"ReadAction\",\"target\":[\"https:\\\/\\\/rush-hour-berlin.de\\\/it\\\/impronta\\\/\"]}]},{\"@type\":\"BreadcrumbList\",\"@id\":\"https:\\\/\\\/rush-hour-berlin.de\\\/it\\\/impronta\\\/#breadcrumb\",\"itemListElement\":[{\"@type\":\"ListItem\",\"position\":1,\"name\":\"Startseite\",\"item\":\"https:\\\/\\\/rush-hour-berlin.de\\\/it\\\/\"},{\"@type\":\"ListItem\",\"position\":2,\"name\":\"Impronta\"}]},{\"@type\":\"WebSite\",\"@id\":\"https:\\\/\\\/rush-hour-berlin.de\\\/it\\\/#website\",\"url\":\"https:\\\/\\\/rush-hour-berlin.de\\\/it\\\/\",\"name\":\"Rush Hour Tabledance Berlin\",\"description\":\"Nightclub &amp; Tabledance Club\",\"publisher\":{\"@id\":\"https:\\\/\\\/rush-hour-berlin.de\\\/it\\\/#organization\"},\"potentialAction\":[{\"@type\":\"SearchAction\",\"target\":{\"@type\":\"EntryPoint\",\"urlTemplate\":\"https:\\\/\\\/rush-hour-berlin.de\\\/it\\\/?s={search_term_string}\"},\"query-input\":{\"@type\":\"PropertyValueSpecification\",\"valueRequired\":true,\"valueName\":\"search_term_string\"}}],\"inLanguage\":\"it-IT\"},{\"@type\":\"Organization\",\"@id\":\"https:\\\/\\\/rush-hour-berlin.de\\\/it\\\/#organization\",\"name\":\"Rush Hour\",\"url\":\"https:\\\/\\\/rush-hour-berlin.de\\\/it\\\/\",\"logo\":{\"@type\":\"ImageObject\",\"inLanguage\":\"it-IT\",\"@id\":\"https:\\\/\\\/rush-hour-berlin.de\\\/it\\\/#\\\/schema\\\/logo\\\/image\\\/\",\"url\":\"https:\\\/\\\/rush-hour-berlin.de\\\/wp-content\\\/uploads\\\/2024\\\/02\\\/logo-retina.png\",\"contentUrl\":\"https:\\\/\\\/rush-hour-berlin.de\\\/wp-content\\\/uploads\\\/2024\\\/02\\\/logo-retina.png\",\"width\":514,\"height\":127,\"caption\":\"Rush Hour\"},\"image\":{\"@id\":\"https:\\\/\\\/rush-hour-berlin.de\\\/it\\\/#\\\/schema\\\/logo\\\/image\\\/\"},\"sameAs\":[\"https:\\\/\\\/www.facebook.com\\\/rushhourberlin\\\/\"]}]}<\/script>\n<!-- \/ Yoast SEO plugin. -->","yoast_head_json":{"title":"Impronta - Rush Hour Strip club di Berlino","robots":{"index":"index","follow":"follow","max-snippet":"max-snippet:-1","max-image-preview":"max-image-preview:large","max-video-preview":"max-video-preview:-1"},"canonical":"https:\/\/rush-hour-berlin.de\/it\/impronta\/","og_locale":"it_IT","og_type":"article","og_title":"Impronta - Rush Hour Strip club di Berlino","og_url":"https:\/\/rush-hour-berlin.de\/it\/impronta\/","og_site_name":"Rush Hour Strip club di Berlino","article_publisher":"https:\/\/www.facebook.com\/rushhourberlin\/","article_modified_time":"2024-02-28T05:42:53+00:00","twitter_card":"summary_large_image","twitter_misc":{"Tempo di lettura stimato":"2 minuti"},"schema":{"@context":"https:\/\/schema.org","@graph":[{"@type":"WebPage","@id":"https:\/\/rush-hour-berlin.de\/it\/impronta\/","url":"https:\/\/rush-hour-berlin.de\/it\/impronta\/","name":"Impronta - Rush Hour Strip club di Berlino","isPartOf":{"@id":"https:\/\/rush-hour-berlin.de\/it\/#website"},"datePublished":"2020-04-27T17:01:57+00:00","dateModified":"2024-02-28T05:42:53+00:00","breadcrumb":{"@id":"https:\/\/rush-hour-berlin.de\/it\/impronta\/#breadcrumb"},"inLanguage":"it-IT","potentialAction":[{"@type":"ReadAction","target":["https:\/\/rush-hour-berlin.de\/it\/impronta\/"]}]},{"@type":"BreadcrumbList","@id":"https:\/\/rush-hour-berlin.de\/it\/impronta\/#breadcrumb","itemListElement":[{"@type":"ListItem","position":1,"name":"Startseite","item":"https:\/\/rush-hour-berlin.de\/it\/"},{"@type":"ListItem","position":2,"name":"Impronta"}]},{"@type":"WebSite","@id":"https:\/\/rush-hour-berlin.de\/it\/#website","url":"https:\/\/rush-hour-berlin.de\/it\/","name":"Rush Hour Tabledance Berlin","description":"Nightclub &amp; Tabledance Club","publisher":{"@id":"https:\/\/rush-hour-berlin.de\/it\/#organization"},"potentialAction":[{"@type":"SearchAction","target":{"@type":"EntryPoint","urlTemplate":"https:\/\/rush-hour-berlin.de\/it\/?s={search_term_string}"},"query-input":{"@type":"PropertyValueSpecification","valueRequired":true,"valueName":"search_term_string"}}],"inLanguage":"it-IT"},{"@type":"Organization","@id":"https:\/\/rush-hour-berlin.de\/it\/#organization","name":"Rush Hour","url":"https:\/\/rush-hour-berlin.de\/it\/","logo":{"@type":"ImageObject","inLanguage":"it-IT","@id":"https:\/\/rush-hour-berlin.de\/it\/#\/schema\/logo\/image\/","url":"https:\/\/rush-hour-berlin.de\/wp-content\/uploads\/2024\/02\/logo-retina.png","contentUrl":"https:\/\/rush-hour-berlin.de\/wp-content\/uploads\/2024\/02\/logo-retina.png","width":514,"height":127,"caption":"Rush Hour"},"image":{"@id":"https:\/\/rush-hour-berlin.de\/it\/#\/schema\/logo\/image\/"},"sameAs":["https:\/\/www.facebook.com\/rushhourberlin\/"]}]}},"_links":{"self":[{"href":"https:\/\/rush-hour-berlin.de\/it\/wp-json\/wp\/v2\/pages\/2459","targetHints":{"allow":["GET"]}}],"collection":[{"href":"https:\/\/rush-hour-berlin.de\/it\/wp-json\/wp\/v2\/pages"}],"about":[{"href":"https:\/\/rush-hour-berlin.de\/it\/wp-json\/wp\/v2\/types\/page"}],"author":[{"embeddable":true,"href":"https:\/\/rush-hour-berlin.de\/it\/wp-json\/wp\/v2\/users\/1"}],"replies":[{"embeddable":true,"href":"https:\/\/rush-hour-berlin.de\/it\/wp-json\/wp\/v2\/comments?post=2459"}],"version-history":[{"count":5,"href":"https:\/\/rush-hour-berlin.de\/it\/wp-json\/wp\/v2\/pages\/2459\/revisions"}],"predecessor-version":[{"id":13804,"href":"https:\/\/rush-hour-berlin.de\/it\/wp-json\/wp\/v2\/pages\/2459\/revisions\/13804"}],"wp:attachment":[{"href":"https:\/\/rush-hour-berlin.de\/it\/wp-json\/wp\/v2\/media?parent=2459"}],"curies":[{"name":"wp","href":"https:\/\/api.w.org\/{rel}","templated":true}]}}