{"id":6731,"date":"2021-11-16T14:19:28","date_gmt":"2021-11-16T13:19:28","guid":{"rendered":"https:\/\/rush-hour-berlin.de\/vip-packages\/"},"modified":"2024-02-28T09:36:47","modified_gmt":"2024-02-28T08:36:47","slug":"paquets-vip","status":"publish","type":"page","link":"https:\/\/rush-hour-berlin.de\/fr\/paquets-vip\/","title":{"rendered":"Paquets VIP"},"content":{"rendered":"<style type=\"text\/css\"> \n#cmsmasters_row_69e79b42d0d609_85595752 { \n\tbackground-image: url(https:\/\/rush-hour-berlin.de\/wp-content\/uploads\/2024\/01\/rush-pattern-2.png); \n\tbackground-position: top center; \n\tbackground-repeat: repeat; \n\tbackground-attachment: scroll; \n\tbackground-size: auto; \n} \n\n#cmsmasters_row_69e79b42d0d609_85595752 .cmsmasters_row_outer_parent { \n\tpadding-top: 0px; \n} \n\n#cmsmasters_row_69e79b42d0d609_85595752 .cmsmasters_row_outer_parent { \n\tpadding-bottom: 50px; \n} \n\n \n#cmsmasters_divider_69e79b42cfa725_30387115 { \n\tborder-bottom-width:0px; \n\tborder-bottom-style:solid; \n\tpadding-top:50px; \n\tmargin-bottom:0px; \n} \n \n#cmsmasters_heading_69e79b42cfcde6_46535657 { \n\ttext-align:center; \n\tmargin-top:0px; \n\tmargin-bottom:20px; \n} \n\n#cmsmasters_heading_69e79b42cfcde6_46535657 .cmsmasters_heading { \n\ttext-align:center; \n} \n\n#cmsmasters_heading_69e79b42cfcde6_46535657 .cmsmasters_heading, #cmsmasters_heading_69e79b42cfcde6_46535657 .cmsmasters_heading a { \n\tfont-weight:bold; \n\tfont-style:normal; \n} \n\n#cmsmasters_heading_69e79b42cfcde6_46535657 .cmsmasters_heading_divider { \n} \n\n \n#cmsmasters_heading_69e79b42d03730_55267511 { \n\ttext-align:center; \n\tmargin-top:0px; \n\tmargin-bottom:20px; \n} \n\n#cmsmasters_heading_69e79b42d03730_55267511 .cmsmasters_heading { \n\ttext-align:center; \n} \n\n#cmsmasters_heading_69e79b42d03730_55267511 .cmsmasters_heading, #cmsmasters_heading_69e79b42d03730_55267511 .cmsmasters_heading a { \n\tfont-weight:bold; \n\tfont-style:normal; \n} \n\n#cmsmasters_heading_69e79b42d03730_55267511 .cmsmasters_heading_divider { \n} \n\n \n#cmsmasters_divider_69e79b42d06344_12075491 { \n\tborder-bottom-width:0px; \n\tborder-bottom-style:solid; \n\tpadding-top:50px; \n\tmargin-bottom:0px; \n} \n \n#cmsmasters_heading_69e79b42d073a8_81663311 { \n\ttext-align:center; \n\tmargin-top:0px; \n\tmargin-bottom:20px; \n} \n\n#cmsmasters_heading_69e79b42d073a8_81663311 .cmsmasters_heading { \n\ttext-align:center; \n} \n\n#cmsmasters_heading_69e79b42d073a8_81663311 .cmsmasters_heading, #cmsmasters_heading_69e79b42d073a8_81663311 .cmsmasters_heading a { \n\tfont-weight:bold; \n\tfont-style:normal; \n} \n\n#cmsmasters_heading_69e79b42d073a8_81663311 .cmsmasters_heading_divider { \n} \n\n \n#cmsmasters_heading_69e79b42d09f41_59083777 { \n\ttext-align:center; \n\tmargin-top:0px; \n\tmargin-bottom:20px; \n} \n\n#cmsmasters_heading_69e79b42d09f41_59083777 .cmsmasters_heading { \n\ttext-align:center; \n} \n\n#cmsmasters_heading_69e79b42d09f41_59083777 .cmsmasters_heading, #cmsmasters_heading_69e79b42d09f41_59083777 .cmsmasters_heading a { \n\tfont-weight:bold; \n\tfont-style:normal; \n} \n\n#cmsmasters_heading_69e79b42d09f41_59083777 .cmsmasters_heading_divider { \n} \n\n \n#cmsmasters_divider_69e79b42d0d300_76756571 { \n\tborder-bottom-width:0px; \n\tborder-bottom-style:solid; \n\tpadding-top:50px; \n\tmargin-bottom:0px; \n} \n \n#cmsmasters_heading_69e79b42d0fba5_92618534 { \n\ttext-align:center; \n\tmargin-top:0px; \n\tmargin-bottom:20px; \n} \n\n#cmsmasters_heading_69e79b42d0fba5_92618534 .cmsmasters_heading { \n\ttext-align:center; \n} \n\n#cmsmasters_heading_69e79b42d0fba5_92618534 .cmsmasters_heading, #cmsmasters_heading_69e79b42d0fba5_92618534 .cmsmasters_heading a { \n\tfont-weight:bold; \n\tfont-style:normal; \n} \n\n#cmsmasters_heading_69e79b42d0fba5_92618534 .cmsmasters_heading_divider { \n} \n\n<\/style><div id=\"cmsmasters_row_69e79b42d0d609_85595752\" class=\"cmsmasters_row cmsmasters_color_scheme_default cmsmasters_row_top_default cmsmasters_row_bot_default cmsmasters_row_boxed\">\n<div class=\"cmsmasters_row_outer_parent\">\n<div class=\"cmsmasters_row_outer\">\n<div class=\"cmsmasters_row_inner\">\n<div class=\"cmsmasters_row_margin\">\n<div class=\"cmsmasters_column one_first\">\n\n<div id=\"cmsmasters_divider_69e79b42cfa725_30387115\" class=\"cl\"><\/div>\n<\/div>\n<\/div>\n<\/div>\n<div class=\"cmsmasters_row_inner\">\n<div class=\"cmsmasters_row_margin\">\n<div class=\"cmsmasters_column one_half\">\n\n<div id=\"cmsmasters_heading_69e79b42cfcde6_46535657\" class=\"cmsmasters_heading_wrap cmsmasters_heading_align_center\">\n\t<h2 class=\"cmsmasters_heading\">Forfait Couple Chaud. Valeur du forfait \u20ac436,- Maintenant \u20ac296,-<\/h2>\n<\/div><div class=\"aligncenter\">\n<div class=\"cmsmasters_img  cmsmasters_image_c\" data-animation=\"fadeIn\" data-delay=\"0\">\n<img decoding=\"async\" src=\"https:\/\/rush-hour-berlin.de\/wp-content\/uploads\/2022\/01\/pack-hot-couple.jpg\" alt=\"RUSH HOUR VIP PAKET 1\" \/>\n<\/div>\n<\/div>\n<div class=\"cmsmasters_text\">\n<p>&nbsp;<\/p>\n<p class=\"p1\" style=\"text-align: center;\">Entr\u00e9e VIP pour jusqu&rsquo;\u00e0 2 invit\u00e9s, 2 long drinks, 1 bouteille de champagne Mo\u00ebt &amp; Chandon Brut 0,75 L, 40 $ en \u00ab\u00a0Strip Dollars\u00a0\u00bb pour des danses.<\/p>\n<\/div>\n<div class=\"aligncenter\">\n<div class=\"cmsmasters_img  cmsmasters_image_c\">\n<a href=\"https:\/\/form.jotform.com\/213352076863356?pack%5B%5D%5Bid%5D=1000\" target=\"_blank\"><img decoding=\"async\" src=\"https:\/\/rush-hour-berlin.de\/wp-content\/uploads\/2024\/02\/ACHETER.png\" alt=\"ACHETER\" \/><\/a>\n<\/div>\n<\/div>\n<\/div>\n<div class=\"cmsmasters_column one_half\">\n\n<div id=\"cmsmasters_heading_69e79b42d03730_55267511\" class=\"cmsmasters_heading_wrap cmsmasters_heading_align_center\">\n\t<h2 class=\"cmsmasters_heading\">Pack Hommes. Valeur du pack 800 \u20ac, maintenant 540 \u20ac.<\/h2>\n<\/div><div class=\"aligncenter\">\n<div class=\"cmsmasters_img  cmsmasters_image_c\" data-animation=\"fadeIn\" data-delay=\"0\">\n<img decoding=\"async\" src=\"https:\/\/rush-hour-berlin.de\/wp-content\/uploads\/2024\/02\/vip-gentlemen-package.webp\" alt=\"Paquet de boissons pour messieurs VIP\" \/>\n<\/div>\n<\/div>\n<div class=\"cmsmasters_text\">\n<p>&nbsp;<\/p>\n<p class=\"p1\" style=\"text-align: center;\">Entr\u00e9e VIP jusqu&rsquo;\u00e0 4 invit\u00e9s, 1 bouteille de liqueur premium de 0,7 L + Mixeur, 1 bouteille de champagne Mo\u00ebt &amp; Chandon Ros\u00e9 de 0,75 L, 70 $ en dollars de strip-tease pour les danses, Table VIP.<\/p>\n<\/div>\n<div class=\"aligncenter\">\n<div class=\"cmsmasters_img  cmsmasters_image_c\">\n<a href=\"https:\/\/form.jotform.com\/213352076863356?pack%5B%5D%5Bid%5D=1001\" target=\"_blank\"><img decoding=\"async\" src=\"https:\/\/rush-hour-berlin.de\/wp-content\/uploads\/2024\/02\/ACHETER.png\" alt=\"ACHETER\" \/><\/a>\n<\/div>\n<\/div>\n<\/div>\n<\/div>\n<\/div>\n<div class=\"cmsmasters_row_inner\">\n<div class=\"cmsmasters_row_margin\">\n<div class=\"cmsmasters_column one_first\">\n\n<div id=\"cmsmasters_divider_69e79b42d06344_12075491\" class=\"cl\"><\/div>\n<\/div>\n<\/div>\n<\/div>\n<div class=\"cmsmasters_row_inner\">\n<div class=\"cmsmasters_row_margin\">\n<div class=\"cmsmasters_column one_half\">\n\n<div id=\"cmsmasters_heading_69e79b42d073a8_81663311\" class=\"cmsmasters_heading_wrap cmsmasters_heading_align_center\">\n\t<h2 class=\"cmsmasters_heading\">F\u00eate &amp; Plaisir. Valeur du paquet \u20ac890,- Maintenant \u20ac610,-<\/h2>\n<\/div><div class=\"aligncenter\">\n<div class=\"cmsmasters_img  cmsmasters_image_c\" data-animation=\"fadeIn\" data-delay=\"0\">\n<img decoding=\"async\" src=\"https:\/\/rush-hour-berlin.de\/wp-content\/uploads\/2024\/02\/vip-pleasure-package.webp\" alt=\"Paquet de boissons plaisir VIP\" \/>\n<\/div>\n<\/div>\n<div class=\"cmsmasters_text\">\n<p>&nbsp;<\/p>\n<p class=\"p1\" style=\"text-align: center;\">Entr\u00e9e VIP pour jusqu&rsquo;\u00e0 4 invit\u00e9s, 1 alcool premium 0.7 L + boissons non-alcoolis\u00e9es, 1 bouteille de champagne Mo\u00ebt &amp; Chandon Ice 0.75 L, 80 dollars en strip-tease, Table VIP.<\/p>\n<\/div>\n<div class=\"aligncenter\">\n<div class=\"cmsmasters_img  cmsmasters_image_c\">\n<a href=\"https:\/\/form.jotform.com\/213352076863356?pack%5B%5D%5Bid%5D=1002\" target=\"_blank\"><img decoding=\"async\" src=\"https:\/\/rush-hour-berlin.de\/wp-content\/uploads\/2024\/02\/ACHETER.png\" alt=\"ACHETER\" \/><\/a>\n<\/div>\n<\/div>\n<\/div>\n<div class=\"cmsmasters_column one_half\">\n\n<div id=\"cmsmasters_heading_69e79b42d09f41_59083777\" class=\"cmsmasters_heading_wrap cmsmasters_heading_align_center\">\n\t<h2 class=\"cmsmasters_heading\">Le Pack Gueule de Bois. Valeur du pack 1290\u20ac, maintenant \u00e0 910\u20ac.<\/h2>\n<\/div><div class=\"aligncenter\">\n<div class=\"cmsmasters_img  cmsmasters_image_c\" data-animation=\"fadeIn\" data-delay=\"0\">\n<a href=\"https:\/\/form.jotform.com\/213352076863356?pack=1003\"><img decoding=\"async\" src=\"https:\/\/rush-hour-berlin.de\/wp-content\/uploads\/2022\/01\/pack-hangover.jpg\" alt=\"RUSH HOUR VIP PAKET 4\" \/><\/a>\n<\/div>\n<\/div>\n<div class=\"cmsmasters_text\">\n<p>&nbsp;<\/p>\n<p class=\"p1\" style=\"text-align: center;\">Entr\u00e9e VIP jusqu&rsquo;\u00e0 6 invit\u00e9s, 2 bouteilles de spiritueux premium de 0,7 L + boissons non alcoolis\u00e9es, 1 bouteille de champagne Mo\u00ebt &amp; Chandon Brut de 0,75 L, un spectacle sur sc\u00e8ne avec un volontaire, 100 dollars en billets de strip-tease.<\/p>\n<\/div>\n<div class=\"aligncenter\">\n<div class=\"cmsmasters_img  cmsmasters_image_c\">\n<a href=\"https:\/\/form.jotform.com\/213352076863356?pack%5B%5D%5Bid%5D=1003\" target=\"_blank\"><img decoding=\"async\" src=\"https:\/\/rush-hour-berlin.de\/wp-content\/uploads\/2024\/02\/ACHETER.png\" alt=\"ACHETER\" \/><\/a>\n<\/div>\n<\/div>\n<\/div>\n<\/div>\n<\/div>\n<div class=\"cmsmasters_row_inner\">\n<div class=\"cmsmasters_row_margin\">\n<div class=\"cmsmasters_column one_first\">\n\n<div id=\"cmsmasters_divider_69e79b42d0d300_76756571\" class=\"cl\"><\/div>\n<\/div>\n<\/div>\n<\/div>\n<div class=\"cmsmasters_row_inner\">\n<div class=\"cmsmasters_row_margin\">\n<div class=\"cmsmasters_column one_half\">\n\n<div id=\"cmsmasters_heading_69e79b42d0fba5_92618534\" class=\"cmsmasters_heading_wrap cmsmasters_heading_align_center\">\n\t<h2 class=\"cmsmasters_heading\">Forfait High Roller VIP. Valeur du forfait 1750 \u20ac, maintenant 1220 \u20ac.<\/h2>\n<\/div><div class=\"aligncenter\">\n<div class=\"cmsmasters_img  cmsmasters_image_c\" data-animation=\"fadeIn\" data-delay=\"0\">\n<a href=\"https:\/\/form.jotform.com\/213352076863356?pack=1003\"><img decoding=\"async\" src=\"https:\/\/rush-hour-berlin.de\/wp-content\/uploads\/2022\/01\/pack-high-roller.jpg\" alt=\"RUSH HOUR VIP PAKET 5\" \/><\/a>\n<\/div>\n<\/div>\n<div class=\"cmsmasters_text\">\n<p>&nbsp;<\/p>\n<p class=\"p1\" style=\"text-align: center;\">Entr\u00e9e VIP jusqu&rsquo;\u00e0 6 invit\u00e9s, 2 bouteilles de spiritueux Premium de 0,7 L + boissons non alcoolis\u00e9es, 2 bouteilles de champagne Mo\u00ebt &amp; Chandon Ice de 0,75 L, 1 danse priv\u00e9e pour 1 personne, 100 dollars en monnaie de strip-tease. MEILLEURE TABLE !<\/p>\n<\/div>\n<div class=\"aligncenter\">\n<div class=\"cmsmasters_img  cmsmasters_image_c\">\n<a href=\"https:\/\/form.jotform.com\/213352076863356?pack%5B%5D%5Bid%5D=1004\" target=\"_blank\"><img decoding=\"async\" src=\"https:\/\/rush-hour-berlin.de\/wp-content\/uploads\/2024\/02\/ACHETER.png\" alt=\"ACHETER\" \/><\/a>\n<\/div>\n<\/div>\n<\/div>\n<div class=\"cmsmasters_column one_half\">\n<\/div>\n<\/div>\n<\/div>\n<\/div>\n<\/div>\n<\/div>\n\n","protected":false},"excerpt":{"rendered":"","protected":false},"author":1,"featured_media":9379,"parent":0,"menu_order":0,"comment_status":"closed","ping_status":"closed","template":"","meta":{"_monsterinsights_skip_tracking":false,"_monsterinsights_sitenote_active":false,"_monsterinsights_sitenote_note":"","_monsterinsights_sitenote_category":0,"footnotes":""},"class_list":["post-6731","page","type-page","status-publish","has-post-thumbnail","hentry"],"yoast_head":"<!-- This site is optimized with the Yoast SEO plugin v27.3 - https:\/\/yoast.com\/product\/yoast-seo-wordpress\/ -->\n<title>Paquets VIP - Rush Hour Club de striptease Berlin<\/title>\n<meta name=\"robots\" content=\"index, follow, max-snippet:-1, max-image-preview:large, max-video-preview:-1\" \/>\n<link rel=\"canonical\" href=\"https:\/\/rush-hour-berlin.de\/fr\/paquets-vip\/\" \/>\n<meta property=\"og:locale\" content=\"fr_FR\" \/>\n<meta property=\"og:type\" content=\"article\" \/>\n<meta property=\"og:title\" content=\"Paquets VIP - Rush Hour Club de striptease Berlin\" \/>\n<meta property=\"og:url\" content=\"https:\/\/rush-hour-berlin.de\/fr\/paquets-vip\/\" \/>\n<meta property=\"og:site_name\" content=\"Rush Hour Club de striptease Berlin\" \/>\n<meta property=\"article:publisher\" content=\"https:\/\/www.facebook.com\/rushhourberlin\/\" \/>\n<meta property=\"article:modified_time\" content=\"2024-02-28T08:36:47+00:00\" \/>\n<meta property=\"og:image\" content=\"https:\/\/rush-hour-berlin.de\/wp-content\/uploads\/2022\/10\/vip.jpg\" \/>\n\t<meta property=\"og:image:width\" content=\"2000\" \/>\n\t<meta property=\"og:image:height\" content=\"1000\" \/>\n\t<meta property=\"og:image:type\" content=\"image\/jpeg\" \/>\n<meta name=\"twitter:card\" content=\"summary_large_image\" \/>\n<meta name=\"twitter:label1\" content=\"Dur\u00e9e de lecture estim\u00e9e\" \/>\n\t<meta name=\"twitter:data1\" content=\"2 minutes\" \/>\n<script type=\"application\/ld+json\" class=\"yoast-schema-graph\">{\"@context\":\"https:\\\/\\\/schema.org\",\"@graph\":[{\"@type\":\"WebPage\",\"@id\":\"https:\\\/\\\/rush-hour-berlin.de\\\/fr\\\/paquets-vip\\\/\",\"url\":\"https:\\\/\\\/rush-hour-berlin.de\\\/fr\\\/paquets-vip\\\/\",\"name\":\"Paquets VIP - Rush Hour Club de striptease Berlin\",\"isPartOf\":{\"@id\":\"https:\\\/\\\/rush-hour-berlin.de\\\/fr\\\/#website\"},\"primaryImageOfPage\":{\"@id\":\"https:\\\/\\\/rush-hour-berlin.de\\\/fr\\\/paquets-vip\\\/#primaryimage\"},\"image\":{\"@id\":\"https:\\\/\\\/rush-hour-berlin.de\\\/fr\\\/paquets-vip\\\/#primaryimage\"},\"thumbnailUrl\":\"https:\\\/\\\/rush-hour-berlin.de\\\/wp-content\\\/uploads\\\/2022\\\/10\\\/vip.jpg\",\"datePublished\":\"2021-11-16T13:19:28+00:00\",\"dateModified\":\"2024-02-28T08:36:47+00:00\",\"breadcrumb\":{\"@id\":\"https:\\\/\\\/rush-hour-berlin.de\\\/fr\\\/paquets-vip\\\/#breadcrumb\"},\"inLanguage\":\"fr-FR\",\"potentialAction\":[{\"@type\":\"ReadAction\",\"target\":[\"https:\\\/\\\/rush-hour-berlin.de\\\/fr\\\/paquets-vip\\\/\"]}]},{\"@type\":\"ImageObject\",\"inLanguage\":\"fr-FR\",\"@id\":\"https:\\\/\\\/rush-hour-berlin.de\\\/fr\\\/paquets-vip\\\/#primaryimage\",\"url\":\"https:\\\/\\\/rush-hour-berlin.de\\\/wp-content\\\/uploads\\\/2022\\\/10\\\/vip.jpg\",\"contentUrl\":\"https:\\\/\\\/rush-hour-berlin.de\\\/wp-content\\\/uploads\\\/2022\\\/10\\\/vip.jpg\",\"width\":2000,\"height\":1000,\"caption\":\"VIP Tisch\"},{\"@type\":\"BreadcrumbList\",\"@id\":\"https:\\\/\\\/rush-hour-berlin.de\\\/fr\\\/paquets-vip\\\/#breadcrumb\",\"itemListElement\":[{\"@type\":\"ListItem\",\"position\":1,\"name\":\"Startseite\",\"item\":\"https:\\\/\\\/rush-hour-berlin.de\\\/fr\\\/\"},{\"@type\":\"ListItem\",\"position\":2,\"name\":\"Paquets VIP\"}]},{\"@type\":\"WebSite\",\"@id\":\"https:\\\/\\\/rush-hour-berlin.de\\\/fr\\\/#website\",\"url\":\"https:\\\/\\\/rush-hour-berlin.de\\\/fr\\\/\",\"name\":\"Rush Hour Tabledance Berlin\",\"description\":\"Nightclub &amp; Tabledance Club\",\"publisher\":{\"@id\":\"https:\\\/\\\/rush-hour-berlin.de\\\/fr\\\/#organization\"},\"potentialAction\":[{\"@type\":\"SearchAction\",\"target\":{\"@type\":\"EntryPoint\",\"urlTemplate\":\"https:\\\/\\\/rush-hour-berlin.de\\\/fr\\\/?s={search_term_string}\"},\"query-input\":{\"@type\":\"PropertyValueSpecification\",\"valueRequired\":true,\"valueName\":\"search_term_string\"}}],\"inLanguage\":\"fr-FR\"},{\"@type\":\"Organization\",\"@id\":\"https:\\\/\\\/rush-hour-berlin.de\\\/fr\\\/#organization\",\"name\":\"Rush Hour\",\"url\":\"https:\\\/\\\/rush-hour-berlin.de\\\/fr\\\/\",\"logo\":{\"@type\":\"ImageObject\",\"inLanguage\":\"fr-FR\",\"@id\":\"https:\\\/\\\/rush-hour-berlin.de\\\/fr\\\/#\\\/schema\\\/logo\\\/image\\\/\",\"url\":\"https:\\\/\\\/rush-hour-berlin.de\\\/wp-content\\\/uploads\\\/2024\\\/02\\\/logo-retina.png\",\"contentUrl\":\"https:\\\/\\\/rush-hour-berlin.de\\\/wp-content\\\/uploads\\\/2024\\\/02\\\/logo-retina.png\",\"width\":514,\"height\":127,\"caption\":\"Rush Hour\"},\"image\":{\"@id\":\"https:\\\/\\\/rush-hour-berlin.de\\\/fr\\\/#\\\/schema\\\/logo\\\/image\\\/\"},\"sameAs\":[\"https:\\\/\\\/www.facebook.com\\\/rushhourberlin\\\/\"]}]}<\/script>\n<!-- \/ Yoast SEO plugin. -->","yoast_head_json":{"title":"Paquets VIP - Rush Hour Club de striptease Berlin","robots":{"index":"index","follow":"follow","max-snippet":"max-snippet:-1","max-image-preview":"max-image-preview:large","max-video-preview":"max-video-preview:-1"},"canonical":"https:\/\/rush-hour-berlin.de\/fr\/paquets-vip\/","og_locale":"fr_FR","og_type":"article","og_title":"Paquets VIP - Rush Hour Club de striptease Berlin","og_url":"https:\/\/rush-hour-berlin.de\/fr\/paquets-vip\/","og_site_name":"Rush Hour Club de striptease Berlin","article_publisher":"https:\/\/www.facebook.com\/rushhourberlin\/","article_modified_time":"2024-02-28T08:36:47+00:00","og_image":[{"width":2000,"height":1000,"url":"https:\/\/rush-hour-berlin.de\/wp-content\/uploads\/2022\/10\/vip.jpg","type":"image\/jpeg"}],"twitter_card":"summary_large_image","twitter_misc":{"Dur\u00e9e de lecture estim\u00e9e":"2 minutes"},"schema":{"@context":"https:\/\/schema.org","@graph":[{"@type":"WebPage","@id":"https:\/\/rush-hour-berlin.de\/fr\/paquets-vip\/","url":"https:\/\/rush-hour-berlin.de\/fr\/paquets-vip\/","name":"Paquets VIP - Rush Hour Club de striptease Berlin","isPartOf":{"@id":"https:\/\/rush-hour-berlin.de\/fr\/#website"},"primaryImageOfPage":{"@id":"https:\/\/rush-hour-berlin.de\/fr\/paquets-vip\/#primaryimage"},"image":{"@id":"https:\/\/rush-hour-berlin.de\/fr\/paquets-vip\/#primaryimage"},"thumbnailUrl":"https:\/\/rush-hour-berlin.de\/wp-content\/uploads\/2022\/10\/vip.jpg","datePublished":"2021-11-16T13:19:28+00:00","dateModified":"2024-02-28T08:36:47+00:00","breadcrumb":{"@id":"https:\/\/rush-hour-berlin.de\/fr\/paquets-vip\/#breadcrumb"},"inLanguage":"fr-FR","potentialAction":[{"@type":"ReadAction","target":["https:\/\/rush-hour-berlin.de\/fr\/paquets-vip\/"]}]},{"@type":"ImageObject","inLanguage":"fr-FR","@id":"https:\/\/rush-hour-berlin.de\/fr\/paquets-vip\/#primaryimage","url":"https:\/\/rush-hour-berlin.de\/wp-content\/uploads\/2022\/10\/vip.jpg","contentUrl":"https:\/\/rush-hour-berlin.de\/wp-content\/uploads\/2022\/10\/vip.jpg","width":2000,"height":1000,"caption":"VIP Tisch"},{"@type":"BreadcrumbList","@id":"https:\/\/rush-hour-berlin.de\/fr\/paquets-vip\/#breadcrumb","itemListElement":[{"@type":"ListItem","position":1,"name":"Startseite","item":"https:\/\/rush-hour-berlin.de\/fr\/"},{"@type":"ListItem","position":2,"name":"Paquets VIP"}]},{"@type":"WebSite","@id":"https:\/\/rush-hour-berlin.de\/fr\/#website","url":"https:\/\/rush-hour-berlin.de\/fr\/","name":"Rush Hour Tabledance Berlin","description":"Nightclub &amp; Tabledance Club","publisher":{"@id":"https:\/\/rush-hour-berlin.de\/fr\/#organization"},"potentialAction":[{"@type":"SearchAction","target":{"@type":"EntryPoint","urlTemplate":"https:\/\/rush-hour-berlin.de\/fr\/?s={search_term_string}"},"query-input":{"@type":"PropertyValueSpecification","valueRequired":true,"valueName":"search_term_string"}}],"inLanguage":"fr-FR"},{"@type":"Organization","@id":"https:\/\/rush-hour-berlin.de\/fr\/#organization","name":"Rush Hour","url":"https:\/\/rush-hour-berlin.de\/fr\/","logo":{"@type":"ImageObject","inLanguage":"fr-FR","@id":"https:\/\/rush-hour-berlin.de\/fr\/#\/schema\/logo\/image\/","url":"https:\/\/rush-hour-berlin.de\/wp-content\/uploads\/2024\/02\/logo-retina.png","contentUrl":"https:\/\/rush-hour-berlin.de\/wp-content\/uploads\/2024\/02\/logo-retina.png","width":514,"height":127,"caption":"Rush Hour"},"image":{"@id":"https:\/\/rush-hour-berlin.de\/fr\/#\/schema\/logo\/image\/"},"sameAs":["https:\/\/www.facebook.com\/rushhourberlin\/"]}]}},"_links":{"self":[{"href":"https:\/\/rush-hour-berlin.de\/fr\/wp-json\/wp\/v2\/pages\/6731","targetHints":{"allow":["GET"]}}],"collection":[{"href":"https:\/\/rush-hour-berlin.de\/fr\/wp-json\/wp\/v2\/pages"}],"about":[{"href":"https:\/\/rush-hour-berlin.de\/fr\/wp-json\/wp\/v2\/types\/page"}],"author":[{"embeddable":true,"href":"https:\/\/rush-hour-berlin.de\/fr\/wp-json\/wp\/v2\/users\/1"}],"replies":[{"embeddable":true,"href":"https:\/\/rush-hour-berlin.de\/fr\/wp-json\/wp\/v2\/comments?post=6731"}],"version-history":[{"count":15,"href":"https:\/\/rush-hour-berlin.de\/fr\/wp-json\/wp\/v2\/pages\/6731\/revisions"}],"predecessor-version":[{"id":13898,"href":"https:\/\/rush-hour-berlin.de\/fr\/wp-json\/wp\/v2\/pages\/6731\/revisions\/13898"}],"wp:featuredmedia":[{"embeddable":true,"href":"https:\/\/rush-hour-berlin.de\/fr\/wp-json\/wp\/v2\/media\/9379"}],"wp:attachment":[{"href":"https:\/\/rush-hour-berlin.de\/fr\/wp-json\/wp\/v2\/media?parent=6731"}],"curies":[{"name":"wp","href":"https:\/\/api.w.org\/{rel}","templated":true}]}}