{"id":2758,"date":"2020-04-21T12:56:13","date_gmt":"2020-04-21T10:56:13","guid":{"rendered":"https:\/\/rush-hour-berlin.de\/datenschutz\/"},"modified":"2024-02-28T08:09:16","modified_gmt":"2024-02-28T07:09:16","slug":"politique-de-confidentialite","status":"publish","type":"page","link":"https:\/\/rush-hour-berlin.de\/fr\/politique-de-confidentialite\/","title":{"rendered":"Politique de confidentialit\u00e9"},"content":{"rendered":"<style type=\"text\/css\"> \n#cmsmasters_row_6a073f81edbd51_65229806 .cmsmasters_row_outer_parent { \n\tpadding-top: 0px; \n} \n\n#cmsmasters_row_6a073f81edbd51_65229806 .cmsmasters_row_outer_parent { \n\tpadding-bottom: 50px; \n} \n\n<\/style><div id=\"cmsmasters_row_6a073f81edbd51_65229806\" class=\"cmsmasters_row cmsmasters_color_scheme_default cmsmasters_row_top_default cmsmasters_row_bot_default cmsmasters_row_boxed\">\n<div class=\"cmsmasters_row_outer_parent\">\n<div class=\"cmsmasters_row_outer\">\n<div class=\"cmsmasters_row_inner\">\n<div class=\"cmsmasters_row_margin\">\n<div class=\"cmsmasters_column one_first\">\n<div class=\"cmsmasters_text\">\n<div class=\"art-postcontent clearfix\">\n<div class=\"art-article\">\n<div>\n<div>\n<p class=\"\"><strong class=\"\">D\u00e9claration g\u00e9n\u00e9rale de protection des donn\u00e9es<\/strong><\/p>\n<p class=\"\">En utilisant notre site Web, vous acceptez la collecte, le traitement et l&rsquo;utilisation des donn\u00e9es comme d\u00e9crit ci-dessous. Notre site Web peut g\u00e9n\u00e9ralement \u00eatre visit\u00e9 sans inscription. Des donn\u00e9es telles que les pages consult\u00e9es ou le nom du fichier consult\u00e9, la date et l&rsquo;heure sont stock\u00e9es sur le serveur \u00e0 des fins statistiques sans que ces donn\u00e9es vous soient directement li\u00e9es. Les donn\u00e9es personnelles, en particulier le nom, l&rsquo;adresse ou l&rsquo;adresse e-mail, sont collect\u00e9es dans la mesure du possible sur une base volontaire. Sans votre consentement, les donn\u00e9es ne seront pas transmises \u00e0 des tiers.<\/p>\n<p class=\"\"><strong class=\"\">Politique de confidentialit\u00e9 pour les cookies <\/strong><\/p>\n<p class=\"\">Unsere Website verwendet <a href=\"\/?page_id=1874\">Cookies<\/a>. Das sind kleine Textdateien, die es m\u00f6glich machen, auf dem Endger\u00e4t des Nutzers spezifische, auf den Nutzer bezogene Informationen zu speichern, w\u00e4hrend er die Website nutzt. Cookies erm\u00f6glichen es, insbesondere Nutzungsh\u00e4ufigkeit und Nutzeranzahl der Seiten zu ermitteln, Verhaltensweisen der Seitennutzung zu analysieren, aber auch unser Angebot kundenfreundlicher zu gestalten. Cookies bleiben \u00fcber das Ende einer Browser-Sitzung gespeichert und k\u00f6nnen bei einem erneuten Seitenbesuch wieder aufgerufen werden. Wenn Sie das nicht w\u00fcnschen, sollten Sie Ihren Internetbrowser so einstellen, dass er die Annahme von Cookies verweigert.<\/p>\n<p class=\"\"><strong class=\"\">Datenschutzerkl\u00e4rung f\u00fcr Google Analytics<\/strong><\/p>\n<p class=\"\">Notre site Web utilise Google Analytics, un service d&rsquo;analyse Web fourni par Google Inc., 1600 Amphitheatre Parkway, Mountain View, CA 94043, \u00c9tats-Unis. Pour d\u00e9sactiver Google Analytics, Google fournit un plug-in de navigateur \u00e0 l&rsquo;adresse http:\/\/tools.google.com\/dlpage\/gaoptout?hl=de. Google Analytics utilise des cookies. Il s&rsquo;agit de petits fichiers texte qui permettent de stocker des informations sp\u00e9cifiques li\u00e9es \u00e0 l&rsquo;utilisateur sur l&rsquo;appareil de l&rsquo;utilisateur. Ceux-ci permettent une analyse de l&rsquo;utilisation de notre site Web par Google. Les informations collect\u00e9es par le cookie sur l&rsquo;utilisation de notre site Web (y compris votre adresse IP) sont g\u00e9n\u00e9ralement transmises \u00e0 un serveur de Google aux \u00c9tats-Unis et y sont stock\u00e9es. Nous tenons \u00e0 souligner que le code \u00ab\u00a0gat._anonymizeIp ();\u00a0\u00bb a \u00e9t\u00e9 ajout\u00e9 \u00e0 Google Analytics sur ce site Web afin de garantir la collecte anonyme d&rsquo;adresses IP (ce que l&rsquo;on appelle le masquage IP). Si l&rsquo;anonymisation est active, Google raccourcit les adresses IP dans les \u00c9tats membres de l&rsquo;Union europ\u00e9enne ou dans d&rsquo;autres \u00c9tats contractants de l&rsquo;accord sur l&rsquo;Espace \u00e9conomique europ\u00e9en, c&rsquo;est pourquoi aucune conclusion ne peut \u00eatre tir\u00e9e sur votre identit\u00e9. L&rsquo;adresse IP compl\u00e8te est uniquement transf\u00e9r\u00e9e \u00e0 un serveur Google aux \u00c9tats-Unis et y est abr\u00e9g\u00e9e dans des cas exceptionnels. Google se conforme aux dispositions relatives \u00e0 la protection des donn\u00e9es de l&rsquo;accord \u00ab\u00a0Privacy Shield\u00a0\u00bb et est enregistr\u00e9 aupr\u00e8s du programme \u00ab\u00a0Privacy Shield\u00a0\u00bb du d\u00e9partement am\u00e9ricain du Commerce et utilise les informations collect\u00e9es pour \u00e9valuer l&rsquo;utilisation de nos sites Web, pour r\u00e9diger des rapports \u00e0 notre sujet \u00e0 cet \u00e9gard et d&rsquo;autres services connexes pour nous. \u00e0 fournir. Vous pouvez en savoir plus sur <a href=\"https:\/\/policies.google.com\/privacy?hl=fr\">http:\/\/www.google.com\/intl\/fr\/analytics\/privacyoverview.html<\/a>.<\/p>\n<p class=\"\"><strong class=\"\">D\u00e9claration de protection des donn\u00e9es pour Google AdSense<\/strong><\/p>\n<p class=\"\">Notre site Web utilise Google AdSense, un service d&rsquo;int\u00e9gration de publicit\u00e9s de Google Inc., 1600 Amphitheatre Parkway, Mountain View, CA 94043, \u00c9tats-Unis. GoogleAdSense utilise des \u00ab\u00a0cookies\u00a0\u00bb, des fichiers texte qui sont stock\u00e9s sur votre ordinateur et qui permettent une analyse de l&rsquo;utilisation du site Web. Google AdSense utilise \u00e9galement des balises Web (graphiques invisibles). Ces balises Web peuvent \u00eatre utilis\u00e9es pour \u00e9valuer des informations telles que le trafic des visiteurs sur ces pages. Les informations g\u00e9n\u00e9r\u00e9es par les cookies et les balises Web sur l&rsquo;utilisation de ce site Web (y compris votre adresse IP) et la livraison de formats publicitaires sont transmises \u00e0 un serveur de Google aux \u00c9tats-Unis et y sont stock\u00e9es. Ces informations peuvent \u00eatre transmises par Google \u00e0 des partenaires contractuels de Google. Cependant, Google ne fusionnera pas votre adresse IP avec d&rsquo;autres donn\u00e9es que vous avez stock\u00e9es. Vous pouvez emp\u00eacher l&rsquo;installation de cookies en configurant votre logiciel de navigation en cons\u00e9quence; cependant, veuillez noter que si vous le faites, vous ne pourrez peut-\u00eatre pas utiliser toutes les fonctionnalit\u00e9s de ce site Web. En utilisant ce site Web, vous consentez express\u00e9ment au traitement de vos donn\u00e9es nominatives par Google de la mani\u00e8re et aux fins d\u00e9crites ci-dessus.<\/p>\n<p class=\"\"><strong class=\"\"><span class=\"tlid-translation translation\" lang=\"fr\"><span class=\"\" title=\"\">D\u00e9claration de protection des donn\u00e9es pour Facebook<\/span><\/span><\/strong><\/p>\n<p class=\"\">Notre site Web utilise les fonctions de Facebook Inc., 1601 S. California Ave, Palo Alto, CA 94304, \u00c9tats-Unis. Lorsque vous acc\u00e9dez \u00e0 nos pages avec des plug-ins Facebook, une connexion est \u00e9tablie entre votre navigateur et les serveurs Facebook. Les donn\u00e9es sont d\u00e9j\u00e0 en cours de transfert vers Facebook. Si vous avez un compte Facebook, ces donn\u00e9es peuvent y \u00eatre li\u00e9es. Si vous ne souhaitez pas que ces donn\u00e9es soient attribu\u00e9es \u00e0 votre compte Facebook, veuillez vous d\u00e9connecter de Facebook avant de visiter notre site. Les interactions, en particulier l&rsquo;utilisation d&rsquo;une fonction de commentaire ou le clic sur un bouton \u00ab\u00a0J&rsquo;aime\u00a0\u00bb ou \u00ab\u00a0Partager\u00a0\u00bb, sont \u00e9galement transmises \u00e0 Facebook. Vous pouvez en savoir plus sur <a href=\"https:\/\/www.facebook.com\/about\/privacy\">https:\/\/fr-fr.facebook.com\/about\/privacy.<\/a><\/p>\n<p class=\"\"><strong class=\"\">D\u00e9claration de protection des donn\u00e9es pour Twitter<\/strong><\/p>\n<p class=\"\">Notre site Web utilise des fonctionnalit\u00e9s de Twitter, Inc., 1355 Market St, Suite 900, San Francisco, CA 94103, \u00c9tats-Unis. Lorsque vous acc\u00e9dez \u00e0 nos pages avec des plug-ins Twitter, une connexion est \u00e9tablie entre votre navigateur et les serveurs Twitter. Les donn\u00e9es sont d\u00e9j\u00e0 transf\u00e9r\u00e9es sur Twitter. Si vous avez un compte Twitter, ces donn\u00e9es peuvent y \u00eatre li\u00e9es. Si vous ne souhaitez pas que ces donn\u00e9es soient attribu\u00e9es \u00e0 votre compte Twitter, veuillez vous d\u00e9connecter de Twitter avant de visiter notre site. Les interactions, notamment en cliquant sur un bouton \u00abre-tweet\u00bb, sont \u00e9galement transmises \u00e0 Twitter. En savoir plus sur https:\/\/twitter.com\/privacy.<\/p>\n<p class=\"\">Source: <a class=\"\" href=\"https:\/\/www.anwalt.de\/vorlage\/muster-datenschutzerklaerung.php\">Muster-Datenschutzerkl\u00e4rung von anwalt.de<\/a><\/p>\n<\/div>\n<\/div>\n<\/div>\n<\/div>\n<\/div>\n<\/div>\n<\/div>\n<\/div>\n<\/div>\n<\/div>\n<\/div>\n\n","protected":false},"excerpt":{"rendered":"","protected":false},"author":1,"featured_media":0,"parent":0,"menu_order":0,"comment_status":"closed","ping_status":"closed","template":"","meta":{"_monsterinsights_skip_tracking":false,"_monsterinsights_sitenote_active":false,"_monsterinsights_sitenote_note":"","_monsterinsights_sitenote_category":0,"footnotes":""},"class_list":["post-2758","page","type-page","status-publish","hentry"],"yoast_head":"<!-- This site is optimized with the Yoast SEO plugin v27.4 - https:\/\/yoast.com\/product\/yoast-seo-wordpress\/ -->\n<title>Politique de confidentialit\u00e9 - Rush Hour Club de striptease Berlin<\/title>\n<meta name=\"robots\" content=\"index, follow, max-snippet:-1, max-image-preview:large, max-video-preview:-1\" \/>\n<link rel=\"canonical\" href=\"https:\/\/rush-hour-berlin.de\/fr\/politique-de-confidentialite\/\" \/>\n<meta property=\"og:locale\" content=\"fr_FR\" \/>\n<meta property=\"og:type\" content=\"article\" \/>\n<meta property=\"og:title\" content=\"Politique de confidentialit\u00e9 - Rush Hour Club de striptease Berlin\" \/>\n<meta property=\"og:url\" content=\"https:\/\/rush-hour-berlin.de\/fr\/politique-de-confidentialite\/\" \/>\n<meta property=\"og:site_name\" content=\"Rush Hour Club de striptease Berlin\" \/>\n<meta property=\"article:publisher\" content=\"https:\/\/www.facebook.com\/rushhourberlin\/\" \/>\n<meta property=\"article:modified_time\" content=\"2024-02-28T07:09:16+00:00\" \/>\n<meta name=\"twitter:card\" content=\"summary_large_image\" \/>\n<meta name=\"twitter:label1\" content=\"Dur\u00e9e de lecture estim\u00e9e\" \/>\n\t<meta name=\"twitter:data1\" content=\"5 minutes\" \/>\n<script type=\"application\/ld+json\" class=\"yoast-schema-graph\">{\"@context\":\"https:\\\/\\\/schema.org\",\"@graph\":[{\"@type\":\"WebPage\",\"@id\":\"https:\\\/\\\/rush-hour-berlin.de\\\/fr\\\/politique-de-confidentialite\\\/\",\"url\":\"https:\\\/\\\/rush-hour-berlin.de\\\/fr\\\/politique-de-confidentialite\\\/\",\"name\":\"Politique de confidentialit\u00e9 - Rush Hour Club de striptease Berlin\",\"isPartOf\":{\"@id\":\"https:\\\/\\\/rush-hour-berlin.de\\\/fr\\\/#website\"},\"datePublished\":\"2020-04-21T10:56:13+00:00\",\"dateModified\":\"2024-02-28T07:09:16+00:00\",\"breadcrumb\":{\"@id\":\"https:\\\/\\\/rush-hour-berlin.de\\\/fr\\\/politique-de-confidentialite\\\/#breadcrumb\"},\"inLanguage\":\"fr-FR\",\"potentialAction\":[{\"@type\":\"ReadAction\",\"target\":[\"https:\\\/\\\/rush-hour-berlin.de\\\/fr\\\/politique-de-confidentialite\\\/\"]}]},{\"@type\":\"BreadcrumbList\",\"@id\":\"https:\\\/\\\/rush-hour-berlin.de\\\/fr\\\/politique-de-confidentialite\\\/#breadcrumb\",\"itemListElement\":[{\"@type\":\"ListItem\",\"position\":1,\"name\":\"Startseite\",\"item\":\"https:\\\/\\\/rush-hour-berlin.de\\\/fr\\\/\"},{\"@type\":\"ListItem\",\"position\":2,\"name\":\"Politique de confidentialit\u00e9\"}]},{\"@type\":\"WebSite\",\"@id\":\"https:\\\/\\\/rush-hour-berlin.de\\\/fr\\\/#website\",\"url\":\"https:\\\/\\\/rush-hour-berlin.de\\\/fr\\\/\",\"name\":\"Rush Hour Tabledance Berlin\",\"description\":\"Nightclub &amp; Tabledance Club\",\"publisher\":{\"@id\":\"https:\\\/\\\/rush-hour-berlin.de\\\/fr\\\/#organization\"},\"potentialAction\":[{\"@type\":\"SearchAction\",\"target\":{\"@type\":\"EntryPoint\",\"urlTemplate\":\"https:\\\/\\\/rush-hour-berlin.de\\\/fr\\\/?s={search_term_string}\"},\"query-input\":{\"@type\":\"PropertyValueSpecification\",\"valueRequired\":true,\"valueName\":\"search_term_string\"}}],\"inLanguage\":\"fr-FR\"},{\"@type\":\"Organization\",\"@id\":\"https:\\\/\\\/rush-hour-berlin.de\\\/fr\\\/#organization\",\"name\":\"Rush Hour\",\"url\":\"https:\\\/\\\/rush-hour-berlin.de\\\/fr\\\/\",\"logo\":{\"@type\":\"ImageObject\",\"inLanguage\":\"fr-FR\",\"@id\":\"https:\\\/\\\/rush-hour-berlin.de\\\/fr\\\/#\\\/schema\\\/logo\\\/image\\\/\",\"url\":\"https:\\\/\\\/rush-hour-berlin.de\\\/wp-content\\\/uploads\\\/2024\\\/02\\\/logo-retina.png\",\"contentUrl\":\"https:\\\/\\\/rush-hour-berlin.de\\\/wp-content\\\/uploads\\\/2024\\\/02\\\/logo-retina.png\",\"width\":514,\"height\":127,\"caption\":\"Rush Hour\"},\"image\":{\"@id\":\"https:\\\/\\\/rush-hour-berlin.de\\\/fr\\\/#\\\/schema\\\/logo\\\/image\\\/\"},\"sameAs\":[\"https:\\\/\\\/www.facebook.com\\\/rushhourberlin\\\/\"]}]}<\/script>\n<!-- \/ Yoast SEO plugin. -->","yoast_head_json":{"title":"Politique de confidentialit\u00e9 - Rush Hour Club de striptease Berlin","robots":{"index":"index","follow":"follow","max-snippet":"max-snippet:-1","max-image-preview":"max-image-preview:large","max-video-preview":"max-video-preview:-1"},"canonical":"https:\/\/rush-hour-berlin.de\/fr\/politique-de-confidentialite\/","og_locale":"fr_FR","og_type":"article","og_title":"Politique de confidentialit\u00e9 - Rush Hour Club de striptease Berlin","og_url":"https:\/\/rush-hour-berlin.de\/fr\/politique-de-confidentialite\/","og_site_name":"Rush Hour Club de striptease Berlin","article_publisher":"https:\/\/www.facebook.com\/rushhourberlin\/","article_modified_time":"2024-02-28T07:09:16+00:00","twitter_card":"summary_large_image","twitter_misc":{"Dur\u00e9e de lecture estim\u00e9e":"5 minutes"},"schema":{"@context":"https:\/\/schema.org","@graph":[{"@type":"WebPage","@id":"https:\/\/rush-hour-berlin.de\/fr\/politique-de-confidentialite\/","url":"https:\/\/rush-hour-berlin.de\/fr\/politique-de-confidentialite\/","name":"Politique de confidentialit\u00e9 - Rush Hour Club de striptease Berlin","isPartOf":{"@id":"https:\/\/rush-hour-berlin.de\/fr\/#website"},"datePublished":"2020-04-21T10:56:13+00:00","dateModified":"2024-02-28T07:09:16+00:00","breadcrumb":{"@id":"https:\/\/rush-hour-berlin.de\/fr\/politique-de-confidentialite\/#breadcrumb"},"inLanguage":"fr-FR","potentialAction":[{"@type":"ReadAction","target":["https:\/\/rush-hour-berlin.de\/fr\/politique-de-confidentialite\/"]}]},{"@type":"BreadcrumbList","@id":"https:\/\/rush-hour-berlin.de\/fr\/politique-de-confidentialite\/#breadcrumb","itemListElement":[{"@type":"ListItem","position":1,"name":"Startseite","item":"https:\/\/rush-hour-berlin.de\/fr\/"},{"@type":"ListItem","position":2,"name":"Politique de confidentialit\u00e9"}]},{"@type":"WebSite","@id":"https:\/\/rush-hour-berlin.de\/fr\/#website","url":"https:\/\/rush-hour-berlin.de\/fr\/","name":"Rush Hour Tabledance Berlin","description":"Nightclub &amp; Tabledance Club","publisher":{"@id":"https:\/\/rush-hour-berlin.de\/fr\/#organization"},"potentialAction":[{"@type":"SearchAction","target":{"@type":"EntryPoint","urlTemplate":"https:\/\/rush-hour-berlin.de\/fr\/?s={search_term_string}"},"query-input":{"@type":"PropertyValueSpecification","valueRequired":true,"valueName":"search_term_string"}}],"inLanguage":"fr-FR"},{"@type":"Organization","@id":"https:\/\/rush-hour-berlin.de\/fr\/#organization","name":"Rush Hour","url":"https:\/\/rush-hour-berlin.de\/fr\/","logo":{"@type":"ImageObject","inLanguage":"fr-FR","@id":"https:\/\/rush-hour-berlin.de\/fr\/#\/schema\/logo\/image\/","url":"https:\/\/rush-hour-berlin.de\/wp-content\/uploads\/2024\/02\/logo-retina.png","contentUrl":"https:\/\/rush-hour-berlin.de\/wp-content\/uploads\/2024\/02\/logo-retina.png","width":514,"height":127,"caption":"Rush Hour"},"image":{"@id":"https:\/\/rush-hour-berlin.de\/fr\/#\/schema\/logo\/image\/"},"sameAs":["https:\/\/www.facebook.com\/rushhourberlin\/"]}]}},"_links":{"self":[{"href":"https:\/\/rush-hour-berlin.de\/fr\/wp-json\/wp\/v2\/pages\/2758","targetHints":{"allow":["GET"]}}],"collection":[{"href":"https:\/\/rush-hour-berlin.de\/fr\/wp-json\/wp\/v2\/pages"}],"about":[{"href":"https:\/\/rush-hour-berlin.de\/fr\/wp-json\/wp\/v2\/types\/page"}],"author":[{"embeddable":true,"href":"https:\/\/rush-hour-berlin.de\/fr\/wp-json\/wp\/v2\/users\/1"}],"replies":[{"embeddable":true,"href":"https:\/\/rush-hour-berlin.de\/fr\/wp-json\/wp\/v2\/comments?post=2758"}],"version-history":[{"count":2,"href":"https:\/\/rush-hour-berlin.de\/fr\/wp-json\/wp\/v2\/pages\/2758\/revisions"}],"predecessor-version":[{"id":2760,"href":"https:\/\/rush-hour-berlin.de\/fr\/wp-json\/wp\/v2\/pages\/2758\/revisions\/2760"}],"wp:attachment":[{"href":"https:\/\/rush-hour-berlin.de\/fr\/wp-json\/wp\/v2\/media?parent=2758"}],"curies":[{"name":"wp","href":"https:\/\/api.w.org\/{rel}","templated":true}]}}