{"id":2756,"date":"2020-04-21T13:02:16","date_gmt":"2020-04-21T11:02:16","guid":{"rendered":"https:\/\/rush-hour-berlin.de\/impressum\/"},"modified":"2024-02-28T08:10:00","modified_gmt":"2024-02-28T07:10:00","slug":"legales","status":"publish","type":"page","link":"https:\/\/rush-hour-berlin.de\/fr\/legales\/","title":{"rendered":"Mentions l\u00e9gales"},"content":{"rendered":"<style type=\"text\/css\"> \n#cmsmasters_row_6a022ad698fbc1_09907717 .cmsmasters_row_outer_parent { \n\tpadding-top: 0px; \n} \n\n#cmsmasters_row_6a022ad698fbc1_09907717 .cmsmasters_row_outer_parent { \n\tpadding-bottom: 50px; \n} \n\n<\/style><div id=\"cmsmasters_row_6a022ad698fbc1_09907717\" class=\"cmsmasters_row cmsmasters_color_scheme_default cmsmasters_row_top_default cmsmasters_row_bot_default cmsmasters_row_boxed\">\n<div class=\"cmsmasters_row_outer_parent\">\n<div class=\"cmsmasters_row_outer\">\n<div class=\"cmsmasters_row_inner\">\n<div class=\"cmsmasters_row_margin\">\n<div class=\"cmsmasters_column one_first\">\n<div class=\"cmsmasters_text\">\n<div class=\"art-postcontent clearfix\">\n<div class=\"art-article\">\n<div>\n<div>\n<div class=\"art-postcontent clearfix\">\n<div class=\"art-article\">\n<div class=\"itemHeader\">\n<h2 class=\"itemTitle\">Night Club Rush-Hour Berlin<\/h2>\n<\/div>\n<div class=\"itemToolbar\">Directeur g\u00e9n\u00e9ral : Sarah-Fleur Karaca<br \/>\nTrautenaustra\u00dfe 23<br \/>\n10717 Berlin<\/div>\n<div class=\"itemBody\">\n<div class=\"itemFullText\">\n<p>T\u00e9l\u00e9phone: +49 (0)178 \/ 7861694<br \/>\nEMail: <span id=\"cloaka52465808aa6ac06e40841e69e3a9642\"><a href=\"mailto:info@rush-hour-berlin.de\">info@rush-hour-berlin.de<\/a><\/span><\/p>\n<p>Num\u00e9ro d&rsquo;identification de la taxe sur la valeur ajout\u00e9e selon le \u00a7 27 a de la loi sur la taxe sur la valeur ajout\u00e9e : 24\/374\/63865<br \/>\nContentl. Responsable selon le \u00a7 6 MDStV : Sarah-Fleur-Karaca<\/p>\n<p>DSGVO <a href=\"\/fr\/politique-de-confidentialite\/\">Politique de confidentialit\u00e9<\/a><\/p>\n<hr \/>\n<h3><span class=\"tlid-translation translation\" lang=\"fr\"><span class=\"\" title=\"\">Mentions l\u00e9gales<\/span><\/span><\/h3>\n<p>Rush Hour Berlin s&rsquo;efforce de fournir des informations et des donn\u00e9es pertinentes sur son site Web. Une responsabilit\u00e9 ou garantie pour l&rsquo;actualit\u00e9, l&rsquo;exactitude et l&rsquo;exhaustivit\u00e9 des informations et donn\u00e9es fournies est exclue. Cela s&rsquo;applique \u00e9galement \u00e0 tous les autres sites Web directement ou indirectement r\u00e9pertori\u00e9s auxquels il est fait r\u00e9f\u00e9rence au moyen d&rsquo;un lien hypertexte. Rush Hour Berlin n&rsquo;est pas responsable du contenu de ces sites Web accessibles via ces liens, mais uniquement du contenu des documents et images HTML du domaine www.rush-hour-berlin.de.<\/p>\n<p>En outre, Rush Hour Berlin n&rsquo;est pas responsable des dommages directs ou indirects, y compris la perte de b\u00e9n\u00e9fices, r\u00e9sultant de l&rsquo;utilisation des informations ou des donn\u00e9es pr\u00e9sentes sur ce site.<br \/>\nLes droits et obligations entre Rush Hour Berlin et l&rsquo;utilisateur de ce site Web ou des tiers sont \u00e9galement exclus. Rush Hour Berlin se r\u00e9serve le droit d&rsquo;apporter des modifications ou des ajouts aux informations ou donn\u00e9es fournies \u00e0 tout moment sans pr\u00e9avis.<\/p>\n<p><strong>Addition:<\/strong>Afin d&rsquo;\u00e9viter des litiges juridiques inutiles et les co\u00fbts associ\u00e9s, veuillez nous contacter \u00e0 l&rsquo;avance en cas de probl\u00e8mes avec le droit de la concurrence en utilisant les options de communication publique disponibles ici. Avec cette mesure, vous respectez votre obligation d&rsquo;att\u00e9nuer les dommages conform\u00e9ment \u00e0 la loi. Si vous ne contactez pas au pr\u00e9alable \u00abRush Hour Berlin\u00bb via les options de communication \u00e0 votre disposition ici, le co\u00fbt des avertissements l\u00e9gaux sera d&rsquo;ores et d\u00e9j\u00e0 rejet\u00e9 comme non fond\u00e9 au sens de l&rsquo;obligation de limiter les dommages. \u00c0 cet \u00e9gard, nous poursuivrons vigoureusement les avertissements et les co\u00fbts abusifs en droit p\u00e9nal et civil.<\/p>\n<\/div>\n<\/div>\n<\/div>\n<\/div>\n<\/div>\n<\/div>\n<\/div>\n<\/div>\n<\/div>\n<\/div>\n<\/div>\n<\/div>\n<\/div>\n<\/div>\n<\/div>\n\n","protected":false},"excerpt":{"rendered":"","protected":false},"author":1,"featured_media":0,"parent":0,"menu_order":0,"comment_status":"closed","ping_status":"closed","template":"","meta":{"_monsterinsights_skip_tracking":false,"_monsterinsights_sitenote_active":false,"_monsterinsights_sitenote_note":"","_monsterinsights_sitenote_category":0,"footnotes":""},"class_list":["post-2756","page","type-page","status-publish","hentry"],"yoast_head":"<!-- This site is optimized with the Yoast SEO plugin v27.4 - https:\/\/yoast.com\/product\/yoast-seo-wordpress\/ -->\n<title>Mentions l\u00e9gales - Rush Hour Club de striptease Berlin<\/title>\n<meta name=\"robots\" content=\"index, follow, max-snippet:-1, max-image-preview:large, max-video-preview:-1\" \/>\n<link rel=\"canonical\" href=\"https:\/\/rush-hour-berlin.de\/fr\/legales\/\" \/>\n<meta property=\"og:locale\" content=\"fr_FR\" \/>\n<meta property=\"og:type\" content=\"article\" \/>\n<meta property=\"og:title\" content=\"Mentions l\u00e9gales - Rush Hour Club de striptease Berlin\" \/>\n<meta property=\"og:url\" content=\"https:\/\/rush-hour-berlin.de\/fr\/legales\/\" \/>\n<meta property=\"og:site_name\" content=\"Rush Hour Club de striptease Berlin\" \/>\n<meta property=\"article:publisher\" content=\"https:\/\/www.facebook.com\/rushhourberlin\/\" \/>\n<meta property=\"article:modified_time\" content=\"2024-02-28T07:10:00+00:00\" \/>\n<meta name=\"twitter:card\" content=\"summary_large_image\" \/>\n<meta name=\"twitter:label1\" content=\"Dur\u00e9e de lecture estim\u00e9e\" \/>\n\t<meta name=\"twitter:data1\" content=\"2 minutes\" \/>\n<script type=\"application\/ld+json\" class=\"yoast-schema-graph\">{\"@context\":\"https:\\\/\\\/schema.org\",\"@graph\":[{\"@type\":\"WebPage\",\"@id\":\"https:\\\/\\\/rush-hour-berlin.de\\\/fr\\\/legales\\\/\",\"url\":\"https:\\\/\\\/rush-hour-berlin.de\\\/fr\\\/legales\\\/\",\"name\":\"Mentions l\u00e9gales - Rush Hour Club de striptease Berlin\",\"isPartOf\":{\"@id\":\"https:\\\/\\\/rush-hour-berlin.de\\\/fr\\\/#website\"},\"datePublished\":\"2020-04-21T11:02:16+00:00\",\"dateModified\":\"2024-02-28T07:10:00+00:00\",\"breadcrumb\":{\"@id\":\"https:\\\/\\\/rush-hour-berlin.de\\\/fr\\\/legales\\\/#breadcrumb\"},\"inLanguage\":\"fr-FR\",\"potentialAction\":[{\"@type\":\"ReadAction\",\"target\":[\"https:\\\/\\\/rush-hour-berlin.de\\\/fr\\\/legales\\\/\"]}]},{\"@type\":\"BreadcrumbList\",\"@id\":\"https:\\\/\\\/rush-hour-berlin.de\\\/fr\\\/legales\\\/#breadcrumb\",\"itemListElement\":[{\"@type\":\"ListItem\",\"position\":1,\"name\":\"Startseite\",\"item\":\"https:\\\/\\\/rush-hour-berlin.de\\\/fr\\\/\"},{\"@type\":\"ListItem\",\"position\":2,\"name\":\"Mentions l\u00e9gales\"}]},{\"@type\":\"WebSite\",\"@id\":\"https:\\\/\\\/rush-hour-berlin.de\\\/fr\\\/#website\",\"url\":\"https:\\\/\\\/rush-hour-berlin.de\\\/fr\\\/\",\"name\":\"Rush Hour Tabledance Berlin\",\"description\":\"Nightclub &amp; Tabledance Club\",\"publisher\":{\"@id\":\"https:\\\/\\\/rush-hour-berlin.de\\\/fr\\\/#organization\"},\"potentialAction\":[{\"@type\":\"SearchAction\",\"target\":{\"@type\":\"EntryPoint\",\"urlTemplate\":\"https:\\\/\\\/rush-hour-berlin.de\\\/fr\\\/?s={search_term_string}\"},\"query-input\":{\"@type\":\"PropertyValueSpecification\",\"valueRequired\":true,\"valueName\":\"search_term_string\"}}],\"inLanguage\":\"fr-FR\"},{\"@type\":\"Organization\",\"@id\":\"https:\\\/\\\/rush-hour-berlin.de\\\/fr\\\/#organization\",\"name\":\"Rush Hour\",\"url\":\"https:\\\/\\\/rush-hour-berlin.de\\\/fr\\\/\",\"logo\":{\"@type\":\"ImageObject\",\"inLanguage\":\"fr-FR\",\"@id\":\"https:\\\/\\\/rush-hour-berlin.de\\\/fr\\\/#\\\/schema\\\/logo\\\/image\\\/\",\"url\":\"https:\\\/\\\/rush-hour-berlin.de\\\/wp-content\\\/uploads\\\/2024\\\/02\\\/logo-retina.png\",\"contentUrl\":\"https:\\\/\\\/rush-hour-berlin.de\\\/wp-content\\\/uploads\\\/2024\\\/02\\\/logo-retina.png\",\"width\":514,\"height\":127,\"caption\":\"Rush Hour\"},\"image\":{\"@id\":\"https:\\\/\\\/rush-hour-berlin.de\\\/fr\\\/#\\\/schema\\\/logo\\\/image\\\/\"},\"sameAs\":[\"https:\\\/\\\/www.facebook.com\\\/rushhourberlin\\\/\"]}]}<\/script>\n<!-- \/ Yoast SEO plugin. -->","yoast_head_json":{"title":"Mentions l\u00e9gales - Rush Hour Club de striptease Berlin","robots":{"index":"index","follow":"follow","max-snippet":"max-snippet:-1","max-image-preview":"max-image-preview:large","max-video-preview":"max-video-preview:-1"},"canonical":"https:\/\/rush-hour-berlin.de\/fr\/legales\/","og_locale":"fr_FR","og_type":"article","og_title":"Mentions l\u00e9gales - Rush Hour Club de striptease Berlin","og_url":"https:\/\/rush-hour-berlin.de\/fr\/legales\/","og_site_name":"Rush Hour Club de striptease Berlin","article_publisher":"https:\/\/www.facebook.com\/rushhourberlin\/","article_modified_time":"2024-02-28T07:10:00+00:00","twitter_card":"summary_large_image","twitter_misc":{"Dur\u00e9e de lecture estim\u00e9e":"2 minutes"},"schema":{"@context":"https:\/\/schema.org","@graph":[{"@type":"WebPage","@id":"https:\/\/rush-hour-berlin.de\/fr\/legales\/","url":"https:\/\/rush-hour-berlin.de\/fr\/legales\/","name":"Mentions l\u00e9gales - Rush Hour Club de striptease Berlin","isPartOf":{"@id":"https:\/\/rush-hour-berlin.de\/fr\/#website"},"datePublished":"2020-04-21T11:02:16+00:00","dateModified":"2024-02-28T07:10:00+00:00","breadcrumb":{"@id":"https:\/\/rush-hour-berlin.de\/fr\/legales\/#breadcrumb"},"inLanguage":"fr-FR","potentialAction":[{"@type":"ReadAction","target":["https:\/\/rush-hour-berlin.de\/fr\/legales\/"]}]},{"@type":"BreadcrumbList","@id":"https:\/\/rush-hour-berlin.de\/fr\/legales\/#breadcrumb","itemListElement":[{"@type":"ListItem","position":1,"name":"Startseite","item":"https:\/\/rush-hour-berlin.de\/fr\/"},{"@type":"ListItem","position":2,"name":"Mentions l\u00e9gales"}]},{"@type":"WebSite","@id":"https:\/\/rush-hour-berlin.de\/fr\/#website","url":"https:\/\/rush-hour-berlin.de\/fr\/","name":"Rush Hour Tabledance Berlin","description":"Nightclub &amp; Tabledance Club","publisher":{"@id":"https:\/\/rush-hour-berlin.de\/fr\/#organization"},"potentialAction":[{"@type":"SearchAction","target":{"@type":"EntryPoint","urlTemplate":"https:\/\/rush-hour-berlin.de\/fr\/?s={search_term_string}"},"query-input":{"@type":"PropertyValueSpecification","valueRequired":true,"valueName":"search_term_string"}}],"inLanguage":"fr-FR"},{"@type":"Organization","@id":"https:\/\/rush-hour-berlin.de\/fr\/#organization","name":"Rush Hour","url":"https:\/\/rush-hour-berlin.de\/fr\/","logo":{"@type":"ImageObject","inLanguage":"fr-FR","@id":"https:\/\/rush-hour-berlin.de\/fr\/#\/schema\/logo\/image\/","url":"https:\/\/rush-hour-berlin.de\/wp-content\/uploads\/2024\/02\/logo-retina.png","contentUrl":"https:\/\/rush-hour-berlin.de\/wp-content\/uploads\/2024\/02\/logo-retina.png","width":514,"height":127,"caption":"Rush Hour"},"image":{"@id":"https:\/\/rush-hour-berlin.de\/fr\/#\/schema\/logo\/image\/"},"sameAs":["https:\/\/www.facebook.com\/rushhourberlin\/"]}]}},"_links":{"self":[{"href":"https:\/\/rush-hour-berlin.de\/fr\/wp-json\/wp\/v2\/pages\/2756","targetHints":{"allow":["GET"]}}],"collection":[{"href":"https:\/\/rush-hour-berlin.de\/fr\/wp-json\/wp\/v2\/pages"}],"about":[{"href":"https:\/\/rush-hour-berlin.de\/fr\/wp-json\/wp\/v2\/types\/page"}],"author":[{"embeddable":true,"href":"https:\/\/rush-hour-berlin.de\/fr\/wp-json\/wp\/v2\/users\/1"}],"replies":[{"embeddable":true,"href":"https:\/\/rush-hour-berlin.de\/fr\/wp-json\/wp\/v2\/comments?post=2756"}],"version-history":[{"count":2,"href":"https:\/\/rush-hour-berlin.de\/fr\/wp-json\/wp\/v2\/pages\/2756\/revisions"}],"predecessor-version":[{"id":9517,"href":"https:\/\/rush-hour-berlin.de\/fr\/wp-json\/wp\/v2\/pages\/2756\/revisions\/9517"}],"wp:attachment":[{"href":"https:\/\/rush-hour-berlin.de\/fr\/wp-json\/wp\/v2\/media?parent=2756"}],"curies":[{"name":"wp","href":"https:\/\/api.w.org\/{rel}","templated":true}]}}