{"id":2720,"date":"2020-04-09T11:29:01","date_gmt":"2020-04-09T09:29:01","guid":{"rendered":"https:\/\/rush-hour-berlin.de\/teanzer-gesucht-berlin\/"},"modified":"2024-09-28T13:27:02","modified_gmt":"2024-09-28T11:27:02","slug":"emplois","status":"publish","type":"page","link":"https:\/\/rush-hour-berlin.de\/fr\/emplois\/","title":{"rendered":"Emplois \u2013 Nous recherchons des danseuses"},"content":{"rendered":"<style type=\"text\/css\"> \n#cmsmasters_row_6a022b0ee40bb9_25617327 { \n\tbackground-color:#000000;\n\tbackground-image: url(https:\/\/rush-hour-berlin.de\/wp-content\/uploads\/2024\/02\/goldbar.webp); \n\tbackground-position: top center; \n\tbackground-repeat: no-repeat; \n\tbackground-attachment: scroll; \n\tbackground-size: auto; \n} \n\n#cmsmasters_row_6a022b0ee40bb9_25617327 .cmsmasters_row_outer_parent { \n\tpadding-top: 50px; \n} \n\n#cmsmasters_row_6a022b0ee40bb9_25617327 .cmsmasters_row_outer_parent { \n\tpadding-bottom: 50px; \n} \n\n \n#cmsmasters_divider_6a022b0ee43ff8_16291601 { \n\tborder-bottom-width:0px; \n\tborder-bottom-style:solid; \n\tpadding-top:40px; \n\tmargin-bottom:40px; \n} \n \n#cmsmasters_heading_6a022b0ee44693_09397654 { \n\ttext-align:center; \n\tmargin-top:0px; \n\tmargin-bottom:20px; \n} \n\n#cmsmasters_heading_6a022b0ee44693_09397654 .cmsmasters_heading { \n\ttext-align:center; \n} \n\n#cmsmasters_heading_6a022b0ee44693_09397654 .cmsmasters_heading, #cmsmasters_heading_6a022b0ee44693_09397654 .cmsmasters_heading a { \n\tfont-weight:normal; \n\tfont-style:normal; \n} \n\n#cmsmasters_heading_6a022b0ee44693_09397654 .cmsmasters_heading_divider { \n} \n\n@media (max-width: 1024px) {\n\n#cmsmasters_heading_6a022b0ee44693_09397654 .cmsmasters_heading, #cmsmasters_heading_6a022b0ee44693_09397654 .cmsmasters_heading a { \n} \n\n} \n\n \n#cmsmasters_divider_6a022b0ee45d56_05068867 { \n\tborder-bottom-width:0px; \n\tborder-bottom-style:solid; \n\tpadding-top:0px; \n\tmargin-bottom:40px; \n} \n \n#cmsmasters_row_6a022b0ee4a285_06127585 .cmsmasters_row_outer_parent { \n\tpadding-top: 0px; \n} \n\n#cmsmasters_row_6a022b0ee4a285_06127585 .cmsmasters_row_outer_parent { \n\tpadding-bottom: 50px; \n} \n\n<\/style><div id=\"cmsmasters_row_6a022b0ee40bb9_25617327\" class=\"cmsmasters_row cmsmasters_color_scheme_default cmsmasters_row_top_default cmsmasters_row_bot_default cmsmasters_row_boxed\">\n<div class=\"cmsmasters_row_outer_parent\">\n<div class=\"cmsmasters_row_outer\">\n<div class=\"cmsmasters_row_inner\">\n<div class=\"cmsmasters_row_margin\">\n<div class=\"cmsmasters_column one_first\">\n\n<div id=\"cmsmasters_divider_6a022b0ee43ff8_16291601\" class=\"cl\"><\/div>\n\n<div id=\"cmsmasters_heading_6a022b0ee44693_09397654\" class=\"cmsmasters_heading_wrap cmsmasters_heading_align_center\">\n\t<h1 class=\"cmsmasters_heading\">Faites partie de notre \u00e9quipe !<\/h1>\n<\/div><div class=\"cmsmasters_text\">\n<p align=\"center\">Le Rush Hour Berlin a constamment besoin de nouveaux danseurs.<br \/>\nChez nous, vous trouverez des conditions de travail agr\u00e9ables dans une \u00e9quipe sympathique et un bon salaire.<\/p>\n<p align=\"center\">Nos danseurs professionnels offrent aux mod\u00e8les sans exp\u00e9rience un cours d&rsquo;introduction gratuit en quelques jours.<\/p>\n<p align=\"center\">Les femmes de toute l&rsquo;Europe sont les bienvenues pour nous rejoindre.<br \/>\nNous vous aiderons \u00e0 \u00e9tablir vos documents de travail et nous disposons d&rsquo;un grand appartement avec plusieurs chambres \u00e0 votre disposition.<\/p>\n<p align=\"center\">Nous prenons soin de vous !<\/p>\n<p align=\"center\">Si vous souhaitez travailler comme danseur dans le meilleur Night- &amp; Tabledance Club de Berlin, envoyez-nous votre candidature avec photos via le formulaire ci-dessous.<\/p>\n<p align=\"center\">Nous sommes heureux de chaque candidature !<\/p>\n<\/div>\n\n<div id=\"cmsmasters_divider_6a022b0ee45d56_05068867\" class=\"cl\"><\/div>\n<div class=\"aligncenter\">\n<div class=\"cmsmasters_img  cmsmasters_image_c\">\n<a href=\"https:\/\/form.jotform.com\/242712210810037\"><img decoding=\"async\" src=\"https:\/\/rush-hour-berlin.de\/wp-content\/uploads\/2024\/09\/Apply-now-fr.webp\" alt=\"Postuler maintenant\" \/><\/a>\n<\/div>\n<\/div>\n<\/div>\n<div class=\"cmsmasters_column one_first\">\n<\/div>\n<\/div>\n<\/div>\n<\/div>\n<\/div>\n<\/div>\n<div id=\"cmsmasters_row_6a022b0ee4a285_06127585\" class=\"cmsmasters_row cmsmasters_color_scheme_default cmsmasters_row_top_default cmsmasters_row_bot_default cmsmasters_row_boxed\">\n<div class=\"cmsmasters_row_outer_parent\">\n<div class=\"cmsmasters_row_outer\">\n<div class=\"cmsmasters_row_inner\">\n<div class=\"cmsmasters_row_margin\">\n<div class=\"cmsmasters_column one_first\">\n<\/div>\n<\/div>\n<\/div>\n<div class=\"cmsmasters_row_inner\">\n<div class=\"cmsmasters_row_margin\">\n<div class=\"cmsmasters_column one_first\">\n<\/div>\n<\/div>\n<\/div>\n<\/div>\n<\/div>\n<\/div>\n\n","protected":false},"excerpt":{"rendered":"","protected":false},"author":1,"featured_media":2612,"parent":0,"menu_order":0,"comment_status":"closed","ping_status":"open","template":"","meta":{"_monsterinsights_skip_tracking":false,"_monsterinsights_sitenote_active":false,"_monsterinsights_sitenote_note":"","_monsterinsights_sitenote_category":0,"footnotes":""},"class_list":["post-2720","page","type-page","status-publish","has-post-thumbnail","hentry"],"yoast_head":"<!-- This site is optimized with the Yoast SEO plugin v27.4 - https:\/\/yoast.com\/product\/yoast-seo-wordpress\/ -->\n<title>Emplois \u2013 Nous recherchons des danseuses - Rush Hour Club de striptease Berlin<\/title>\n<meta name=\"description\" content=\"Le Rush Hour Berlin a constamment besoin de nouveaux danseurs. Chez nous, vous trouverez des conditions de travail agr\u00e9ables dans une \u00e9quipe sympathique et un bon salaire.\" \/>\n<meta name=\"robots\" content=\"index, follow, max-snippet:-1, max-image-preview:large, max-video-preview:-1\" \/>\n<link rel=\"canonical\" href=\"https:\/\/rush-hour-berlin.de\/fr\/emplois\/\" \/>\n<meta property=\"og:locale\" content=\"fr_FR\" \/>\n<meta property=\"og:type\" content=\"article\" \/>\n<meta property=\"og:title\" content=\"Emplois \u2013 Nous recherchons des danseuses - Rush Hour Club de striptease Berlin\" \/>\n<meta property=\"og:description\" content=\"Le Rush Hour Berlin a constamment besoin de nouveaux danseurs. Chez nous, vous trouverez des conditions de travail agr\u00e9ables dans une \u00e9quipe sympathique et un bon salaire.\" \/>\n<meta property=\"og:url\" content=\"https:\/\/rush-hour-berlin.de\/fr\/emplois\/\" \/>\n<meta property=\"og:site_name\" content=\"Rush Hour Club de striptease Berlin\" \/>\n<meta property=\"article:publisher\" content=\"https:\/\/www.facebook.com\/rushhourberlin\/\" \/>\n<meta property=\"article:modified_time\" content=\"2024-09-28T11:27:02+00:00\" \/>\n<meta property=\"og:image\" content=\"https:\/\/rush-hour-berlin.de\/wp-content\/uploads\/2020\/04\/teanzer-gesucht.jpg\" \/>\n\t<meta property=\"og:image:width\" content=\"1920\" \/>\n\t<meta property=\"og:image:height\" content=\"1080\" \/>\n\t<meta property=\"og:image:type\" content=\"image\/jpeg\" \/>\n<meta name=\"twitter:card\" content=\"summary_large_image\" \/>\n<meta name=\"twitter:label1\" content=\"Dur\u00e9e de lecture estim\u00e9e\" \/>\n\t<meta name=\"twitter:data1\" content=\"2 minutes\" \/>\n<script type=\"application\/ld+json\" class=\"yoast-schema-graph\">{\"@context\":\"https:\\\/\\\/schema.org\",\"@graph\":[{\"@type\":\"WebPage\",\"@id\":\"https:\\\/\\\/rush-hour-berlin.de\\\/fr\\\/emplois\\\/\",\"url\":\"https:\\\/\\\/rush-hour-berlin.de\\\/fr\\\/emplois\\\/\",\"name\":\"Emplois \u2013 Nous recherchons des danseuses - Rush Hour Club de striptease Berlin\",\"isPartOf\":{\"@id\":\"https:\\\/\\\/rush-hour-berlin.de\\\/fr\\\/#website\"},\"primaryImageOfPage\":{\"@id\":\"https:\\\/\\\/rush-hour-berlin.de\\\/fr\\\/emplois\\\/#primaryimage\"},\"image\":{\"@id\":\"https:\\\/\\\/rush-hour-berlin.de\\\/fr\\\/emplois\\\/#primaryimage\"},\"thumbnailUrl\":\"https:\\\/\\\/rush-hour-berlin.de\\\/wp-content\\\/uploads\\\/2020\\\/04\\\/teanzer-gesucht.jpg\",\"datePublished\":\"2020-04-09T09:29:01+00:00\",\"dateModified\":\"2024-09-28T11:27:02+00:00\",\"description\":\"Le Rush Hour Berlin a constamment besoin de nouveaux danseurs. Chez nous, vous trouverez des conditions de travail agr\u00e9ables dans une \u00e9quipe sympathique et un bon salaire.\",\"breadcrumb\":{\"@id\":\"https:\\\/\\\/rush-hour-berlin.de\\\/fr\\\/emplois\\\/#breadcrumb\"},\"inLanguage\":\"fr-FR\",\"potentialAction\":[{\"@type\":\"ReadAction\",\"target\":[\"https:\\\/\\\/rush-hour-berlin.de\\\/fr\\\/emplois\\\/\"]}]},{\"@type\":\"ImageObject\",\"inLanguage\":\"fr-FR\",\"@id\":\"https:\\\/\\\/rush-hour-berlin.de\\\/fr\\\/emplois\\\/#primaryimage\",\"url\":\"https:\\\/\\\/rush-hour-berlin.de\\\/wp-content\\\/uploads\\\/2020\\\/04\\\/teanzer-gesucht.jpg\",\"contentUrl\":\"https:\\\/\\\/rush-hour-berlin.de\\\/wp-content\\\/uploads\\\/2020\\\/04\\\/teanzer-gesucht.jpg\",\"width\":1920,\"height\":1080,\"caption\":\"\u041c\u044b \u0438\u0449\u0435\u043c \u0442\u0430\u043d\u0446\u043e\u0432\u0449\u0438\u0446\"},{\"@type\":\"BreadcrumbList\",\"@id\":\"https:\\\/\\\/rush-hour-berlin.de\\\/fr\\\/emplois\\\/#breadcrumb\",\"itemListElement\":[{\"@type\":\"ListItem\",\"position\":1,\"name\":\"Startseite\",\"item\":\"https:\\\/\\\/rush-hour-berlin.de\\\/fr\\\/\"},{\"@type\":\"ListItem\",\"position\":2,\"name\":\"Emplois \u2013 Nous recherchons des danseuses\"}]},{\"@type\":\"WebSite\",\"@id\":\"https:\\\/\\\/rush-hour-berlin.de\\\/fr\\\/#website\",\"url\":\"https:\\\/\\\/rush-hour-berlin.de\\\/fr\\\/\",\"name\":\"Rush Hour Tabledance Berlin\",\"description\":\"Nightclub &amp; Tabledance Club\",\"publisher\":{\"@id\":\"https:\\\/\\\/rush-hour-berlin.de\\\/fr\\\/#organization\"},\"potentialAction\":[{\"@type\":\"SearchAction\",\"target\":{\"@type\":\"EntryPoint\",\"urlTemplate\":\"https:\\\/\\\/rush-hour-berlin.de\\\/fr\\\/?s={search_term_string}\"},\"query-input\":{\"@type\":\"PropertyValueSpecification\",\"valueRequired\":true,\"valueName\":\"search_term_string\"}}],\"inLanguage\":\"fr-FR\"},{\"@type\":\"Organization\",\"@id\":\"https:\\\/\\\/rush-hour-berlin.de\\\/fr\\\/#organization\",\"name\":\"Rush Hour\",\"url\":\"https:\\\/\\\/rush-hour-berlin.de\\\/fr\\\/\",\"logo\":{\"@type\":\"ImageObject\",\"inLanguage\":\"fr-FR\",\"@id\":\"https:\\\/\\\/rush-hour-berlin.de\\\/fr\\\/#\\\/schema\\\/logo\\\/image\\\/\",\"url\":\"https:\\\/\\\/rush-hour-berlin.de\\\/wp-content\\\/uploads\\\/2024\\\/02\\\/logo-retina.png\",\"contentUrl\":\"https:\\\/\\\/rush-hour-berlin.de\\\/wp-content\\\/uploads\\\/2024\\\/02\\\/logo-retina.png\",\"width\":514,\"height\":127,\"caption\":\"Rush Hour\"},\"image\":{\"@id\":\"https:\\\/\\\/rush-hour-berlin.de\\\/fr\\\/#\\\/schema\\\/logo\\\/image\\\/\"},\"sameAs\":[\"https:\\\/\\\/www.facebook.com\\\/rushhourberlin\\\/\"]}]}<\/script>\n<!-- \/ Yoast SEO plugin. -->","yoast_head_json":{"title":"Emplois \u2013 Nous recherchons des danseuses - Rush Hour Club de striptease Berlin","description":"Le Rush Hour Berlin a constamment besoin de nouveaux danseurs. Chez nous, vous trouverez des conditions de travail agr\u00e9ables dans une \u00e9quipe sympathique et un bon salaire.","robots":{"index":"index","follow":"follow","max-snippet":"max-snippet:-1","max-image-preview":"max-image-preview:large","max-video-preview":"max-video-preview:-1"},"canonical":"https:\/\/rush-hour-berlin.de\/fr\/emplois\/","og_locale":"fr_FR","og_type":"article","og_title":"Emplois \u2013 Nous recherchons des danseuses - Rush Hour Club de striptease Berlin","og_description":"Le Rush Hour Berlin a constamment besoin de nouveaux danseurs. Chez nous, vous trouverez des conditions de travail agr\u00e9ables dans une \u00e9quipe sympathique et un bon salaire.","og_url":"https:\/\/rush-hour-berlin.de\/fr\/emplois\/","og_site_name":"Rush Hour Club de striptease Berlin","article_publisher":"https:\/\/www.facebook.com\/rushhourberlin\/","article_modified_time":"2024-09-28T11:27:02+00:00","og_image":[{"width":1920,"height":1080,"url":"https:\/\/rush-hour-berlin.de\/wp-content\/uploads\/2020\/04\/teanzer-gesucht.jpg","type":"image\/jpeg"}],"twitter_card":"summary_large_image","twitter_misc":{"Dur\u00e9e de lecture estim\u00e9e":"2 minutes"},"schema":{"@context":"https:\/\/schema.org","@graph":[{"@type":"WebPage","@id":"https:\/\/rush-hour-berlin.de\/fr\/emplois\/","url":"https:\/\/rush-hour-berlin.de\/fr\/emplois\/","name":"Emplois \u2013 Nous recherchons des danseuses - Rush Hour Club de striptease Berlin","isPartOf":{"@id":"https:\/\/rush-hour-berlin.de\/fr\/#website"},"primaryImageOfPage":{"@id":"https:\/\/rush-hour-berlin.de\/fr\/emplois\/#primaryimage"},"image":{"@id":"https:\/\/rush-hour-berlin.de\/fr\/emplois\/#primaryimage"},"thumbnailUrl":"https:\/\/rush-hour-berlin.de\/wp-content\/uploads\/2020\/04\/teanzer-gesucht.jpg","datePublished":"2020-04-09T09:29:01+00:00","dateModified":"2024-09-28T11:27:02+00:00","description":"Le Rush Hour Berlin a constamment besoin de nouveaux danseurs. Chez nous, vous trouverez des conditions de travail agr\u00e9ables dans une \u00e9quipe sympathique et un bon salaire.","breadcrumb":{"@id":"https:\/\/rush-hour-berlin.de\/fr\/emplois\/#breadcrumb"},"inLanguage":"fr-FR","potentialAction":[{"@type":"ReadAction","target":["https:\/\/rush-hour-berlin.de\/fr\/emplois\/"]}]},{"@type":"ImageObject","inLanguage":"fr-FR","@id":"https:\/\/rush-hour-berlin.de\/fr\/emplois\/#primaryimage","url":"https:\/\/rush-hour-berlin.de\/wp-content\/uploads\/2020\/04\/teanzer-gesucht.jpg","contentUrl":"https:\/\/rush-hour-berlin.de\/wp-content\/uploads\/2020\/04\/teanzer-gesucht.jpg","width":1920,"height":1080,"caption":"\u041c\u044b \u0438\u0449\u0435\u043c \u0442\u0430\u043d\u0446\u043e\u0432\u0449\u0438\u0446"},{"@type":"BreadcrumbList","@id":"https:\/\/rush-hour-berlin.de\/fr\/emplois\/#breadcrumb","itemListElement":[{"@type":"ListItem","position":1,"name":"Startseite","item":"https:\/\/rush-hour-berlin.de\/fr\/"},{"@type":"ListItem","position":2,"name":"Emplois \u2013 Nous recherchons des danseuses"}]},{"@type":"WebSite","@id":"https:\/\/rush-hour-berlin.de\/fr\/#website","url":"https:\/\/rush-hour-berlin.de\/fr\/","name":"Rush Hour Tabledance Berlin","description":"Nightclub &amp; Tabledance Club","publisher":{"@id":"https:\/\/rush-hour-berlin.de\/fr\/#organization"},"potentialAction":[{"@type":"SearchAction","target":{"@type":"EntryPoint","urlTemplate":"https:\/\/rush-hour-berlin.de\/fr\/?s={search_term_string}"},"query-input":{"@type":"PropertyValueSpecification","valueRequired":true,"valueName":"search_term_string"}}],"inLanguage":"fr-FR"},{"@type":"Organization","@id":"https:\/\/rush-hour-berlin.de\/fr\/#organization","name":"Rush Hour","url":"https:\/\/rush-hour-berlin.de\/fr\/","logo":{"@type":"ImageObject","inLanguage":"fr-FR","@id":"https:\/\/rush-hour-berlin.de\/fr\/#\/schema\/logo\/image\/","url":"https:\/\/rush-hour-berlin.de\/wp-content\/uploads\/2024\/02\/logo-retina.png","contentUrl":"https:\/\/rush-hour-berlin.de\/wp-content\/uploads\/2024\/02\/logo-retina.png","width":514,"height":127,"caption":"Rush Hour"},"image":{"@id":"https:\/\/rush-hour-berlin.de\/fr\/#\/schema\/logo\/image\/"},"sameAs":["https:\/\/www.facebook.com\/rushhourberlin\/"]}]}},"_links":{"self":[{"href":"https:\/\/rush-hour-berlin.de\/fr\/wp-json\/wp\/v2\/pages\/2720","targetHints":{"allow":["GET"]}}],"collection":[{"href":"https:\/\/rush-hour-berlin.de\/fr\/wp-json\/wp\/v2\/pages"}],"about":[{"href":"https:\/\/rush-hour-berlin.de\/fr\/wp-json\/wp\/v2\/types\/page"}],"author":[{"embeddable":true,"href":"https:\/\/rush-hour-berlin.de\/fr\/wp-json\/wp\/v2\/users\/1"}],"replies":[{"embeddable":true,"href":"https:\/\/rush-hour-berlin.de\/fr\/wp-json\/wp\/v2\/comments?post=2720"}],"version-history":[{"count":10,"href":"https:\/\/rush-hour-berlin.de\/fr\/wp-json\/wp\/v2\/pages\/2720\/revisions"}],"predecessor-version":[{"id":14435,"href":"https:\/\/rush-hour-berlin.de\/fr\/wp-json\/wp\/v2\/pages\/2720\/revisions\/14435"}],"wp:featuredmedia":[{"embeddable":true,"href":"https:\/\/rush-hour-berlin.de\/fr\/wp-json\/wp\/v2\/media\/2612"}],"wp:attachment":[{"href":"https:\/\/rush-hour-berlin.de\/fr\/wp-json\/wp\/v2\/media?parent=2720"}],"curies":[{"name":"wp","href":"https:\/\/api.w.org\/{rel}","templated":true}]}}