{"id":6734,"date":"2021-11-16T14:19:28","date_gmt":"2021-11-16T13:19:28","guid":{"rendered":"https:\/\/rush-hour-berlin.de\/vip-packages\/"},"modified":"2024-02-28T10:03:37","modified_gmt":"2024-02-28T09:03:37","slug":"paquetes-vip","status":"publish","type":"page","link":"https:\/\/rush-hour-berlin.de\/es\/paquetes-vip\/","title":{"rendered":"Paquetes VIP"},"content":{"rendered":"<style type=\"text\/css\"> \n#cmsmasters_row_69e791a9ba3630_58051436 { \n\tbackground-image: url(https:\/\/rush-hour-berlin.de\/wp-content\/uploads\/2024\/01\/rush-pattern-2.png); \n\tbackground-position: top center; \n\tbackground-repeat: repeat; \n\tbackground-attachment: scroll; \n\tbackground-size: auto; \n} \n\n#cmsmasters_row_69e791a9ba3630_58051436 .cmsmasters_row_outer_parent { \n\tpadding-top: 0px; \n} \n\n#cmsmasters_row_69e791a9ba3630_58051436 .cmsmasters_row_outer_parent { \n\tpadding-bottom: 50px; \n} \n\n \n#cmsmasters_divider_69e791a9b8c0b6_76768889 { \n\tborder-bottom-width:0px; \n\tborder-bottom-style:solid; \n\tpadding-top:50px; \n\tmargin-bottom:0px; \n} \n \n#cmsmasters_heading_69e791a9b8e622_29563567 { \n\ttext-align:center; \n\tmargin-top:0px; \n\tmargin-bottom:20px; \n} \n\n#cmsmasters_heading_69e791a9b8e622_29563567 .cmsmasters_heading { \n\ttext-align:center; \n} \n\n#cmsmasters_heading_69e791a9b8e622_29563567 .cmsmasters_heading, #cmsmasters_heading_69e791a9b8e622_29563567 .cmsmasters_heading a { \n\tfont-weight:bold; \n\tfont-style:normal; \n} \n\n#cmsmasters_heading_69e791a9b8e622_29563567 .cmsmasters_heading_divider { \n} \n\n \n#cmsmasters_heading_69e791a9b95924_24331596 { \n\ttext-align:center; \n\tmargin-top:0px; \n\tmargin-bottom:20px; \n} \n\n#cmsmasters_heading_69e791a9b95924_24331596 .cmsmasters_heading { \n\ttext-align:center; \n} \n\n#cmsmasters_heading_69e791a9b95924_24331596 .cmsmasters_heading, #cmsmasters_heading_69e791a9b95924_24331596 .cmsmasters_heading a { \n\tfont-weight:bold; \n\tfont-style:normal; \n} \n\n#cmsmasters_heading_69e791a9b95924_24331596 .cmsmasters_heading_divider { \n} \n\n \n#cmsmasters_divider_69e791a9b99765_52129328 { \n\tborder-bottom-width:0px; \n\tborder-bottom-style:solid; \n\tpadding-top:50px; \n\tmargin-bottom:0px; \n} \n \n#cmsmasters_heading_69e791a9b9a587_17730823 { \n\ttext-align:center; \n\tmargin-top:0px; \n\tmargin-bottom:20px; \n} \n\n#cmsmasters_heading_69e791a9b9a587_17730823 .cmsmasters_heading { \n\ttext-align:center; \n} \n\n#cmsmasters_heading_69e791a9b9a587_17730823 .cmsmasters_heading, #cmsmasters_heading_69e791a9b9a587_17730823 .cmsmasters_heading a { \n\tfont-weight:bold; \n\tfont-style:normal; \n} \n\n#cmsmasters_heading_69e791a9b9a587_17730823 .cmsmasters_heading_divider { \n} \n\n \n#cmsmasters_heading_69e791a9ba0173_64587816 { \n\ttext-align:center; \n\tmargin-top:0px; \n\tmargin-bottom:20px; \n} \n\n#cmsmasters_heading_69e791a9ba0173_64587816 .cmsmasters_heading { \n\ttext-align:center; \n} \n\n#cmsmasters_heading_69e791a9ba0173_64587816 .cmsmasters_heading, #cmsmasters_heading_69e791a9ba0173_64587816 .cmsmasters_heading a { \n\tfont-weight:bold; \n\tfont-style:normal; \n} \n\n#cmsmasters_heading_69e791a9ba0173_64587816 .cmsmasters_heading_divider { \n} \n\n \n#cmsmasters_divider_69e791a9ba3330_39597823 { \n\tborder-bottom-width:0px; \n\tborder-bottom-style:solid; \n\tpadding-top:50px; \n\tmargin-bottom:0px; \n} \n \n#cmsmasters_heading_69e791a9ba5d74_12834887 { \n\ttext-align:center; \n\tmargin-top:0px; \n\tmargin-bottom:20px; \n} \n\n#cmsmasters_heading_69e791a9ba5d74_12834887 .cmsmasters_heading { \n\ttext-align:center; \n} \n\n#cmsmasters_heading_69e791a9ba5d74_12834887 .cmsmasters_heading, #cmsmasters_heading_69e791a9ba5d74_12834887 .cmsmasters_heading a { \n\tfont-weight:bold; \n\tfont-style:normal; \n} \n\n#cmsmasters_heading_69e791a9ba5d74_12834887 .cmsmasters_heading_divider { \n} \n\n<\/style><div id=\"cmsmasters_row_69e791a9ba3630_58051436\" class=\"cmsmasters_row cmsmasters_color_scheme_default cmsmasters_row_top_default cmsmasters_row_bot_default cmsmasters_row_boxed\">\n<div class=\"cmsmasters_row_outer_parent\">\n<div class=\"cmsmasters_row_outer\">\n<div class=\"cmsmasters_row_inner\">\n<div class=\"cmsmasters_row_margin\">\n<div class=\"cmsmasters_column one_first\">\n\n<div id=\"cmsmasters_divider_69e791a9b8c0b6_76768889\" class=\"cl\"><\/div>\n<\/div>\n<\/div>\n<\/div>\n<div class=\"cmsmasters_row_inner\">\n<div class=\"cmsmasters_row_margin\">\n<div class=\"cmsmasters_column one_half\">\n\n<div id=\"cmsmasters_heading_69e791a9b8e622_29563567\" class=\"cmsmasters_heading_wrap cmsmasters_heading_align_center\">\n\t<h2 class=\"cmsmasters_heading\">Paquete Pareja Perfecta. Valor del Paquete \u20ac436,- Ahora \u20ac296,-<\/h2>\n<\/div><div class=\"aligncenter\">\n<div class=\"cmsmasters_img  cmsmasters_image_c\" data-animation=\"fadeIn\" data-delay=\"0\">\n<a href=\"https:\/\/form.jotform.com\/213352076863356?pack=1000\"><img decoding=\"async\" src=\"https:\/\/rush-hour-berlin.de\/wp-content\/uploads\/2022\/01\/pack-hot-couple.jpg\" alt=\"RUSH HOUR VIP PAKET 1\" \/><\/a>\n<\/div>\n<\/div>\n<div class=\"cmsmasters_text\">\n<p>&nbsp;<\/p>\n<p class=\"p1\" style=\"text-align: center;\">Entrada VIP para hasta 2 personas, 2 bebidas largas, 1 botella de champ\u00e1n Mo\u00ebt &amp; Chandon Brut de 0.75 L, $40 d\u00f3lares en billetes para bailes<\/p>\n<\/div>\n<div class=\"aligncenter\">\n<div class=\"cmsmasters_img  cmsmasters_image_c\">\n<a href=\"https:\/\/form.jotform.com\/213352076863356?pack%5B%5D%5Bid%5D=1000\" target=\"_blank\"><img decoding=\"async\" src=\"https:\/\/rush-hour-berlin.de\/wp-content\/uploads\/2024\/02\/COMPRAR.png\" alt=\"Comprar un paquete de bebidas\" \/><\/a>\n<\/div>\n<\/div>\n<\/div>\n<div class=\"cmsmasters_column one_half\">\n\n<div id=\"cmsmasters_heading_69e791a9b95924_24331596\" class=\"cmsmasters_heading_wrap cmsmasters_heading_align_center\">\n\t<h2 class=\"cmsmasters_heading\">Paquete Caballeros. Valor del paquete \u20ac800,- Ahora \u20ac540,-<\/h2>\n<\/div><div class=\"aligncenter\">\n<div class=\"cmsmasters_img  cmsmasters_image_c\" data-animation=\"fadeIn\" data-delay=\"0\">\n<img decoding=\"async\" src=\"https:\/\/rush-hour-berlin.de\/wp-content\/uploads\/2024\/02\/vip-gentlemen-package.webp\" alt=\"Paquete de bebidas para caballeros VIP\" \/>\n<\/div>\n<\/div>\n<div class=\"cmsmasters_text\">\n<p>&nbsp;<\/p>\n<p class=\"p1\" style=\"text-align: center;\">Entrada VIP para hasta 4 invitados, 1 botella de licor Premium de 0,7 L + mezclador, 1 botella de champ\u00e1n Mo\u00ebt &amp; Chandon Ros\u00e9 de 0,75 L, $70 en Strip Dollars para bailes, Mesa VIP.<\/p>\n<\/div>\n<div class=\"aligncenter\">\n<div class=\"cmsmasters_img  cmsmasters_image_c\">\n<a href=\"https:\/\/form.jotform.com\/213352076863356?pack%5B%5D%5Bid%5D=1001\" target=\"_blank\"><img decoding=\"async\" src=\"https:\/\/rush-hour-berlin.de\/wp-content\/uploads\/2024\/02\/COMPRAR.png\" alt=\"Comprar un paquete de bebidas\" \/><\/a>\n<\/div>\n<\/div>\n<\/div>\n<\/div>\n<\/div>\n<div class=\"cmsmasters_row_inner\">\n<div class=\"cmsmasters_row_margin\">\n<div class=\"cmsmasters_column one_first\">\n\n<div id=\"cmsmasters_divider_69e791a9b99765_52129328\" class=\"cl\"><\/div>\n<\/div>\n<\/div>\n<\/div>\n<div class=\"cmsmasters_row_inner\">\n<div class=\"cmsmasters_row_margin\">\n<div class=\"cmsmasters_column one_half\">\n\n<div id=\"cmsmasters_heading_69e791a9b9a587_17730823\" class=\"cmsmasters_heading_wrap cmsmasters_heading_align_center\">\n\t<h2 class=\"cmsmasters_heading\">Paquete Fiesta y Placer. Valor de \u20ac890,- Ahora \u20ac610,-<\/h2>\n<\/div><div class=\"aligncenter\">\n<div class=\"cmsmasters_img  cmsmasters_image_c\" data-animation=\"fadeIn\" data-delay=\"0\">\n<img decoding=\"async\" src=\"https:\/\/rush-hour-berlin.de\/wp-content\/uploads\/2024\/02\/vip-pleasure-package.webp\" alt=\"Paquete de bebidas de placer VIP\" \/>\n<\/div>\n<\/div>\n<div class=\"cmsmasters_text\">\n<p>&nbsp;<\/p>\n<p class=\"p1\" style=\"text-align: center;\">Entrada VIP para hasta 4 invitados, 1 licor premium de 0,7 L + refrescos, 1 botella de champ\u00e1n Mo\u00ebt &amp; Chandon Ice de 0,75 L, $80 d\u00f3lares para bailes en el club, Mesa VIP.<\/p>\n<\/div>\n<div class=\"aligncenter\">\n<div class=\"cmsmasters_img  cmsmasters_image_c\">\n<a href=\"https:\/\/form.jotform.com\/213352076863356?pack%5B%5D%5Bid%5D=1002\" target=\"_blank\"><img decoding=\"async\" src=\"https:\/\/rush-hour-berlin.de\/wp-content\/uploads\/2024\/02\/COMPRAR.png\" alt=\"Comprar un paquete de bebidas\" \/><\/a>\n<\/div>\n<\/div>\n<\/div>\n<div class=\"cmsmasters_column one_half\">\n\n<div id=\"cmsmasters_heading_69e791a9ba0173_64587816\" class=\"cmsmasters_heading_wrap cmsmasters_heading_align_center\">\n\t<h2 class=\"cmsmasters_heading\">Paquete \u00abLa Resaca\u00bb. Valor del paquete \u20ac1290,- Ahora \u20ac910,-<\/h2>\n<\/div><div class=\"aligncenter\">\n<div class=\"cmsmasters_img  cmsmasters_image_c\" data-animation=\"fadeIn\" data-delay=\"0\">\n<a href=\"https:\/\/form.jotform.com\/213352076863356?pack=1003\"><img decoding=\"async\" src=\"https:\/\/rush-hour-berlin.de\/wp-content\/uploads\/2022\/01\/pack-hangover.jpg\" alt=\"RUSH HOUR VIP PAKET 4\" \/><\/a>\n<\/div>\n<\/div>\n<div class=\"cmsmasters_text\">\n<p>&nbsp;<\/p>\n<p class=\"p1\" style=\"text-align: center;\">Entrada VIP para hasta 6 invitados, 2 botellas de licor premium de 0.7 L + refrescos, 1 botella de champ\u00e1n Mo\u00ebt &amp; Chandon Brut de 0.75 L, un espect\u00e1culo en el escenario con un voluntario, $100 d\u00f3lares en billetes de striptease.<\/p>\n<\/div>\n<div class=\"aligncenter\">\n<div class=\"cmsmasters_img  cmsmasters_image_c\">\n<a href=\"https:\/\/form.jotform.com\/213352076863356?pack%5B%5D%5Bid%5D=1003\" target=\"_blank\"><img decoding=\"async\" src=\"https:\/\/rush-hour-berlin.de\/wp-content\/uploads\/2024\/02\/COMPRAR.png\" alt=\"Comprar un paquete de bebidas\" \/><\/a>\n<\/div>\n<\/div>\n<\/div>\n<\/div>\n<\/div>\n<div class=\"cmsmasters_row_inner\">\n<div class=\"cmsmasters_row_margin\">\n<div class=\"cmsmasters_column one_first\">\n\n<div id=\"cmsmasters_divider_69e791a9ba3330_39597823\" class=\"cl\"><\/div>\n<\/div>\n<\/div>\n<\/div>\n<div class=\"cmsmasters_row_inner\">\n<div class=\"cmsmasters_row_margin\">\n<div class=\"cmsmasters_column one_half\">\n\n<div id=\"cmsmasters_heading_69e791a9ba5d74_12834887\" class=\"cmsmasters_heading_wrap cmsmasters_heading_align_center\">\n\t<h2 class=\"cmsmasters_heading\">Paquete VIP \u00abHigh Roller\u00bb. Valor del paquete \u20ac1750, ahora \u20ac1220.<\/h2>\n<\/div><div class=\"aligncenter\">\n<div class=\"cmsmasters_img  cmsmasters_image_c\" data-animation=\"fadeIn\" data-delay=\"0\">\n<a href=\"https:\/\/form.jotform.com\/213352076863356?pack=1003\"><img decoding=\"async\" src=\"https:\/\/rush-hour-berlin.de\/wp-content\/uploads\/2022\/01\/pack-high-roller.jpg\" alt=\"RUSH HOUR VIP PAKET 5\" \/><\/a>\n<\/div>\n<\/div>\n<div class=\"cmsmasters_text\">\n<p>&nbsp;<\/p>\n<p class=\"p1\" style=\"text-align: center;\">Entrada VIP para hasta 6 invitados, 2 botellas de licor Premium de 0,7 L + Refrescos, 2 botellas de Champagne Mo\u00ebt &amp; Chandon Ice de 0,75 L, 1 baile privado para 1 persona, 100 d\u00f3lares para striptease. \u00a1LA MEJOR MESA!<\/p>\n<\/div>\n<div class=\"aligncenter\">\n<div class=\"cmsmasters_img  cmsmasters_image_c\">\n<a href=\"https:\/\/form.jotform.com\/213352076863356?pack%5B%5D%5Bid%5D=1004\" target=\"_blank\"><img decoding=\"async\" src=\"https:\/\/rush-hour-berlin.de\/wp-content\/uploads\/2024\/02\/COMPRAR.png\" alt=\"Comprar un paquete de bebidas\" \/><\/a>\n<\/div>\n<\/div>\n<\/div>\n<div class=\"cmsmasters_column one_half\">\n<\/div>\n<\/div>\n<\/div>\n<\/div>\n<\/div>\n<\/div>\n\n","protected":false},"excerpt":{"rendered":"","protected":false},"author":1,"featured_media":9382,"parent":0,"menu_order":0,"comment_status":"closed","ping_status":"closed","template":"","meta":{"_monsterinsights_skip_tracking":false,"_monsterinsights_sitenote_active":false,"_monsterinsights_sitenote_note":"","_monsterinsights_sitenote_category":0,"footnotes":""},"class_list":["post-6734","page","type-page","status-publish","has-post-thumbnail","hentry"],"yoast_head":"<!-- This site is optimized with the Yoast SEO plugin v27.3 - https:\/\/yoast.com\/product\/yoast-seo-wordpress\/ -->\n<title>Paquetes VIP - Rush Hour Strip club Berlin<\/title>\n<meta name=\"robots\" content=\"index, follow, max-snippet:-1, max-image-preview:large, max-video-preview:-1\" \/>\n<link rel=\"canonical\" href=\"https:\/\/rush-hour-berlin.de\/es\/paquetes-vip\/\" \/>\n<meta property=\"og:locale\" content=\"es_ES\" \/>\n<meta property=\"og:type\" content=\"article\" \/>\n<meta property=\"og:title\" content=\"Paquetes VIP - Rush Hour Strip club Berlin\" \/>\n<meta property=\"og:url\" content=\"https:\/\/rush-hour-berlin.de\/es\/paquetes-vip\/\" \/>\n<meta property=\"og:site_name\" content=\"Rush Hour Strip club Berlin\" \/>\n<meta property=\"article:publisher\" content=\"https:\/\/www.facebook.com\/rushhourberlin\/\" \/>\n<meta property=\"article:modified_time\" content=\"2024-02-28T09:03:37+00:00\" \/>\n<meta property=\"og:image\" content=\"https:\/\/rush-hour-berlin.de\/wp-content\/uploads\/2022\/10\/vip.jpg\" \/>\n\t<meta property=\"og:image:width\" content=\"2000\" \/>\n\t<meta property=\"og:image:height\" content=\"1000\" \/>\n\t<meta property=\"og:image:type\" content=\"image\/jpeg\" \/>\n<meta name=\"twitter:card\" content=\"summary_large_image\" \/>\n<meta name=\"twitter:label1\" content=\"Tiempo de lectura\" \/>\n\t<meta name=\"twitter:data1\" content=\"2 minutos\" \/>\n<script type=\"application\/ld+json\" class=\"yoast-schema-graph\">{\"@context\":\"https:\\\/\\\/schema.org\",\"@graph\":[{\"@type\":\"WebPage\",\"@id\":\"https:\\\/\\\/rush-hour-berlin.de\\\/es\\\/paquetes-vip\\\/\",\"url\":\"https:\\\/\\\/rush-hour-berlin.de\\\/es\\\/paquetes-vip\\\/\",\"name\":\"Paquetes VIP - Rush Hour Strip club Berlin\",\"isPartOf\":{\"@id\":\"https:\\\/\\\/rush-hour-berlin.de\\\/es\\\/#website\"},\"primaryImageOfPage\":{\"@id\":\"https:\\\/\\\/rush-hour-berlin.de\\\/es\\\/paquetes-vip\\\/#primaryimage\"},\"image\":{\"@id\":\"https:\\\/\\\/rush-hour-berlin.de\\\/es\\\/paquetes-vip\\\/#primaryimage\"},\"thumbnailUrl\":\"https:\\\/\\\/rush-hour-berlin.de\\\/wp-content\\\/uploads\\\/2022\\\/10\\\/vip.jpg\",\"datePublished\":\"2021-11-16T13:19:28+00:00\",\"dateModified\":\"2024-02-28T09:03:37+00:00\",\"breadcrumb\":{\"@id\":\"https:\\\/\\\/rush-hour-berlin.de\\\/es\\\/paquetes-vip\\\/#breadcrumb\"},\"inLanguage\":\"es\",\"potentialAction\":[{\"@type\":\"ReadAction\",\"target\":[\"https:\\\/\\\/rush-hour-berlin.de\\\/es\\\/paquetes-vip\\\/\"]}]},{\"@type\":\"ImageObject\",\"inLanguage\":\"es\",\"@id\":\"https:\\\/\\\/rush-hour-berlin.de\\\/es\\\/paquetes-vip\\\/#primaryimage\",\"url\":\"https:\\\/\\\/rush-hour-berlin.de\\\/wp-content\\\/uploads\\\/2022\\\/10\\\/vip.jpg\",\"contentUrl\":\"https:\\\/\\\/rush-hour-berlin.de\\\/wp-content\\\/uploads\\\/2022\\\/10\\\/vip.jpg\",\"width\":2000,\"height\":1000,\"caption\":\"VIP Tisch\"},{\"@type\":\"BreadcrumbList\",\"@id\":\"https:\\\/\\\/rush-hour-berlin.de\\\/es\\\/paquetes-vip\\\/#breadcrumb\",\"itemListElement\":[{\"@type\":\"ListItem\",\"position\":1,\"name\":\"Startseite\",\"item\":\"https:\\\/\\\/rush-hour-berlin.de\\\/es\\\/\"},{\"@type\":\"ListItem\",\"position\":2,\"name\":\"Paquetes VIP\"}]},{\"@type\":\"WebSite\",\"@id\":\"https:\\\/\\\/rush-hour-berlin.de\\\/es\\\/#website\",\"url\":\"https:\\\/\\\/rush-hour-berlin.de\\\/es\\\/\",\"name\":\"Rush Hour Tabledance Berlin\",\"description\":\"Nightclub &amp; Tabledance Club\",\"publisher\":{\"@id\":\"https:\\\/\\\/rush-hour-berlin.de\\\/es\\\/#organization\"},\"potentialAction\":[{\"@type\":\"SearchAction\",\"target\":{\"@type\":\"EntryPoint\",\"urlTemplate\":\"https:\\\/\\\/rush-hour-berlin.de\\\/es\\\/?s={search_term_string}\"},\"query-input\":{\"@type\":\"PropertyValueSpecification\",\"valueRequired\":true,\"valueName\":\"search_term_string\"}}],\"inLanguage\":\"es\"},{\"@type\":\"Organization\",\"@id\":\"https:\\\/\\\/rush-hour-berlin.de\\\/es\\\/#organization\",\"name\":\"Rush Hour\",\"url\":\"https:\\\/\\\/rush-hour-berlin.de\\\/es\\\/\",\"logo\":{\"@type\":\"ImageObject\",\"inLanguage\":\"es\",\"@id\":\"https:\\\/\\\/rush-hour-berlin.de\\\/es\\\/#\\\/schema\\\/logo\\\/image\\\/\",\"url\":\"https:\\\/\\\/rush-hour-berlin.de\\\/wp-content\\\/uploads\\\/2024\\\/02\\\/logo-retina.png\",\"contentUrl\":\"https:\\\/\\\/rush-hour-berlin.de\\\/wp-content\\\/uploads\\\/2024\\\/02\\\/logo-retina.png\",\"width\":514,\"height\":127,\"caption\":\"Rush Hour\"},\"image\":{\"@id\":\"https:\\\/\\\/rush-hour-berlin.de\\\/es\\\/#\\\/schema\\\/logo\\\/image\\\/\"},\"sameAs\":[\"https:\\\/\\\/www.facebook.com\\\/rushhourberlin\\\/\"]}]}<\/script>\n<!-- \/ Yoast SEO plugin. -->","yoast_head_json":{"title":"Paquetes VIP - Rush Hour Strip club Berlin","robots":{"index":"index","follow":"follow","max-snippet":"max-snippet:-1","max-image-preview":"max-image-preview:large","max-video-preview":"max-video-preview:-1"},"canonical":"https:\/\/rush-hour-berlin.de\/es\/paquetes-vip\/","og_locale":"es_ES","og_type":"article","og_title":"Paquetes VIP - Rush Hour Strip club Berlin","og_url":"https:\/\/rush-hour-berlin.de\/es\/paquetes-vip\/","og_site_name":"Rush Hour Strip club Berlin","article_publisher":"https:\/\/www.facebook.com\/rushhourberlin\/","article_modified_time":"2024-02-28T09:03:37+00:00","og_image":[{"width":2000,"height":1000,"url":"https:\/\/rush-hour-berlin.de\/wp-content\/uploads\/2022\/10\/vip.jpg","type":"image\/jpeg"}],"twitter_card":"summary_large_image","twitter_misc":{"Tiempo de lectura":"2 minutos"},"schema":{"@context":"https:\/\/schema.org","@graph":[{"@type":"WebPage","@id":"https:\/\/rush-hour-berlin.de\/es\/paquetes-vip\/","url":"https:\/\/rush-hour-berlin.de\/es\/paquetes-vip\/","name":"Paquetes VIP - Rush Hour Strip club Berlin","isPartOf":{"@id":"https:\/\/rush-hour-berlin.de\/es\/#website"},"primaryImageOfPage":{"@id":"https:\/\/rush-hour-berlin.de\/es\/paquetes-vip\/#primaryimage"},"image":{"@id":"https:\/\/rush-hour-berlin.de\/es\/paquetes-vip\/#primaryimage"},"thumbnailUrl":"https:\/\/rush-hour-berlin.de\/wp-content\/uploads\/2022\/10\/vip.jpg","datePublished":"2021-11-16T13:19:28+00:00","dateModified":"2024-02-28T09:03:37+00:00","breadcrumb":{"@id":"https:\/\/rush-hour-berlin.de\/es\/paquetes-vip\/#breadcrumb"},"inLanguage":"es","potentialAction":[{"@type":"ReadAction","target":["https:\/\/rush-hour-berlin.de\/es\/paquetes-vip\/"]}]},{"@type":"ImageObject","inLanguage":"es","@id":"https:\/\/rush-hour-berlin.de\/es\/paquetes-vip\/#primaryimage","url":"https:\/\/rush-hour-berlin.de\/wp-content\/uploads\/2022\/10\/vip.jpg","contentUrl":"https:\/\/rush-hour-berlin.de\/wp-content\/uploads\/2022\/10\/vip.jpg","width":2000,"height":1000,"caption":"VIP Tisch"},{"@type":"BreadcrumbList","@id":"https:\/\/rush-hour-berlin.de\/es\/paquetes-vip\/#breadcrumb","itemListElement":[{"@type":"ListItem","position":1,"name":"Startseite","item":"https:\/\/rush-hour-berlin.de\/es\/"},{"@type":"ListItem","position":2,"name":"Paquetes VIP"}]},{"@type":"WebSite","@id":"https:\/\/rush-hour-berlin.de\/es\/#website","url":"https:\/\/rush-hour-berlin.de\/es\/","name":"Rush Hour Tabledance Berlin","description":"Nightclub &amp; Tabledance Club","publisher":{"@id":"https:\/\/rush-hour-berlin.de\/es\/#organization"},"potentialAction":[{"@type":"SearchAction","target":{"@type":"EntryPoint","urlTemplate":"https:\/\/rush-hour-berlin.de\/es\/?s={search_term_string}"},"query-input":{"@type":"PropertyValueSpecification","valueRequired":true,"valueName":"search_term_string"}}],"inLanguage":"es"},{"@type":"Organization","@id":"https:\/\/rush-hour-berlin.de\/es\/#organization","name":"Rush Hour","url":"https:\/\/rush-hour-berlin.de\/es\/","logo":{"@type":"ImageObject","inLanguage":"es","@id":"https:\/\/rush-hour-berlin.de\/es\/#\/schema\/logo\/image\/","url":"https:\/\/rush-hour-berlin.de\/wp-content\/uploads\/2024\/02\/logo-retina.png","contentUrl":"https:\/\/rush-hour-berlin.de\/wp-content\/uploads\/2024\/02\/logo-retina.png","width":514,"height":127,"caption":"Rush Hour"},"image":{"@id":"https:\/\/rush-hour-berlin.de\/es\/#\/schema\/logo\/image\/"},"sameAs":["https:\/\/www.facebook.com\/rushhourberlin\/"]}]}},"_links":{"self":[{"href":"https:\/\/rush-hour-berlin.de\/es\/wp-json\/wp\/v2\/pages\/6734","targetHints":{"allow":["GET"]}}],"collection":[{"href":"https:\/\/rush-hour-berlin.de\/es\/wp-json\/wp\/v2\/pages"}],"about":[{"href":"https:\/\/rush-hour-berlin.de\/es\/wp-json\/wp\/v2\/types\/page"}],"author":[{"embeddable":true,"href":"https:\/\/rush-hour-berlin.de\/es\/wp-json\/wp\/v2\/users\/1"}],"replies":[{"embeddable":true,"href":"https:\/\/rush-hour-berlin.de\/es\/wp-json\/wp\/v2\/comments?post=6734"}],"version-history":[{"count":12,"href":"https:\/\/rush-hour-berlin.de\/es\/wp-json\/wp\/v2\/pages\/6734\/revisions"}],"predecessor-version":[{"id":13916,"href":"https:\/\/rush-hour-berlin.de\/es\/wp-json\/wp\/v2\/pages\/6734\/revisions\/13916"}],"wp:featuredmedia":[{"embeddable":true,"href":"https:\/\/rush-hour-berlin.de\/es\/wp-json\/wp\/v2\/media\/9382"}],"wp:attachment":[{"href":"https:\/\/rush-hour-berlin.de\/es\/wp-json\/wp\/v2\/media?parent=6734"}],"curies":[{"name":"wp","href":"https:\/\/api.w.org\/{rel}","templated":true}]}}