{"id":2940,"date":"2020-04-21T12:56:13","date_gmt":"2020-04-21T10:56:13","guid":{"rendered":"https:\/\/rush-hour-berlin.de\/datenschutz\/"},"modified":"2024-02-28T09:11:55","modified_gmt":"2024-02-28T08:11:55","slug":"datos","status":"publish","type":"page","link":"https:\/\/rush-hour-berlin.de\/es\/datos\/","title":{"rendered":"Protecci\u00f3n de datos"},"content":{"rendered":"<style type=\"text\/css\"> \n#cmsmasters_row_69e353cf22f4b3_07959291 .cmsmasters_row_outer_parent { \n\tpadding-top: 0px; \n} \n\n#cmsmasters_row_69e353cf22f4b3_07959291 .cmsmasters_row_outer_parent { \n\tpadding-bottom: 50px; \n} \n\n<\/style><div id=\"cmsmasters_row_69e353cf22f4b3_07959291\" class=\"cmsmasters_row cmsmasters_color_scheme_default cmsmasters_row_top_default cmsmasters_row_bot_default cmsmasters_row_boxed\">\n<div class=\"cmsmasters_row_outer_parent\">\n<div class=\"cmsmasters_row_outer\">\n<div class=\"cmsmasters_row_inner\">\n<div class=\"cmsmasters_row_margin\">\n<div class=\"cmsmasters_column one_first\">\n<div class=\"cmsmasters_text\">\n<div class=\"art-postcontent clearfix\">\n<div class=\"art-article\">\n<div>\n<div>\n<p class=\"\"><strong class=\"\">Declaraci\u00f3n general de protecci\u00f3n de datos<\/strong><\/p>\n<p class=\"\">Al usar nuestro sitio web, usted acepta la recopilaci\u00f3n, el procesamiento y el uso de datos como se describe a continuaci\u00f3n. Nuestro sitio web generalmente se puede visitar sin registrarse. Los datos como las p\u00e1ginas vistas o el nombre del archivo al que se accedi\u00f3, la fecha y la hora se almacenan en el servidor con fines estad\u00edsticos sin que estos datos est\u00e9n directamente relacionados con usted. Los datos personales, en particular el nombre, la direcci\u00f3n o la direcci\u00f3n de correo electr\u00f3nico, se recopilan de forma voluntaria en la medida de lo posible. Sin su consentimiento, los datos no ser\u00e1n cedidos a terceros.<\/p>\n<p class=\"\"><strong class=\"\">Pol\u00edtica de privacidad para cookies<\/strong><\/p>\n<p class=\"\">Nuestro sitio web utiliza cookies. Estos son peque\u00f1os archivos de texto que permiten almacenar informaci\u00f3n espec\u00edfica relacionada con el usuario en el dispositivo del usuario mientras usa el sitio web. Las cookies permiten, en particular, determinar la frecuencia de uso y el n\u00famero de usuarios de las p\u00e1ginas, analizar el comportamiento del uso de la p\u00e1gina, pero tambi\u00e9n hacer que nuestra oferta sea m\u00e1s amigable para el cliente. Las cookies permanecen almacenadas al final de una sesi\u00f3n del navegador y se pueden volver a llamar cuando vuelva a visitar el sitio. Si no desea esto, debe configurar su navegador de Internet para que se niegue a aceptar cookies.<\/p>\n<p class=\"\"><strong class=\"\">Declaraci\u00f3n de protecci\u00f3n de datos para Google Analytics<\/strong><\/p>\n<p class=\"\">Nuestro sitio web utiliza Google Analytics, un servicio de an\u00e1lisis web proporcionado por Google Inc., 1600 Amphitheatre Parkway, Mountain View, CA 94043, EE. UU. Para desactivar Google Analytics, Google proporciona un complemento de navegador en http:\/\/tools.google.com\/dlpage\/gaoptout?hl=es. Google Analytics utiliza cookies. Estos son peque\u00f1os archivos de texto que permiten almacenar informaci\u00f3n espec\u00edfica relacionada con el usuario en el dispositivo del usuario. Estos permiten un an\u00e1lisis del uso de nuestro sitio web por parte de Google. La informaci\u00f3n recopilada por la cookie sobre el uso de nuestro sitio web (incluida su direcci\u00f3n IP) generalmente se transfiere a un servidor de Google en los EE. UU. Y se almacena all\u00ed. Nos gustar\u00eda se\u00f1alar que el c\u00f3digo \u00abgat._anonymizeIp ();\u00bb se ha agregado a Google Analytics en este sitio web para garantizar la recopilaci\u00f3n an\u00f3nima de direcciones IP (denominada enmascaramiento de IP). Si el anonimato est\u00e1 activo, Google acorta las direcciones IP dentro de los estados miembros de la Uni\u00f3n Europea o en otros estados contratantes del Acuerdo sobre el Espacio Econ\u00f3mico Europeo, por lo que no se pueden sacar conclusiones sobre su identidad. La direcci\u00f3n IP completa solo se transmitir\u00e1 a un servidor de Google en EE. UU. Y se abreviar\u00e1 all\u00ed en casos excepcionales. Google cumple con las disposiciones de protecci\u00f3n de datos del acuerdo \u00abEscudo de privacidad\u00bb y est\u00e1 registrado en el programa \u00abEscudo de privacidad\u00bb del Departamento de Comercio de los EE. UU. Y utiliza la informaci\u00f3n recopilada para evaluar el uso de nuestros sitios web, para escribir informes para nosotros a este respecto y otros servicios relacionados con nosotros para proporcionar. Puede obtener m\u00e1s informaci\u00f3n en http:\/\/www.google.com\/intl\/es\/analytics\/privacyoverview.html.<\/p>\n<p class=\"\"><strong class=\"\">Declaraci\u00f3n de protecci\u00f3n de datos para Facebook<\/strong><\/p>\n<p class=\"\">Nuestro sitio web utiliza funciones de Facebook Inc., 1601 S. California Ave, Palo Alto, CA 94304, EE. UU. Cuando accede a nuestras p\u00e1ginas con complementos de Facebook, se establece una conexi\u00f3n entre su navegador y los servidores de Facebook. Los datos ya se est\u00e1n transfiriendo a Facebook. Si tiene una cuenta de Facebook, estos datos se pueden vincular a ella. Si no desea que se asignen estos datos a su cuenta de Facebook, cierre sesi\u00f3n en Facebook antes de visitar nuestro sitio. Las interacciones, en particular el uso de una funci\u00f3n de comentarios o el clic de un bot\u00f3n \u00abMe gusta\u00bb o \u00abCompartir\u00bb tambi\u00e9n se transmiten a Facebook. Obtenga m\u00e1s informaci\u00f3n en https:\/\/es-es.facebook.com\/about\/privacy.<\/p>\n<p class=\"\"><strong class=\"\">Declaraci\u00f3n de protecci\u00f3n de datos para Twitter<\/strong><\/p>\n<p class=\"\">Nuestro sitio web utiliza caracter\u00edsticas de Twitter, Inc., 1355 Market St, Suite 900, San Francisco, CA 94103, EE. UU. Cuando accede a nuestras p\u00e1ginas con complementos de Twitter, se establece una conexi\u00f3n entre su navegador y los servidores de Twitter. Los datos ya se est\u00e1n transfiriendo a Twitter. Si tiene una cuenta de Twitter, estos datos se pueden vincular a ella. Si no desea que se asignen estos datos a su cuenta de Twitter, cierre sesi\u00f3n en Twitter antes de visitar nuestro sitio. Las interacciones, en particular al hacer clic en el bot\u00f3n \u00abre-tweet\u00bb, tambi\u00e9n se pasan a Twitter. Obtenga m\u00e1s informaci\u00f3n en https:\/\/twitter.com\/privacy.<\/p>\n<p class=\"\">Fuente: <a class=\"\" href=\"https:\/\/www.anwalt.de\/vorlage\/muster-datenschutzerklaerung.php\">Muster-Datenschutzerkl\u00e4rung von anwalt.de<\/a><\/p>\n<\/div>\n<\/div>\n<\/div>\n<\/div>\n<\/div>\n<\/div>\n<\/div>\n<\/div>\n<\/div>\n<\/div>\n<\/div>\n\n","protected":false},"excerpt":{"rendered":"","protected":false},"author":1,"featured_media":0,"parent":0,"menu_order":0,"comment_status":"closed","ping_status":"closed","template":"","meta":{"_monsterinsights_skip_tracking":false,"_monsterinsights_sitenote_active":false,"_monsterinsights_sitenote_note":"","_monsterinsights_sitenote_category":0,"footnotes":""},"class_list":["post-2940","page","type-page","status-publish","hentry"],"yoast_head":"<!-- This site is optimized with the Yoast SEO plugin v27.3 - https:\/\/yoast.com\/product\/yoast-seo-wordpress\/ -->\n<title>Protecci\u00f3n de datos - Rush Hour Strip club Berlin<\/title>\n<meta name=\"robots\" content=\"index, follow, max-snippet:-1, max-image-preview:large, max-video-preview:-1\" \/>\n<link rel=\"canonical\" href=\"https:\/\/rush-hour-berlin.de\/es\/datos\/\" \/>\n<meta property=\"og:locale\" content=\"es_ES\" \/>\n<meta property=\"og:type\" content=\"article\" \/>\n<meta property=\"og:title\" content=\"Protecci\u00f3n de datos - Rush Hour Strip club Berlin\" \/>\n<meta property=\"og:url\" content=\"https:\/\/rush-hour-berlin.de\/es\/datos\/\" \/>\n<meta property=\"og:site_name\" content=\"Rush Hour Strip club Berlin\" \/>\n<meta property=\"article:publisher\" content=\"https:\/\/www.facebook.com\/rushhourberlin\/\" \/>\n<meta property=\"article:modified_time\" content=\"2024-02-28T08:11:55+00:00\" \/>\n<meta name=\"twitter:card\" content=\"summary_large_image\" \/>\n<meta name=\"twitter:label1\" content=\"Tiempo de lectura\" \/>\n\t<meta name=\"twitter:data1\" content=\"4 minutos\" \/>\n<script type=\"application\/ld+json\" class=\"yoast-schema-graph\">{\"@context\":\"https:\\\/\\\/schema.org\",\"@graph\":[{\"@type\":\"WebPage\",\"@id\":\"https:\\\/\\\/rush-hour-berlin.de\\\/es\\\/datos\\\/\",\"url\":\"https:\\\/\\\/rush-hour-berlin.de\\\/es\\\/datos\\\/\",\"name\":\"Protecci\u00f3n de datos - Rush Hour Strip club Berlin\",\"isPartOf\":{\"@id\":\"https:\\\/\\\/rush-hour-berlin.de\\\/es\\\/#website\"},\"datePublished\":\"2020-04-21T10:56:13+00:00\",\"dateModified\":\"2024-02-28T08:11:55+00:00\",\"breadcrumb\":{\"@id\":\"https:\\\/\\\/rush-hour-berlin.de\\\/es\\\/datos\\\/#breadcrumb\"},\"inLanguage\":\"es\",\"potentialAction\":[{\"@type\":\"ReadAction\",\"target\":[\"https:\\\/\\\/rush-hour-berlin.de\\\/es\\\/datos\\\/\"]}]},{\"@type\":\"BreadcrumbList\",\"@id\":\"https:\\\/\\\/rush-hour-berlin.de\\\/es\\\/datos\\\/#breadcrumb\",\"itemListElement\":[{\"@type\":\"ListItem\",\"position\":1,\"name\":\"Startseite\",\"item\":\"https:\\\/\\\/rush-hour-berlin.de\\\/es\\\/\"},{\"@type\":\"ListItem\",\"position\":2,\"name\":\"Protecci\u00f3n de datos\"}]},{\"@type\":\"WebSite\",\"@id\":\"https:\\\/\\\/rush-hour-berlin.de\\\/es\\\/#website\",\"url\":\"https:\\\/\\\/rush-hour-berlin.de\\\/es\\\/\",\"name\":\"Rush Hour Tabledance Berlin\",\"description\":\"Nightclub &amp; Tabledance Club\",\"publisher\":{\"@id\":\"https:\\\/\\\/rush-hour-berlin.de\\\/es\\\/#organization\"},\"potentialAction\":[{\"@type\":\"SearchAction\",\"target\":{\"@type\":\"EntryPoint\",\"urlTemplate\":\"https:\\\/\\\/rush-hour-berlin.de\\\/es\\\/?s={search_term_string}\"},\"query-input\":{\"@type\":\"PropertyValueSpecification\",\"valueRequired\":true,\"valueName\":\"search_term_string\"}}],\"inLanguage\":\"es\"},{\"@type\":\"Organization\",\"@id\":\"https:\\\/\\\/rush-hour-berlin.de\\\/es\\\/#organization\",\"name\":\"Rush Hour\",\"url\":\"https:\\\/\\\/rush-hour-berlin.de\\\/es\\\/\",\"logo\":{\"@type\":\"ImageObject\",\"inLanguage\":\"es\",\"@id\":\"https:\\\/\\\/rush-hour-berlin.de\\\/es\\\/#\\\/schema\\\/logo\\\/image\\\/\",\"url\":\"https:\\\/\\\/rush-hour-berlin.de\\\/wp-content\\\/uploads\\\/2024\\\/02\\\/logo-retina.png\",\"contentUrl\":\"https:\\\/\\\/rush-hour-berlin.de\\\/wp-content\\\/uploads\\\/2024\\\/02\\\/logo-retina.png\",\"width\":514,\"height\":127,\"caption\":\"Rush Hour\"},\"image\":{\"@id\":\"https:\\\/\\\/rush-hour-berlin.de\\\/es\\\/#\\\/schema\\\/logo\\\/image\\\/\"},\"sameAs\":[\"https:\\\/\\\/www.facebook.com\\\/rushhourberlin\\\/\"]}]}<\/script>\n<!-- \/ Yoast SEO plugin. -->","yoast_head_json":{"title":"Protecci\u00f3n de datos - Rush Hour Strip club Berlin","robots":{"index":"index","follow":"follow","max-snippet":"max-snippet:-1","max-image-preview":"max-image-preview:large","max-video-preview":"max-video-preview:-1"},"canonical":"https:\/\/rush-hour-berlin.de\/es\/datos\/","og_locale":"es_ES","og_type":"article","og_title":"Protecci\u00f3n de datos - Rush Hour Strip club Berlin","og_url":"https:\/\/rush-hour-berlin.de\/es\/datos\/","og_site_name":"Rush Hour Strip club Berlin","article_publisher":"https:\/\/www.facebook.com\/rushhourberlin\/","article_modified_time":"2024-02-28T08:11:55+00:00","twitter_card":"summary_large_image","twitter_misc":{"Tiempo de lectura":"4 minutos"},"schema":{"@context":"https:\/\/schema.org","@graph":[{"@type":"WebPage","@id":"https:\/\/rush-hour-berlin.de\/es\/datos\/","url":"https:\/\/rush-hour-berlin.de\/es\/datos\/","name":"Protecci\u00f3n de datos - Rush Hour Strip club Berlin","isPartOf":{"@id":"https:\/\/rush-hour-berlin.de\/es\/#website"},"datePublished":"2020-04-21T10:56:13+00:00","dateModified":"2024-02-28T08:11:55+00:00","breadcrumb":{"@id":"https:\/\/rush-hour-berlin.de\/es\/datos\/#breadcrumb"},"inLanguage":"es","potentialAction":[{"@type":"ReadAction","target":["https:\/\/rush-hour-berlin.de\/es\/datos\/"]}]},{"@type":"BreadcrumbList","@id":"https:\/\/rush-hour-berlin.de\/es\/datos\/#breadcrumb","itemListElement":[{"@type":"ListItem","position":1,"name":"Startseite","item":"https:\/\/rush-hour-berlin.de\/es\/"},{"@type":"ListItem","position":2,"name":"Protecci\u00f3n de datos"}]},{"@type":"WebSite","@id":"https:\/\/rush-hour-berlin.de\/es\/#website","url":"https:\/\/rush-hour-berlin.de\/es\/","name":"Rush Hour Tabledance Berlin","description":"Nightclub &amp; Tabledance Club","publisher":{"@id":"https:\/\/rush-hour-berlin.de\/es\/#organization"},"potentialAction":[{"@type":"SearchAction","target":{"@type":"EntryPoint","urlTemplate":"https:\/\/rush-hour-berlin.de\/es\/?s={search_term_string}"},"query-input":{"@type":"PropertyValueSpecification","valueRequired":true,"valueName":"search_term_string"}}],"inLanguage":"es"},{"@type":"Organization","@id":"https:\/\/rush-hour-berlin.de\/es\/#organization","name":"Rush Hour","url":"https:\/\/rush-hour-berlin.de\/es\/","logo":{"@type":"ImageObject","inLanguage":"es","@id":"https:\/\/rush-hour-berlin.de\/es\/#\/schema\/logo\/image\/","url":"https:\/\/rush-hour-berlin.de\/wp-content\/uploads\/2024\/02\/logo-retina.png","contentUrl":"https:\/\/rush-hour-berlin.de\/wp-content\/uploads\/2024\/02\/logo-retina.png","width":514,"height":127,"caption":"Rush Hour"},"image":{"@id":"https:\/\/rush-hour-berlin.de\/es\/#\/schema\/logo\/image\/"},"sameAs":["https:\/\/www.facebook.com\/rushhourberlin\/"]}]}},"_links":{"self":[{"href":"https:\/\/rush-hour-berlin.de\/es\/wp-json\/wp\/v2\/pages\/2940","targetHints":{"allow":["GET"]}}],"collection":[{"href":"https:\/\/rush-hour-berlin.de\/es\/wp-json\/wp\/v2\/pages"}],"about":[{"href":"https:\/\/rush-hour-berlin.de\/es\/wp-json\/wp\/v2\/types\/page"}],"author":[{"embeddable":true,"href":"https:\/\/rush-hour-berlin.de\/es\/wp-json\/wp\/v2\/users\/1"}],"replies":[{"embeddable":true,"href":"https:\/\/rush-hour-berlin.de\/es\/wp-json\/wp\/v2\/comments?post=2940"}],"version-history":[{"count":2,"href":"https:\/\/rush-hour-berlin.de\/es\/wp-json\/wp\/v2\/pages\/2940\/revisions"}],"predecessor-version":[{"id":2942,"href":"https:\/\/rush-hour-berlin.de\/es\/wp-json\/wp\/v2\/pages\/2940\/revisions\/2942"}],"wp:attachment":[{"href":"https:\/\/rush-hour-berlin.de\/es\/wp-json\/wp\/v2\/media?parent=2940"}],"curies":[{"name":"wp","href":"https:\/\/api.w.org\/{rel}","templated":true}]}}