{"id":2937,"date":"2020-04-21T13:02:16","date_gmt":"2020-04-21T11:02:16","guid":{"rendered":"https:\/\/rush-hour-berlin.de\/impressum\/"},"modified":"2024-02-28T09:08:42","modified_gmt":"2024-02-28T08:08:42","slug":"colofon","status":"publish","type":"page","link":"https:\/\/rush-hour-berlin.de\/es\/colofon\/","title":{"rendered":"Colofon"},"content":{"rendered":"<style type=\"text\/css\"> \n#cmsmasters_row_69e066c0881ee9_27167506 .cmsmasters_row_outer_parent { \n\tpadding-top: 0px; \n} \n\n#cmsmasters_row_69e066c0881ee9_27167506 .cmsmasters_row_outer_parent { \n\tpadding-bottom: 50px; \n} \n\n<\/style><div id=\"cmsmasters_row_69e066c0881ee9_27167506\" class=\"cmsmasters_row cmsmasters_color_scheme_default cmsmasters_row_top_default cmsmasters_row_bot_default cmsmasters_row_boxed\">\n<div class=\"cmsmasters_row_outer_parent\">\n<div class=\"cmsmasters_row_outer\">\n<div class=\"cmsmasters_row_inner\">\n<div class=\"cmsmasters_row_margin\">\n<div class=\"cmsmasters_column one_first\">\n<div class=\"cmsmasters_text\">\n<div class=\"art-postcontent clearfix\">\n<div class=\"art-article\">\n<div>\n<div>\n<div class=\"art-postcontent clearfix\">\n<div class=\"art-article\">\n<div class=\"itemHeader\">\n<h2 class=\"itemTitle\">Night Club Rush-Hour<\/h2>\n<\/div>\n<div class=\"itemToolbar\">Direcci\u00f3n general:: Sarah-Fleur Karaca<br \/>\nTrautenaustra\u00dfe 23<br \/>\n10717 Berl\u00edn<\/div>\n<div class=\"itemBody\">\n<div class=\"itemFullText\">\n<p>Tel\u00e9fono: +49 (0)178 \/ 7861694<br \/>\nCorreo electr\u00f3nico: <span id=\"cloaka52465808aa6ac06e40841e69e3a9642\"><a href=\"mailto:info@rush-hour-berlin.de\">info@rush-hour-berlin.de<\/a><\/span><\/p>\n<p>Contenido responsable seg\u00fan en art. 6 del Tratado del Estado del servicio de Medios: Sarah-Fleur-Karaca<\/p>\n<p>DSGVO <a href=\"\/es\/datos\/\">Protecci\u00f3n de datos<\/a><\/p>\n<hr \/>\n<h3>Aviso legal<\/h3>\n<p>Rush Hour Berlin se esfuerza por proporcionar informaci\u00f3n y datos relevantes en su sitio web. Se excluye una responsabilidad o garant\u00eda por la actualidad, exactitud e integridad de la informaci\u00f3n y los datos proporcionados. Esto tambi\u00e9n se aplica a todos los otros sitios web listados directa o indirectamente a los que se hace referencia por medio de un hiperv\u00ednculo. Rush Hour Berlin no es responsable del contenido de dichos sitios web a los que se pueda acceder con estos enlaces, sino solo del contenido de documentos e im\u00e1genes HTML bajo el dominio www.rush-hour-berlin.de.<\/p>\n<p>Adem\u00e1s, Rush Hour Berlin no se hace responsable de los da\u00f1os directos o indirectos, incluidas las ganancias perdidas, que surgen del uso de la informaci\u00f3n o los datos que se encuentran en este sitio web.<br \/>\nLos derechos y obligaciones entre Rush Hour Berlin y el usuario de este sitio web o terceros tambi\u00e9n est\u00e1n excluidos. Rush Hour Berlin se reserva el derecho de realizar cambios o adiciones a la informaci\u00f3n o datos proporcionados en cualquier momento sin previo aviso.<\/p>\n<p>Adici\u00f3n:<br \/>\nPara evitar disputas legales innecesarias y los costos asociados, cont\u00e1ctenos con anticipaci\u00f3n en caso de problemas con la ley de competencia utilizando las opciones de comunicaci\u00f3n p\u00fablica disponibles aqu\u00ed. Con esta medida, usted cumple con su obligaci\u00f3n de mitigar los da\u00f1os de acuerdo con la ley. Si no contacta con \u00abRush Hour Berlin\u00bb de antemano utilizando las opciones de comunicaci\u00f3n disponibles aqu\u00ed, el costo de las advertencias legales ya ser\u00e1 rechazado por infundado en el sentido de la obligaci\u00f3n de mitigar el da\u00f1o. Seguiremos en\u00e9rgicamente las advertencias abusivas y las notas de costos en este contexto, tanto en virtud del derecho penal como del derecho civil.<\/p>\n<\/div>\n<\/div>\n<\/div>\n<\/div>\n<\/div>\n<\/div>\n<\/div>\n<\/div>\n<\/div>\n<\/div>\n<\/div>\n<\/div>\n<\/div>\n<\/div>\n<\/div>\n\n","protected":false},"excerpt":{"rendered":"","protected":false},"author":1,"featured_media":0,"parent":0,"menu_order":0,"comment_status":"closed","ping_status":"closed","template":"","meta":{"_monsterinsights_skip_tracking":false,"_monsterinsights_sitenote_active":false,"_monsterinsights_sitenote_note":"","_monsterinsights_sitenote_category":0,"footnotes":""},"class_list":["post-2937","page","type-page","status-publish","hentry"],"yoast_head":"<!-- This site is optimized with the Yoast SEO plugin v27.3 - https:\/\/yoast.com\/product\/yoast-seo-wordpress\/ -->\n<title>Colofon - Rush Hour Strip club Berlin<\/title>\n<meta name=\"robots\" content=\"index, follow, max-snippet:-1, max-image-preview:large, max-video-preview:-1\" \/>\n<link rel=\"canonical\" href=\"https:\/\/rush-hour-berlin.de\/es\/colofon\/\" \/>\n<meta property=\"og:locale\" content=\"es_ES\" \/>\n<meta property=\"og:type\" content=\"article\" \/>\n<meta property=\"og:title\" content=\"Colofon - Rush Hour Strip club Berlin\" \/>\n<meta property=\"og:url\" content=\"https:\/\/rush-hour-berlin.de\/es\/colofon\/\" \/>\n<meta property=\"og:site_name\" content=\"Rush Hour Strip club Berlin\" \/>\n<meta property=\"article:publisher\" content=\"https:\/\/www.facebook.com\/rushhourberlin\/\" \/>\n<meta property=\"article:modified_time\" content=\"2024-02-28T08:08:42+00:00\" \/>\n<meta name=\"twitter:card\" content=\"summary_large_image\" \/>\n<meta name=\"twitter:label1\" content=\"Tiempo de lectura\" \/>\n\t<meta name=\"twitter:data1\" content=\"2 minutos\" \/>\n<script type=\"application\/ld+json\" class=\"yoast-schema-graph\">{\"@context\":\"https:\\\/\\\/schema.org\",\"@graph\":[{\"@type\":\"WebPage\",\"@id\":\"https:\\\/\\\/rush-hour-berlin.de\\\/es\\\/colofon\\\/\",\"url\":\"https:\\\/\\\/rush-hour-berlin.de\\\/es\\\/colofon\\\/\",\"name\":\"Colofon - Rush Hour Strip club Berlin\",\"isPartOf\":{\"@id\":\"https:\\\/\\\/rush-hour-berlin.de\\\/es\\\/#website\"},\"datePublished\":\"2020-04-21T11:02:16+00:00\",\"dateModified\":\"2024-02-28T08:08:42+00:00\",\"breadcrumb\":{\"@id\":\"https:\\\/\\\/rush-hour-berlin.de\\\/es\\\/colofon\\\/#breadcrumb\"},\"inLanguage\":\"es\",\"potentialAction\":[{\"@type\":\"ReadAction\",\"target\":[\"https:\\\/\\\/rush-hour-berlin.de\\\/es\\\/colofon\\\/\"]}]},{\"@type\":\"BreadcrumbList\",\"@id\":\"https:\\\/\\\/rush-hour-berlin.de\\\/es\\\/colofon\\\/#breadcrumb\",\"itemListElement\":[{\"@type\":\"ListItem\",\"position\":1,\"name\":\"Startseite\",\"item\":\"https:\\\/\\\/rush-hour-berlin.de\\\/es\\\/\"},{\"@type\":\"ListItem\",\"position\":2,\"name\":\"Colofon\"}]},{\"@type\":\"WebSite\",\"@id\":\"https:\\\/\\\/rush-hour-berlin.de\\\/es\\\/#website\",\"url\":\"https:\\\/\\\/rush-hour-berlin.de\\\/es\\\/\",\"name\":\"Rush Hour Tabledance Berlin\",\"description\":\"Nightclub &amp; Tabledance Club\",\"publisher\":{\"@id\":\"https:\\\/\\\/rush-hour-berlin.de\\\/es\\\/#organization\"},\"potentialAction\":[{\"@type\":\"SearchAction\",\"target\":{\"@type\":\"EntryPoint\",\"urlTemplate\":\"https:\\\/\\\/rush-hour-berlin.de\\\/es\\\/?s={search_term_string}\"},\"query-input\":{\"@type\":\"PropertyValueSpecification\",\"valueRequired\":true,\"valueName\":\"search_term_string\"}}],\"inLanguage\":\"es\"},{\"@type\":\"Organization\",\"@id\":\"https:\\\/\\\/rush-hour-berlin.de\\\/es\\\/#organization\",\"name\":\"Rush Hour\",\"url\":\"https:\\\/\\\/rush-hour-berlin.de\\\/es\\\/\",\"logo\":{\"@type\":\"ImageObject\",\"inLanguage\":\"es\",\"@id\":\"https:\\\/\\\/rush-hour-berlin.de\\\/es\\\/#\\\/schema\\\/logo\\\/image\\\/\",\"url\":\"https:\\\/\\\/rush-hour-berlin.de\\\/wp-content\\\/uploads\\\/2024\\\/02\\\/logo-retina.png\",\"contentUrl\":\"https:\\\/\\\/rush-hour-berlin.de\\\/wp-content\\\/uploads\\\/2024\\\/02\\\/logo-retina.png\",\"width\":514,\"height\":127,\"caption\":\"Rush Hour\"},\"image\":{\"@id\":\"https:\\\/\\\/rush-hour-berlin.de\\\/es\\\/#\\\/schema\\\/logo\\\/image\\\/\"},\"sameAs\":[\"https:\\\/\\\/www.facebook.com\\\/rushhourberlin\\\/\"]}]}<\/script>\n<!-- \/ Yoast SEO plugin. -->","yoast_head_json":{"title":"Colofon - Rush Hour Strip club Berlin","robots":{"index":"index","follow":"follow","max-snippet":"max-snippet:-1","max-image-preview":"max-image-preview:large","max-video-preview":"max-video-preview:-1"},"canonical":"https:\/\/rush-hour-berlin.de\/es\/colofon\/","og_locale":"es_ES","og_type":"article","og_title":"Colofon - Rush Hour Strip club Berlin","og_url":"https:\/\/rush-hour-berlin.de\/es\/colofon\/","og_site_name":"Rush Hour Strip club Berlin","article_publisher":"https:\/\/www.facebook.com\/rushhourberlin\/","article_modified_time":"2024-02-28T08:08:42+00:00","twitter_card":"summary_large_image","twitter_misc":{"Tiempo de lectura":"2 minutos"},"schema":{"@context":"https:\/\/schema.org","@graph":[{"@type":"WebPage","@id":"https:\/\/rush-hour-berlin.de\/es\/colofon\/","url":"https:\/\/rush-hour-berlin.de\/es\/colofon\/","name":"Colofon - Rush Hour Strip club Berlin","isPartOf":{"@id":"https:\/\/rush-hour-berlin.de\/es\/#website"},"datePublished":"2020-04-21T11:02:16+00:00","dateModified":"2024-02-28T08:08:42+00:00","breadcrumb":{"@id":"https:\/\/rush-hour-berlin.de\/es\/colofon\/#breadcrumb"},"inLanguage":"es","potentialAction":[{"@type":"ReadAction","target":["https:\/\/rush-hour-berlin.de\/es\/colofon\/"]}]},{"@type":"BreadcrumbList","@id":"https:\/\/rush-hour-berlin.de\/es\/colofon\/#breadcrumb","itemListElement":[{"@type":"ListItem","position":1,"name":"Startseite","item":"https:\/\/rush-hour-berlin.de\/es\/"},{"@type":"ListItem","position":2,"name":"Colofon"}]},{"@type":"WebSite","@id":"https:\/\/rush-hour-berlin.de\/es\/#website","url":"https:\/\/rush-hour-berlin.de\/es\/","name":"Rush Hour Tabledance Berlin","description":"Nightclub &amp; Tabledance Club","publisher":{"@id":"https:\/\/rush-hour-berlin.de\/es\/#organization"},"potentialAction":[{"@type":"SearchAction","target":{"@type":"EntryPoint","urlTemplate":"https:\/\/rush-hour-berlin.de\/es\/?s={search_term_string}"},"query-input":{"@type":"PropertyValueSpecification","valueRequired":true,"valueName":"search_term_string"}}],"inLanguage":"es"},{"@type":"Organization","@id":"https:\/\/rush-hour-berlin.de\/es\/#organization","name":"Rush Hour","url":"https:\/\/rush-hour-berlin.de\/es\/","logo":{"@type":"ImageObject","inLanguage":"es","@id":"https:\/\/rush-hour-berlin.de\/es\/#\/schema\/logo\/image\/","url":"https:\/\/rush-hour-berlin.de\/wp-content\/uploads\/2024\/02\/logo-retina.png","contentUrl":"https:\/\/rush-hour-berlin.de\/wp-content\/uploads\/2024\/02\/logo-retina.png","width":514,"height":127,"caption":"Rush Hour"},"image":{"@id":"https:\/\/rush-hour-berlin.de\/es\/#\/schema\/logo\/image\/"},"sameAs":["https:\/\/www.facebook.com\/rushhourberlin\/"]}]}},"_links":{"self":[{"href":"https:\/\/rush-hour-berlin.de\/es\/wp-json\/wp\/v2\/pages\/2937","targetHints":{"allow":["GET"]}}],"collection":[{"href":"https:\/\/rush-hour-berlin.de\/es\/wp-json\/wp\/v2\/pages"}],"about":[{"href":"https:\/\/rush-hour-berlin.de\/es\/wp-json\/wp\/v2\/types\/page"}],"author":[{"embeddable":true,"href":"https:\/\/rush-hour-berlin.de\/es\/wp-json\/wp\/v2\/users\/1"}],"replies":[{"embeddable":true,"href":"https:\/\/rush-hour-berlin.de\/es\/wp-json\/wp\/v2\/comments?post=2937"}],"version-history":[{"count":3,"href":"https:\/\/rush-hour-berlin.de\/es\/wp-json\/wp\/v2\/pages\/2937\/revisions"}],"predecessor-version":[{"id":9519,"href":"https:\/\/rush-hour-berlin.de\/es\/wp-json\/wp\/v2\/pages\/2937\/revisions\/9519"}],"wp:attachment":[{"href":"https:\/\/rush-hour-berlin.de\/es\/wp-json\/wp\/v2\/media?parent=2937"}],"curies":[{"name":"wp","href":"https:\/\/api.w.org\/{rel}","templated":true}]}}