{"id":2902,"date":"2020-04-09T11:29:01","date_gmt":"2020-04-09T09:29:01","guid":{"rendered":"https:\/\/rush-hour-berlin.de\/jobs\/"},"modified":"2024-09-28T13:28:11","modified_gmt":"2024-09-28T11:28:11","slug":"trabajos","status":"publish","type":"page","link":"https:\/\/rush-hour-berlin.de\/es\/trabajos\/","title":{"rendered":"Trabajos \u2013 buscamos bailarinas"},"content":{"rendered":"<style type=\"text\/css\"> \n#cmsmasters_row_69f53bcbf0d401_32255176 { \n\tbackground-color:#000000;\n\tbackground-image: url(https:\/\/rush-hour-berlin.de\/wp-content\/uploads\/2024\/02\/goldbar.webp); \n\tbackground-position: top center; \n\tbackground-repeat: no-repeat; \n\tbackground-attachment: scroll; \n\tbackground-size: cover; \n} \n\n#cmsmasters_row_69f53bcbf0d401_32255176 .cmsmasters_row_outer_parent { \n\tpadding-top: 50px; \n} \n\n#cmsmasters_row_69f53bcbf0d401_32255176 .cmsmasters_row_outer_parent { \n\tpadding-bottom: 50px; \n} \n\n \n#cmsmasters_divider_69f53bcbf16841_13856401 { \n\tborder-bottom-width:0px; \n\tborder-bottom-style:solid; \n\tpadding-top:40px; \n\tmargin-bottom:40px; \n} \n \n#cmsmasters_heading_69f53bcbf16f07_90471194 { \n\ttext-align:center; \n\tmargin-top:0px; \n\tmargin-bottom:20px; \n} \n\n#cmsmasters_heading_69f53bcbf16f07_90471194 .cmsmasters_heading { \n\ttext-align:center; \n} \n\n#cmsmasters_heading_69f53bcbf16f07_90471194 .cmsmasters_heading, #cmsmasters_heading_69f53bcbf16f07_90471194 .cmsmasters_heading a { \n\tfont-weight:normal; \n\tfont-style:normal; \n} \n\n#cmsmasters_heading_69f53bcbf16f07_90471194 .cmsmasters_heading_divider { \n} \n\n@media (max-width: 1024px) {\n\n#cmsmasters_heading_69f53bcbf16f07_90471194 .cmsmasters_heading, #cmsmasters_heading_69f53bcbf16f07_90471194 .cmsmasters_heading a { \n} \n\n} \n\n \n#cmsmasters_divider_69f53bcbf18514_45352677 { \n\tborder-bottom-width:0px; \n\tborder-bottom-style:solid; \n\tpadding-top:0px; \n\tmargin-bottom:40px; \n} \n \n#cmsmasters_row_69f53bcbf21e07_97239772 .cmsmasters_row_outer_parent { \n\tpadding-top: 0px; \n} \n\n#cmsmasters_row_69f53bcbf21e07_97239772 .cmsmasters_row_outer_parent { \n\tpadding-bottom: 50px; \n} \n\n<\/style><div id=\"cmsmasters_row_69f53bcbf0d401_32255176\" class=\"cmsmasters_row cmsmasters_color_scheme_default cmsmasters_row_top_default cmsmasters_row_bot_default cmsmasters_row_boxed\">\n<div class=\"cmsmasters_row_outer_parent\">\n<div class=\"cmsmasters_row_outer\">\n<div class=\"cmsmasters_row_inner\">\n<div class=\"cmsmasters_row_margin\">\n<div class=\"cmsmasters_column one_first\">\n\n<div id=\"cmsmasters_divider_69f53bcbf16841_13856401\" class=\"cl\"><\/div>\n\n<div id=\"cmsmasters_heading_69f53bcbf16f07_90471194\" class=\"cmsmasters_heading_wrap cmsmasters_heading_align_center\">\n\t<h1 class=\"cmsmasters_heading\">\u00a1\u00danete a nuestro equipo!<\/h1>\n<\/div><div class=\"cmsmasters_text\">\n<p align=\"center\">Rush Hour Berl\u00edn necesita nuevas bailarinas constantemente.<br \/>\nCon nosotros encontrar\u00e1 unas condiciones de trabajo agradables en un equipo amigable, as\u00ed como un buen salario.<\/p>\n<p align=\"center\">Nuestras bailarinas profesionales ofrecen de manera gratuita un curso de introducci\u00f3n para las modelos sin experiencia.<\/p>\n<p align=\"center\">Damos una calurosa bienvenida a mujeres de toda Europa.<br \/>\nTe ayudaremos con tus papeles de trabajo y tenemos un gran piso con varias habitaciones disponibles para ti.<\/p>\n<p align=\"center\">\u00a1Nos ocupamos de usted!<\/p>\n<p align=\"center\">Si quiere trabajar como bailarina en el mejor Night &amp; Tabledance Club de Berl\u00edn, env\u00edenos su solicitud incluyendo fotos a trav\u00e9s del siguiente formulario.<\/p>\n<p align=\"center\">\u00a1Esperamos su solicitud!<\/p>\n<\/div>\n\n<div id=\"cmsmasters_divider_69f53bcbf18514_45352677\" class=\"cl\"><\/div>\n<div class=\"aligncenter\">\n<div class=\"cmsmasters_img  cmsmasters_image_c\">\n<a href=\"https:\/\/form.jotform.com\/242712210810037\"><img decoding=\"async\" src=\"https:\/\/rush-hour-berlin.de\/wp-content\/uploads\/2024\/09\/Apply-now-es.webp\" alt=\"Solicite\" \/><\/a>\n<\/div>\n<\/div>\n<\/div>\n<div class=\"cmsmasters_column one_first\">\n<\/div>\n<\/div>\n<\/div>\n<\/div>\n<\/div>\n<\/div>\n<div id=\"cmsmasters_row_69f53bcbf21e07_97239772\" class=\"cmsmasters_row cmsmasters_color_scheme_default cmsmasters_row_top_default cmsmasters_row_bot_default cmsmasters_row_boxed\">\n<div class=\"cmsmasters_row_outer_parent\">\n<div class=\"cmsmasters_row_outer\">\n<div class=\"cmsmasters_row_inner\">\n<div class=\"cmsmasters_row_margin\">\n<div class=\"cmsmasters_column one_first\">\n<\/div>\n<\/div>\n<\/div>\n<div class=\"cmsmasters_row_inner\">\n<div class=\"cmsmasters_row_margin\">\n<div class=\"cmsmasters_column one_first\">\n<\/div>\n<\/div>\n<\/div>\n<\/div>\n<\/div>\n<\/div>\n\n","protected":false},"excerpt":{"rendered":"","protected":false},"author":1,"featured_media":2613,"parent":0,"menu_order":0,"comment_status":"closed","ping_status":"open","template":"","meta":{"_monsterinsights_skip_tracking":false,"_monsterinsights_sitenote_active":false,"_monsterinsights_sitenote_note":"","_monsterinsights_sitenote_category":0,"footnotes":""},"class_list":["post-2902","page","type-page","status-publish","has-post-thumbnail","hentry"],"yoast_head":"<!-- This site is optimized with the Yoast SEO plugin v27.4 - https:\/\/yoast.com\/product\/yoast-seo-wordpress\/ -->\n<title>Trabajos \u2013 buscamos bailarinas - Rush Hour Strip club Berlin<\/title>\n<meta name=\"description\" content=\"Rush Hour Berl\u00edn necesita nuevas bailarinas constantemente. Le ofrecemos ayuda con sus documentos de trabajo, as\u00ed como con el alojamiento.\" \/>\n<meta name=\"robots\" content=\"index, follow, max-snippet:-1, max-image-preview:large, max-video-preview:-1\" \/>\n<link rel=\"canonical\" href=\"https:\/\/rush-hour-berlin.de\/es\/trabajos\/\" \/>\n<meta property=\"og:locale\" content=\"es_ES\" \/>\n<meta property=\"og:type\" content=\"article\" \/>\n<meta property=\"og:title\" content=\"Trabajos \u2013 buscamos bailarinas - Rush Hour Strip club Berlin\" \/>\n<meta property=\"og:description\" content=\"Rush Hour Berl\u00edn necesita nuevas bailarinas constantemente. Le ofrecemos ayuda con sus documentos de trabajo, as\u00ed como con el alojamiento.\" \/>\n<meta property=\"og:url\" content=\"https:\/\/rush-hour-berlin.de\/es\/trabajos\/\" \/>\n<meta property=\"og:site_name\" content=\"Rush Hour Strip club Berlin\" \/>\n<meta property=\"article:publisher\" content=\"https:\/\/www.facebook.com\/rushhourberlin\/\" \/>\n<meta property=\"article:modified_time\" content=\"2024-09-28T11:28:11+00:00\" \/>\n<meta property=\"og:image\" content=\"https:\/\/rush-hour-berlin.de\/wp-content\/uploads\/2020\/04\/teanzer-gesucht.jpg\" \/>\n\t<meta property=\"og:image:width\" content=\"1920\" \/>\n\t<meta property=\"og:image:height\" content=\"1080\" \/>\n\t<meta property=\"og:image:type\" content=\"image\/jpeg\" \/>\n<meta name=\"twitter:card\" content=\"summary_large_image\" \/>\n<meta name=\"twitter:label1\" content=\"Tiempo de lectura\" \/>\n\t<meta name=\"twitter:data1\" content=\"2 minutos\" \/>\n<script type=\"application\/ld+json\" class=\"yoast-schema-graph\">{\"@context\":\"https:\\\/\\\/schema.org\",\"@graph\":[{\"@type\":\"WebPage\",\"@id\":\"https:\\\/\\\/rush-hour-berlin.de\\\/es\\\/trabajos\\\/\",\"url\":\"https:\\\/\\\/rush-hour-berlin.de\\\/es\\\/trabajos\\\/\",\"name\":\"Trabajos \u2013 buscamos bailarinas - Rush Hour Strip club Berlin\",\"isPartOf\":{\"@id\":\"https:\\\/\\\/rush-hour-berlin.de\\\/es\\\/#website\"},\"primaryImageOfPage\":{\"@id\":\"https:\\\/\\\/rush-hour-berlin.de\\\/es\\\/trabajos\\\/#primaryimage\"},\"image\":{\"@id\":\"https:\\\/\\\/rush-hour-berlin.de\\\/es\\\/trabajos\\\/#primaryimage\"},\"thumbnailUrl\":\"https:\\\/\\\/rush-hour-berlin.de\\\/wp-content\\\/uploads\\\/2020\\\/04\\\/teanzer-gesucht.jpg\",\"datePublished\":\"2020-04-09T09:29:01+00:00\",\"dateModified\":\"2024-09-28T11:28:11+00:00\",\"description\":\"Rush Hour Berl\u00edn necesita nuevas bailarinas constantemente. Le ofrecemos ayuda con sus documentos de trabajo, as\u00ed como con el alojamiento.\",\"breadcrumb\":{\"@id\":\"https:\\\/\\\/rush-hour-berlin.de\\\/es\\\/trabajos\\\/#breadcrumb\"},\"inLanguage\":\"es\",\"potentialAction\":[{\"@type\":\"ReadAction\",\"target\":[\"https:\\\/\\\/rush-hour-berlin.de\\\/es\\\/trabajos\\\/\"]}]},{\"@type\":\"ImageObject\",\"inLanguage\":\"es\",\"@id\":\"https:\\\/\\\/rush-hour-berlin.de\\\/es\\\/trabajos\\\/#primaryimage\",\"url\":\"https:\\\/\\\/rush-hour-berlin.de\\\/wp-content\\\/uploads\\\/2020\\\/04\\\/teanzer-gesucht.jpg\",\"contentUrl\":\"https:\\\/\\\/rush-hour-berlin.de\\\/wp-content\\\/uploads\\\/2020\\\/04\\\/teanzer-gesucht.jpg\",\"width\":1920,\"height\":1080,\"caption\":\"BUSCAMOS BAILARINAS\"},{\"@type\":\"BreadcrumbList\",\"@id\":\"https:\\\/\\\/rush-hour-berlin.de\\\/es\\\/trabajos\\\/#breadcrumb\",\"itemListElement\":[{\"@type\":\"ListItem\",\"position\":1,\"name\":\"Startseite\",\"item\":\"https:\\\/\\\/rush-hour-berlin.de\\\/es\\\/\"},{\"@type\":\"ListItem\",\"position\":2,\"name\":\"Trabajos \u2013 buscamos bailarinas\"}]},{\"@type\":\"WebSite\",\"@id\":\"https:\\\/\\\/rush-hour-berlin.de\\\/es\\\/#website\",\"url\":\"https:\\\/\\\/rush-hour-berlin.de\\\/es\\\/\",\"name\":\"Rush Hour Tabledance Berlin\",\"description\":\"Nightclub &amp; Tabledance Club\",\"publisher\":{\"@id\":\"https:\\\/\\\/rush-hour-berlin.de\\\/es\\\/#organization\"},\"potentialAction\":[{\"@type\":\"SearchAction\",\"target\":{\"@type\":\"EntryPoint\",\"urlTemplate\":\"https:\\\/\\\/rush-hour-berlin.de\\\/es\\\/?s={search_term_string}\"},\"query-input\":{\"@type\":\"PropertyValueSpecification\",\"valueRequired\":true,\"valueName\":\"search_term_string\"}}],\"inLanguage\":\"es\"},{\"@type\":\"Organization\",\"@id\":\"https:\\\/\\\/rush-hour-berlin.de\\\/es\\\/#organization\",\"name\":\"Rush Hour\",\"url\":\"https:\\\/\\\/rush-hour-berlin.de\\\/es\\\/\",\"logo\":{\"@type\":\"ImageObject\",\"inLanguage\":\"es\",\"@id\":\"https:\\\/\\\/rush-hour-berlin.de\\\/es\\\/#\\\/schema\\\/logo\\\/image\\\/\",\"url\":\"https:\\\/\\\/rush-hour-berlin.de\\\/wp-content\\\/uploads\\\/2024\\\/02\\\/logo-retina.png\",\"contentUrl\":\"https:\\\/\\\/rush-hour-berlin.de\\\/wp-content\\\/uploads\\\/2024\\\/02\\\/logo-retina.png\",\"width\":514,\"height\":127,\"caption\":\"Rush Hour\"},\"image\":{\"@id\":\"https:\\\/\\\/rush-hour-berlin.de\\\/es\\\/#\\\/schema\\\/logo\\\/image\\\/\"},\"sameAs\":[\"https:\\\/\\\/www.facebook.com\\\/rushhourberlin\\\/\"]}]}<\/script>\n<!-- \/ Yoast SEO plugin. -->","yoast_head_json":{"title":"Trabajos \u2013 buscamos bailarinas - Rush Hour Strip club Berlin","description":"Rush Hour Berl\u00edn necesita nuevas bailarinas constantemente. Le ofrecemos ayuda con sus documentos de trabajo, as\u00ed como con el alojamiento.","robots":{"index":"index","follow":"follow","max-snippet":"max-snippet:-1","max-image-preview":"max-image-preview:large","max-video-preview":"max-video-preview:-1"},"canonical":"https:\/\/rush-hour-berlin.de\/es\/trabajos\/","og_locale":"es_ES","og_type":"article","og_title":"Trabajos \u2013 buscamos bailarinas - Rush Hour Strip club Berlin","og_description":"Rush Hour Berl\u00edn necesita nuevas bailarinas constantemente. Le ofrecemos ayuda con sus documentos de trabajo, as\u00ed como con el alojamiento.","og_url":"https:\/\/rush-hour-berlin.de\/es\/trabajos\/","og_site_name":"Rush Hour Strip club Berlin","article_publisher":"https:\/\/www.facebook.com\/rushhourberlin\/","article_modified_time":"2024-09-28T11:28:11+00:00","og_image":[{"width":1920,"height":1080,"url":"https:\/\/rush-hour-berlin.de\/wp-content\/uploads\/2020\/04\/teanzer-gesucht.jpg","type":"image\/jpeg"}],"twitter_card":"summary_large_image","twitter_misc":{"Tiempo de lectura":"2 minutos"},"schema":{"@context":"https:\/\/schema.org","@graph":[{"@type":"WebPage","@id":"https:\/\/rush-hour-berlin.de\/es\/trabajos\/","url":"https:\/\/rush-hour-berlin.de\/es\/trabajos\/","name":"Trabajos \u2013 buscamos bailarinas - Rush Hour Strip club Berlin","isPartOf":{"@id":"https:\/\/rush-hour-berlin.de\/es\/#website"},"primaryImageOfPage":{"@id":"https:\/\/rush-hour-berlin.de\/es\/trabajos\/#primaryimage"},"image":{"@id":"https:\/\/rush-hour-berlin.de\/es\/trabajos\/#primaryimage"},"thumbnailUrl":"https:\/\/rush-hour-berlin.de\/wp-content\/uploads\/2020\/04\/teanzer-gesucht.jpg","datePublished":"2020-04-09T09:29:01+00:00","dateModified":"2024-09-28T11:28:11+00:00","description":"Rush Hour Berl\u00edn necesita nuevas bailarinas constantemente. Le ofrecemos ayuda con sus documentos de trabajo, as\u00ed como con el alojamiento.","breadcrumb":{"@id":"https:\/\/rush-hour-berlin.de\/es\/trabajos\/#breadcrumb"},"inLanguage":"es","potentialAction":[{"@type":"ReadAction","target":["https:\/\/rush-hour-berlin.de\/es\/trabajos\/"]}]},{"@type":"ImageObject","inLanguage":"es","@id":"https:\/\/rush-hour-berlin.de\/es\/trabajos\/#primaryimage","url":"https:\/\/rush-hour-berlin.de\/wp-content\/uploads\/2020\/04\/teanzer-gesucht.jpg","contentUrl":"https:\/\/rush-hour-berlin.de\/wp-content\/uploads\/2020\/04\/teanzer-gesucht.jpg","width":1920,"height":1080,"caption":"BUSCAMOS BAILARINAS"},{"@type":"BreadcrumbList","@id":"https:\/\/rush-hour-berlin.de\/es\/trabajos\/#breadcrumb","itemListElement":[{"@type":"ListItem","position":1,"name":"Startseite","item":"https:\/\/rush-hour-berlin.de\/es\/"},{"@type":"ListItem","position":2,"name":"Trabajos \u2013 buscamos bailarinas"}]},{"@type":"WebSite","@id":"https:\/\/rush-hour-berlin.de\/es\/#website","url":"https:\/\/rush-hour-berlin.de\/es\/","name":"Rush Hour Tabledance Berlin","description":"Nightclub &amp; Tabledance Club","publisher":{"@id":"https:\/\/rush-hour-berlin.de\/es\/#organization"},"potentialAction":[{"@type":"SearchAction","target":{"@type":"EntryPoint","urlTemplate":"https:\/\/rush-hour-berlin.de\/es\/?s={search_term_string}"},"query-input":{"@type":"PropertyValueSpecification","valueRequired":true,"valueName":"search_term_string"}}],"inLanguage":"es"},{"@type":"Organization","@id":"https:\/\/rush-hour-berlin.de\/es\/#organization","name":"Rush Hour","url":"https:\/\/rush-hour-berlin.de\/es\/","logo":{"@type":"ImageObject","inLanguage":"es","@id":"https:\/\/rush-hour-berlin.de\/es\/#\/schema\/logo\/image\/","url":"https:\/\/rush-hour-berlin.de\/wp-content\/uploads\/2024\/02\/logo-retina.png","contentUrl":"https:\/\/rush-hour-berlin.de\/wp-content\/uploads\/2024\/02\/logo-retina.png","width":514,"height":127,"caption":"Rush Hour"},"image":{"@id":"https:\/\/rush-hour-berlin.de\/es\/#\/schema\/logo\/image\/"},"sameAs":["https:\/\/www.facebook.com\/rushhourberlin\/"]}]}},"_links":{"self":[{"href":"https:\/\/rush-hour-berlin.de\/es\/wp-json\/wp\/v2\/pages\/2902","targetHints":{"allow":["GET"]}}],"collection":[{"href":"https:\/\/rush-hour-berlin.de\/es\/wp-json\/wp\/v2\/pages"}],"about":[{"href":"https:\/\/rush-hour-berlin.de\/es\/wp-json\/wp\/v2\/types\/page"}],"author":[{"embeddable":true,"href":"https:\/\/rush-hour-berlin.de\/es\/wp-json\/wp\/v2\/users\/1"}],"replies":[{"embeddable":true,"href":"https:\/\/rush-hour-berlin.de\/es\/wp-json\/wp\/v2\/comments?post=2902"}],"version-history":[{"count":6,"href":"https:\/\/rush-hour-berlin.de\/es\/wp-json\/wp\/v2\/pages\/2902\/revisions"}],"predecessor-version":[{"id":14436,"href":"https:\/\/rush-hour-berlin.de\/es\/wp-json\/wp\/v2\/pages\/2902\/revisions\/14436"}],"wp:featuredmedia":[{"embeddable":true,"href":"https:\/\/rush-hour-berlin.de\/es\/wp-json\/wp\/v2\/media\/2613"}],"wp:attachment":[{"href":"https:\/\/rush-hour-berlin.de\/es\/wp-json\/wp\/v2\/media?parent=2902"}],"curies":[{"name":"wp","href":"https:\/\/api.w.org\/{rel}","templated":true}]}}